{"id":976,"date":"2020-02-21T14:11:08","date_gmt":"2020-02-21T14:11:08","guid":{"rendered":"https:\/\/tolvuland.is\/?page_id=976"},"modified":"2026-02-19T21:03:32","modified_gmt":"2026-02-19T21:03:32","slug":"virushreinsun-eydum-virusum-ut-af-pc-tolvum","status":"publish","type":"page","link":"https:\/\/tolvuland.is\/en\/virushreinsun-eydum-virusum-ut-af-pc-tolvum\/","title":{"rendered":"V\u00edrushreinsun-Ey\u00f0um v\u00edrusum \u00fat af PC t\u00f6lvum"},"content":{"rendered":"<p>[et_pb_section fb_built=&#8220;1&#8243; admin_label=&#8220;Header&#8220; _builder_version=&#8220;4.24.0&#8243; background_color=&#8220;#2f365f&#8220; background_enable_image=&#8220;off&#8220; custom_margin=&#8220;||||false&#8220; custom_padding=&#8220;||||true|false&#8220; global_colors_info=&#8220;{}&#8220;][et_pb_row _builder_version=&#8220;4.16&#8243; max_width=&#8220;700px&#8220; use_custom_width=&#8220;on&#8220; custom_width_px=&#8220;700px&#8220; global_colors_info=&#8220;{}&#8220;][et_pb_column type=&#8220;4_4&#8243; _builder_version=&#8220;4.16&#8243; custom_padding=&#8220;|||&#8220; global_colors_info=&#8220;{}&#8220; custom_padding__hover=&#8220;|||&#8220;][et_pb_text _builder_version=&#8220;4.24.0&#8243; _module_preset=&#8220;default&#8220; text_text_color=&#8220;#FFFFFF&#8220; header_font=&#8220;Lato|700||on|||||&#8220; header_text_align=&#8220;center&#8220; header_text_color=&#8220;#EDF000&#8243; header_font_size=&#8220;62px&#8220; header_line_height=&#8220;1.2em&#8220; text_orientation=&#8220;center&#8220; header_font_size_tablet=&#8220;62px&#8220; header_font_size_phone=&#8220;36px&#8220; header_font_size_last_edited=&#8220;on|desktop&#8220; global_colors_info=&#8220;{}&#8220;]<\/p>\n<h1>V\u00edrushreinsun<\/h1>\n<p>[\/et_pb_text][et_pb_button button_url=&#8220;@ET-DC@eyJkeW5hbWljIjp0cnVlLCJjb250ZW50IjoicG9zdF9saW5rX3VybF9wYWdlIiwic2V0dGluZ3MiOnsicG9zdF9pZCI6IjI1MTgifX0=@&#8220; button_text=&#8220;B\u00f3ka t\u00edma \u00e1 t\u00f6lvuverkst\u00e6\u00f0i&#8220; button_alignment=&#8220;center&#8220; _builder_version=&#8220;4.27.5&#8243; _dynamic_attributes=&#8220;button_url&#8220; custom_button=&#8220;on&#8220; button_text_size=&#8220;20px&#8220; button_text_color=&#8220;#EDF000&#8243; button_border_color=&#8220;#FFFFFF&#8220; button_border_radius=&#8220;3px&#8220; button_letter_spacing=&#8220;0px&#8220; button_font=&#8220;|500||on|||||&#8220; button_use_icon=&#8220;off&#8220; custom_padding=&#8220;16px|32px|16px|32px|true|true&#8220; hover_enabled=&#8220;0&#8243; button_border_radius_tablet=&#8220;0px&#8220; button_border_radius_phone=&#8220;3px&#8220; button_border_radius_last_edited=&#8220;on|desktop&#8220; button_letter_spacing_tablet=&#8220;1px&#8220; button_letter_spacing_phone=&#8220;0px&#8220; button_letter_spacing_last_edited=&#8220;on|desktop&#8220; box_shadow_style=&#8220;preset1&#8243; box_shadow_color=&#8220;rgba(239,59,36,0.24)&#8220; button_letter_spacing_hover=&#8220;2px&#8220; global_colors_info=&#8220;{}&#8220; button_text_size__hover_enabled=&#8220;off&#8220; button_one_text_size__hover_enabled=&#8220;off&#8220; button_two_text_size__hover_enabled=&#8220;off&#8220; button_text_color__hover_enabled=&#8220;off&#8220; button_one_text_color__hover_enabled=&#8220;off&#8220; button_two_text_color__hover_enabled=&#8220;off&#8220; button_border_width__hover_enabled=&#8220;off&#8220; button_one_border_width__hover_enabled=&#8220;off&#8220; button_two_border_width__hover_enabled=&#8220;off&#8220; button_border_color__hover_enabled=&#8220;off&#8220; button_one_border_color__hover_enabled=&#8220;off&#8220; button_two_border_color__hover_enabled=&#8220;off&#8220; button_border_radius__hover_enabled=&#8220;off&#8220; button_one_border_radius__hover_enabled=&#8220;off&#8220; button_two_border_radius__hover_enabled=&#8220;off&#8220; button_letter_spacing__hover_enabled=&#8220;on|desktop&#8220; button_letter_spacing__hover=&#8220;2px&#8220; button_one_letter_spacing__hover_enabled=&#8220;off&#8220; button_two_letter_spacing__hover_enabled=&#8220;off&#8220; button_bg_color__hover_enabled=&#8220;off&#8220; button_one_bg_color__hover_enabled=&#8220;off&#8220; button_two_bg_color__hover_enabled=&#8220;off&#8220; button_bg_color=&#8220;RGBA(255,255,255,0)&#8220; button_bg_enable_color=&#8220;on&#8220; button_text_size_last_edited=&#8220;on|phone&#8220; sticky_enabled=&#8220;0&#8243; button_text_size_phone=&#8220;15px&#8220; button_text_size_tablet=&#8220;20px&#8220;][\/et_pb_button][\/et_pb_column][\/et_pb_row][\/et_pb_section][et_pb_section fb_built=&#8220;1&#8243; admin_label=&#8220;Why choose us&#8220; _builder_version=&#8220;4.16&#8243; global_colors_info=&#8220;{}&#8220;][et_pb_row _builder_version=&#8220;4.27.4&#8243; _module_preset=&#8220;default&#8220; global_colors_info=&#8220;{}&#8220;][et_pb_column type=&#8220;4_4&#8243; _builder_version=&#8220;4.27.4&#8243; _module_preset=&#8220;default&#8220; global_colors_info=&#8220;{}&#8220;][et_pb_text _builder_version=&#8220;4.27.4&#8243; _module_preset=&#8220;default&#8220; text_font_size=&#8220;16px&#8220; header_3_font=&#8220;Lato|700|||||||&#8220; header_3_text_align=&#8220;center&#8220; header_3_font_size=&#8220;26px&#8220; header_3_line_height=&#8220;1.1em&#8220; header_3_font_size_tablet=&#8220;26px&#8220; header_3_font_size_phone=&#8220;20px&#8220; header_3_font_size_last_edited=&#8220;on|desktop&#8220; text_orientation_tablet=&#8220;&#8220; text_orientation_phone=&#8220;left&#8220; text_orientation_last_edited=&#8220;on|phone&#8220; global_colors_info=&#8220;{}&#8220;]<\/p>\n<h3>Vi\u00f0 ey\u00f0um v\u00edrusum og a\u00f0skotahlutum<\/h3>\n<p>T\u00f6lvan \u00fe\u00edn er sk\u00f6nnu\u00f0 me\u00f0 \u00f6flugum v\u00edrusvarnarhugb\u00fana\u00f0i, v\u00edrusar hreinsa\u00f0ir \u00fat og keyrslur \u00e1 v\u00edrusum og a\u00f0skotahlutum eru st\u00f6\u00f0va\u00f0ar.<br \/>V\u00edrus er ekki alltaf eitthva\u00f0 forrit sem skemmir hugb\u00fana\u00f0 t\u00f6lvunnar og gerir hana h\u00e6ga \u00ed vinnslu. V\u00edrusar er margskonar og geta t.d. teki\u00f0 t\u00f6lvuna \u00fe\u00edna \u00ed g\u00edslingu, nota\u00f0 hana sem dreifingarmi\u00f0st\u00f6\u00f0 til a\u00f0 s\u00fdkja a\u00f0rar t\u00f6lvur e\u00f0a jafnvel til a\u00f0 gera \u00e1r\u00e1s \u00e1 netkerfi.<\/p>\n<p>[\/et_pb_text][\/et_pb_column][\/et_pb_row][\/et_pb_section]<\/p>\n","protected":false},"excerpt":{"rendered":"<p>V\u00edrushreinsunVi\u00f0 ey\u00f0um v\u00edrusum og a\u00f0skotahlutum T\u00f6lvan \u00fe\u00edn er sk\u00f6nnu\u00f0 me\u00f0 \u00f6flugum v\u00edrusvarnarhugb\u00fana\u00f0i, v\u00edrusar hreinsa\u00f0ir \u00fat og keyrslur \u00e1 v\u00edrusum og a\u00f0skotahlutum eru st\u00f6\u00f0va\u00f0ar.V\u00edrus er ekki alltaf eitthva\u00f0 forrit sem skemmir hugb\u00fana\u00f0 t\u00f6lvunnar og gerir hana h\u00e6ga \u00ed vinnslu. V\u00edrusar er margskonar og geta t.d. teki\u00f0 t\u00f6lvuna \u00fe\u00edna \u00ed g\u00edslingu, nota\u00f0 hana sem dreifingarmi\u00f0st\u00f6\u00f0 til a\u00f0 [&hellip;]<\/p>\n","protected":false},"author":1,"featured_media":0,"parent":0,"menu_order":0,"comment_status":"closed","ping_status":"closed","template":"","meta":{"_et_pb_use_builder":"on","_et_pb_old_content":"","_et_gb_content_width":"","footnotes":""},"class_list":["post-976","page","type-page","status-publish","hentry"],"yoast_head":"<!-- This site is optimized with the Yoast SEO plugin v27.4 - https:\/\/yoast.com\/product\/yoast-seo-wordpress\/ -->\n<title>V\u00edrushreinsun-Ey\u00f0um v\u00edrusum \u00fat af PC t\u00f6lvum - Tolvuland.is<\/title>\n<meta name=\"description\" content=\"V\u00edrushreinsun. T\u00f6lvan \u00fe\u00edn er sk\u00f6nnu\u00f0 me\u00f0 \u00f6flugum v\u00edrusvarnarhugb\u00fana\u00f0i, v\u00edrusar hreinsa\u00f0ir \u00fat og keyrslur \u00e1 v\u00edrusum og a\u00f0skotahlutum eru st\u00f6\u00f0va\u00f0ar.\" \/>\n<meta name=\"robots\" content=\"index, follow, max-snippet:-1, max-image-preview:large, max-video-preview:-1\" \/>\n<link rel=\"canonical\" href=\"https:\/\/tolvuland.is\/en\/virushreinsun-eydum-virusum-ut-af-pc-tolvum\/\" \/>\n<meta property=\"og:locale\" content=\"en_US\" \/>\n<meta property=\"og:type\" content=\"article\" \/>\n<meta property=\"og:title\" content=\"V\u00edrushreinsun-Ey\u00f0um v\u00edrusum \u00fat af PC t\u00f6lvum - Tolvuland.is\" \/>\n<meta property=\"og:description\" content=\"V\u00edrushreinsun. T\u00f6lvan \u00fe\u00edn er sk\u00f6nnu\u00f0 me\u00f0 \u00f6flugum v\u00edrusvarnarhugb\u00fana\u00f0i, v\u00edrusar hreinsa\u00f0ir \u00fat og keyrslur \u00e1 v\u00edrusum og a\u00f0skotahlutum eru st\u00f6\u00f0va\u00f0ar.\" \/>\n<meta property=\"og:url\" content=\"https:\/\/tolvuland.is\/en\/virushreinsun-eydum-virusum-ut-af-pc-tolvum\/\" \/>\n<meta property=\"og:site_name\" content=\"Tolvuland.is\" \/>\n<meta property=\"article:publisher\" content=\"https:\/\/www.facebook.com\/TolvulandEhf\/\" \/>\n<meta property=\"article:modified_time\" content=\"2026-02-19T21:03:32+00:00\" \/>\n<meta name=\"twitter:card\" content=\"summary_large_image\" \/>\n<meta name=\"twitter:label1\" content=\"Est. reading time\" \/>\n\t<meta name=\"twitter:data1\" content=\"4 minutes\" \/>\n<script type=\"application\/ld+json\" class=\"yoast-schema-graph\">{\"@context\":\"https:\\\/\\\/schema.org\",\"@graph\":[{\"@type\":\"WebPage\",\"@id\":\"https:\\\/\\\/tolvuland.is\\\/virushreinsun-eydum-virusum-ut-af-pc-tolvum\\\/\",\"url\":\"https:\\\/\\\/tolvuland.is\\\/virushreinsun-eydum-virusum-ut-af-pc-tolvum\\\/\",\"name\":\"V\u00edrushreinsun-Ey\u00f0um v\u00edrusum \u00fat af PC t\u00f6lvum - Tolvuland.is\",\"isPartOf\":{\"@id\":\"https:\\\/\\\/tolvuland.is\\\/#website\"},\"datePublished\":\"2020-02-21T14:11:08+00:00\",\"dateModified\":\"2026-02-19T21:03:32+00:00\",\"description\":\"V\u00edrushreinsun. T\u00f6lvan \u00fe\u00edn er sk\u00f6nnu\u00f0 me\u00f0 \u00f6flugum v\u00edrusvarnarhugb\u00fana\u00f0i, v\u00edrusar hreinsa\u00f0ir \u00fat og keyrslur \u00e1 v\u00edrusum og a\u00f0skotahlutum eru st\u00f6\u00f0va\u00f0ar.\",\"breadcrumb\":{\"@id\":\"https:\\\/\\\/tolvuland.is\\\/virushreinsun-eydum-virusum-ut-af-pc-tolvum\\\/#breadcrumb\"},\"inLanguage\":\"en-US\",\"potentialAction\":[{\"@type\":\"ReadAction\",\"target\":[\"https:\\\/\\\/tolvuland.is\\\/virushreinsun-eydum-virusum-ut-af-pc-tolvum\\\/\"]}]},{\"@type\":\"BreadcrumbList\",\"@id\":\"https:\\\/\\\/tolvuland.is\\\/virushreinsun-eydum-virusum-ut-af-pc-tolvum\\\/#breadcrumb\",\"itemListElement\":[{\"@type\":\"ListItem\",\"position\":1,\"name\":\"Home\",\"item\":\"https:\\\/\\\/tolvuland.is\\\/\"},{\"@type\":\"ListItem\",\"position\":2,\"name\":\"V\u00edrushreinsun-Ey\u00f0um v\u00edrusum \u00fat af PC t\u00f6lvum\"}]},{\"@type\":\"WebSite\",\"@id\":\"https:\\\/\\\/tolvuland.is\\\/#website\",\"url\":\"https:\\\/\\\/tolvuland.is\\\/\",\"name\":\"Tolvuland.is\",\"description\":\"Apple og PC t\u00f6lvuvi\u00f0ger\u00f0ir\",\"publisher\":{\"@id\":\"https:\\\/\\\/tolvuland.is\\\/#organization\"},\"potentialAction\":[{\"@type\":\"SearchAction\",\"target\":{\"@type\":\"EntryPoint\",\"urlTemplate\":\"https:\\\/\\\/tolvuland.is\\\/?s={search_term_string}\"},\"query-input\":{\"@type\":\"PropertyValueSpecification\",\"valueRequired\":true,\"valueName\":\"search_term_string\"}}],\"inLanguage\":\"en-US\"},{\"@type\":\"Organization\",\"@id\":\"https:\\\/\\\/tolvuland.is\\\/#organization\",\"name\":\"Tolvuland ehf\",\"url\":\"https:\\\/\\\/tolvuland.is\\\/\",\"logo\":{\"@type\":\"ImageObject\",\"inLanguage\":\"en-US\",\"@id\":\"https:\\\/\\\/tolvuland.is\\\/#\\\/schema\\\/logo\\\/image\\\/\",\"url\":\"https:\\\/\\\/tolvuland.is\\\/wp-content\\\/uploads\\\/2020\\\/02\\\/tl-logo-png-1.png\",\"contentUrl\":\"https:\\\/\\\/tolvuland.is\\\/wp-content\\\/uploads\\\/2020\\\/02\\\/tl-logo-png-1.png\",\"width\":240,\"height\":43,\"caption\":\"Tolvuland ehf\"},\"image\":{\"@id\":\"https:\\\/\\\/tolvuland.is\\\/#\\\/schema\\\/logo\\\/image\\\/\"},\"sameAs\":[\"https:\\\/\\\/www.facebook.com\\\/TolvulandEhf\\\/\"]}]}<\/script>\n<!-- \/ Yoast SEO plugin. -->","yoast_head_json":{"title":"V\u00edrushreinsun-Ey\u00f0um v\u00edrusum \u00fat af PC t\u00f6lvum - Tolvuland.is","description":"V\u00edrushreinsun. T\u00f6lvan \u00fe\u00edn er sk\u00f6nnu\u00f0 me\u00f0 \u00f6flugum v\u00edrusvarnarhugb\u00fana\u00f0i, v\u00edrusar hreinsa\u00f0ir \u00fat og keyrslur \u00e1 v\u00edrusum og a\u00f0skotahlutum eru st\u00f6\u00f0va\u00f0ar.","robots":{"index":"index","follow":"follow","max-snippet":"max-snippet:-1","max-image-preview":"max-image-preview:large","max-video-preview":"max-video-preview:-1"},"canonical":"https:\/\/tolvuland.is\/en\/virushreinsun-eydum-virusum-ut-af-pc-tolvum\/","og_locale":"en_US","og_type":"article","og_title":"V\u00edrushreinsun-Ey\u00f0um v\u00edrusum \u00fat af PC t\u00f6lvum - Tolvuland.is","og_description":"V\u00edrushreinsun. T\u00f6lvan \u00fe\u00edn er sk\u00f6nnu\u00f0 me\u00f0 \u00f6flugum v\u00edrusvarnarhugb\u00fana\u00f0i, v\u00edrusar hreinsa\u00f0ir \u00fat og keyrslur \u00e1 v\u00edrusum og a\u00f0skotahlutum eru st\u00f6\u00f0va\u00f0ar.","og_url":"https:\/\/tolvuland.is\/en\/virushreinsun-eydum-virusum-ut-af-pc-tolvum\/","og_site_name":"Tolvuland.is","article_publisher":"https:\/\/www.facebook.com\/TolvulandEhf\/","article_modified_time":"2026-02-19T21:03:32+00:00","twitter_card":"summary_large_image","twitter_misc":{"Est. reading time":"4 minutes"},"schema":{"@context":"https:\/\/schema.org","@graph":[{"@type":"WebPage","@id":"https:\/\/tolvuland.is\/virushreinsun-eydum-virusum-ut-af-pc-tolvum\/","url":"https:\/\/tolvuland.is\/virushreinsun-eydum-virusum-ut-af-pc-tolvum\/","name":"V\u00edrushreinsun-Ey\u00f0um v\u00edrusum \u00fat af PC t\u00f6lvum - Tolvuland.is","isPartOf":{"@id":"https:\/\/tolvuland.is\/#website"},"datePublished":"2020-02-21T14:11:08+00:00","dateModified":"2026-02-19T21:03:32+00:00","description":"V\u00edrushreinsun. T\u00f6lvan \u00fe\u00edn er sk\u00f6nnu\u00f0 me\u00f0 \u00f6flugum v\u00edrusvarnarhugb\u00fana\u00f0i, v\u00edrusar hreinsa\u00f0ir \u00fat og keyrslur \u00e1 v\u00edrusum og a\u00f0skotahlutum eru st\u00f6\u00f0va\u00f0ar.","breadcrumb":{"@id":"https:\/\/tolvuland.is\/virushreinsun-eydum-virusum-ut-af-pc-tolvum\/#breadcrumb"},"inLanguage":"en-US","potentialAction":[{"@type":"ReadAction","target":["https:\/\/tolvuland.is\/virushreinsun-eydum-virusum-ut-af-pc-tolvum\/"]}]},{"@type":"BreadcrumbList","@id":"https:\/\/tolvuland.is\/virushreinsun-eydum-virusum-ut-af-pc-tolvum\/#breadcrumb","itemListElement":[{"@type":"ListItem","position":1,"name":"Home","item":"https:\/\/tolvuland.is\/"},{"@type":"ListItem","position":2,"name":"V\u00edrushreinsun-Ey\u00f0um v\u00edrusum \u00fat af PC t\u00f6lvum"}]},{"@type":"WebSite","@id":"https:\/\/tolvuland.is\/#website","url":"https:\/\/tolvuland.is\/","name":"Tolvuland.is","description":"Apple og PC t\u00f6lvuvi\u00f0ger\u00f0ir","publisher":{"@id":"https:\/\/tolvuland.is\/#organization"},"potentialAction":[{"@type":"SearchAction","target":{"@type":"EntryPoint","urlTemplate":"https:\/\/tolvuland.is\/?s={search_term_string}"},"query-input":{"@type":"PropertyValueSpecification","valueRequired":true,"valueName":"search_term_string"}}],"inLanguage":"en-US"},{"@type":"Organization","@id":"https:\/\/tolvuland.is\/#organization","name":"Tolvuland ehf","url":"https:\/\/tolvuland.is\/","logo":{"@type":"ImageObject","inLanguage":"en-US","@id":"https:\/\/tolvuland.is\/#\/schema\/logo\/image\/","url":"https:\/\/tolvuland.is\/wp-content\/uploads\/2020\/02\/tl-logo-png-1.png","contentUrl":"https:\/\/tolvuland.is\/wp-content\/uploads\/2020\/02\/tl-logo-png-1.png","width":240,"height":43,"caption":"Tolvuland ehf"},"image":{"@id":"https:\/\/tolvuland.is\/#\/schema\/logo\/image\/"},"sameAs":["https:\/\/www.facebook.com\/TolvulandEhf\/"]}]}},"_links":{"self":[{"href":"https:\/\/tolvuland.is\/en\/wp-json\/wp\/v2\/pages\/976","targetHints":{"allow":["GET"]}}],"collection":[{"href":"https:\/\/tolvuland.is\/en\/wp-json\/wp\/v2\/pages"}],"about":[{"href":"https:\/\/tolvuland.is\/en\/wp-json\/wp\/v2\/types\/page"}],"author":[{"embeddable":true,"href":"https:\/\/tolvuland.is\/en\/wp-json\/wp\/v2\/users\/1"}],"replies":[{"embeddable":true,"href":"https:\/\/tolvuland.is\/en\/wp-json\/wp\/v2\/comments?post=976"}],"version-history":[{"count":38,"href":"https:\/\/tolvuland.is\/en\/wp-json\/wp\/v2\/pages\/976\/revisions"}],"predecessor-version":[{"id":4683,"href":"https:\/\/tolvuland.is\/en\/wp-json\/wp\/v2\/pages\/976\/revisions\/4683"}],"wp:attachment":[{"href":"https:\/\/tolvuland.is\/en\/wp-json\/wp\/v2\/media?parent=976"}],"curies":[{"name":"wp","href":"https:\/\/api.w.org\/{rel}","templated":true}]}}