{"id":969,"date":"2020-02-21T13:43:06","date_gmt":"2020-02-21T13:43:06","guid":{"rendered":"https:\/\/tolvuland.is\/?page_id=969"},"modified":"2026-02-19T21:01:07","modified_gmt":"2026-02-19T21:01:07","slug":"uppfaerslur-og-sersmidi","status":"publish","type":"page","link":"https:\/\/tolvuland.is\/en\/uppfaerslur-og-sersmidi\/","title":{"rendered":"Upgrades and customization"},"content":{"rendered":"<p>[et_pb_section fb_built=&#8220;1&#8243; admin_label=&#8220;Header&#8220; _builder_version=&#8220;4.24.0&#8243; background_color=&#8220;#2f365f&#8220; background_enable_image=&#8220;off&#8220; custom_margin=&#8220;||||false&#8220; custom_padding=&#8220;||||true|false&#8220; global_colors_info=&#8220;{}&#8220;][et_pb_row _builder_version=&#8220;4.16&#8243; max_width=&#8220;700px&#8220; use_custom_width=&#8220;on&#8220; custom_width_px=&#8220;700px&#8220; global_colors_info=&#8220;{}&#8220;][et_pb_column type=&#8220;4_4&#8243; _builder_version=&#8220;4.16&#8243; custom_padding=&#8220;|||&#8220; global_colors_info=&#8220;{}&#8220; custom_padding__hover=&#8220;|||&#8220;][et_pb_text _builder_version=&#8220;4.24.0&#8243; _module_preset=&#8220;default&#8220; text_text_color=&#8220;#FFFFFF&#8220; header_font=&#8220;Lato|700||on|||||&#8220; header_text_align=&#8220;center&#8220; header_text_color=&#8220;#EDF000&#8243; header_font_size=&#8220;62px&#8220; header_line_height=&#8220;1.2em&#8220; text_orientation=&#8220;center&#8220; header_font_size_tablet=&#8220;62px&#8220; header_font_size_phone=&#8220;36px&#8220; header_font_size_last_edited=&#8220;on|phone&#8220; global_colors_info=&#8220;{}&#8220;]<\/p>\n<h1><span style=\"color: #ffffff;\">Uppf\u00e6rslur og<\/span> s\u00e9rsm\u00ed\u00f0i<\/h1>\n<p>Allar tegundir af PC bor\u00f0 og fart\u00f6lvum<\/p>\n<p>[\/et_pb_text][et_pb_button button_url=&#8220;@ET-DC@eyJkeW5hbWljIjp0cnVlLCJjb250ZW50IjoicG9zdF9saW5rX3VybF9wYWdlIiwic2V0dGluZ3MiOnsicG9zdF9pZCI6IjI1MTgifX0=@&#8220; button_text=&#8220;B\u00f3ka t\u00edma \u00e1 t\u00f6lvuverkst\u00e6\u00f0i&#8220; button_alignment=&#8220;center&#8220; _builder_version=&#8220;4.27.5&#8243; _dynamic_attributes=&#8220;button_url&#8220; custom_button=&#8220;on&#8220; button_text_size=&#8220;20px&#8220; button_text_color=&#8220;#EDF000&#8243; button_border_width=&#8220;2px&#8220; button_border_color=&#8220;#FFFFFF&#8220; button_border_radius=&#8220;3px&#8220; button_letter_spacing=&#8220;0px&#8220; button_font=&#8220;|500||on|||||&#8220; button_use_icon=&#8220;off&#8220; custom_padding=&#8220;16px|32px|16px|32px|true|true&#8220; hover_enabled=&#8220;0&#8243; button_border_width_tablet=&#8220;1px&#8220; button_border_width_phone=&#8220;2px&#8220; button_border_width_last_edited=&#8220;on|desktop&#8220; button_border_color_tablet=&#8220;#FFFFFF&#8220; button_border_color_phone=&#8220;#FFFFFF&#8220; button_border_color_last_edited=&#8220;on|phone&#8220; box_shadow_style=&#8220;preset1&#8243; box_shadow_color=&#8220;rgba(239,59,36,0.24)&#8220; button_letter_spacing_hover=&#8220;2px&#8220; global_colors_info=&#8220;{}&#8220; button_text_size__hover_enabled=&#8220;off&#8220; button_one_text_size__hover_enabled=&#8220;off&#8220; button_two_text_size__hover_enabled=&#8220;off&#8220; button_text_color__hover_enabled=&#8220;off&#8220; button_one_text_color__hover_enabled=&#8220;off&#8220; button_two_text_color__hover_enabled=&#8220;off&#8220; button_border_width__hover_enabled=&#8220;off&#8220; button_one_border_width__hover_enabled=&#8220;off&#8220; button_two_border_width__hover_enabled=&#8220;off&#8220; button_border_color__hover_enabled=&#8220;off&#8220; button_one_border_color__hover_enabled=&#8220;off&#8220; button_two_border_color__hover_enabled=&#8220;off&#8220; button_border_radius__hover_enabled=&#8220;off&#8220; button_one_border_radius__hover_enabled=&#8220;off&#8220; button_two_border_radius__hover_enabled=&#8220;off&#8220; button_letter_spacing__hover_enabled=&#8220;on|hover&#8220; button_letter_spacing__hover=&#8220;1px&#8220; button_one_letter_spacing__hover_enabled=&#8220;off&#8220; button_two_letter_spacing__hover_enabled=&#8220;off&#8220; button_bg_color__hover_enabled=&#8220;off&#8220; button_one_bg_color__hover_enabled=&#8220;off&#8220; button_two_bg_color__hover_enabled=&#8220;off&#8220; button_text_size_last_edited=&#8220;on|phone&#8220; sticky_enabled=&#8220;0&#8243; button_text_size_phone=&#8220;15px&#8220; button_text_size_tablet=&#8220;20px&#8220;][\/et_pb_button][\/et_pb_column][\/et_pb_row][\/et_pb_section][et_pb_section fb_built=&#8220;1&#8243; admin_label=&#8220;Why choose us&#8220; _builder_version=&#8220;4.16&#8243; global_colors_info=&#8220;{}&#8220;][et_pb_row _builder_version=&#8220;4.27.4&#8243; _module_preset=&#8220;default&#8220; global_colors_info=&#8220;{}&#8220;][et_pb_column type=&#8220;4_4&#8243; _builder_version=&#8220;4.27.4&#8243; _module_preset=&#8220;default&#8220; global_colors_info=&#8220;{}&#8220;][et_pb_text _builder_version=&#8220;4.24.0&#8243; _module_preset=&#8220;default&#8220; text_font_size=&#8220;16px&#8220; header_3_font=&#8220;Lato|700|||||||&#8220; header_3_text_align=&#8220;center&#8220; header_3_font_size=&#8220;26px&#8220; header_3_font_size_tablet=&#8220;26px&#8220; header_3_font_size_phone=&#8220;20px&#8220; header_3_font_size_last_edited=&#8220;on|phone&#8220; global_colors_info=&#8220;{}&#8220;]<\/p>\n<h3>Uppf\u00e6rslur auka hra\u00f0ann.<\/h3>\n<p>Uppf\u00e6rslur auka hra\u00f0a t\u00f6lvunnar \u00feinnar og gera hana betur \u00ed stakk b\u00fana til a\u00f0 keyra n\u00fdjasta hugb\u00fana\u00f0inn og t\u00f6lvuleikina. \u00dea\u00f0 er alls ekki v\u00edst a\u00f0 \u00fea\u00f0 s\u00e9 nau\u00f0synlegt a\u00f0 skipta t\u00f6lvunni \u00fat ef h\u00fan er or\u00f0in sein og h\u00e6g \u00ed vinnslu. Uppf\u00e6rsla \u00ed SSD har\u00f0disk og meira vinnsluminni getur gefi\u00f0 henni n\u00fdtt l\u00edf og lengt l\u00edft\u00edma hennar um einhver \u00e1r.<\/p>\n<p>[\/et_pb_text][\/et_pb_column][\/et_pb_row][et_pb_row _builder_version=&#8220;4.27.4&#8243; _module_preset=&#8220;default&#8220; global_colors_info=&#8220;{}&#8220;][et_pb_column type=&#8220;4_4&#8243; _builder_version=&#8220;4.27.4&#8243; _module_preset=&#8220;default&#8220; global_colors_info=&#8220;{}&#8220;][et_pb_text _builder_version=&#8220;4.27.4&#8243; _module_preset=&#8220;default&#8220; text_font_size=&#8220;16px&#8220; header_3_font=&#8220;Lato|700|||||||&#8220; header_3_text_align=&#8220;center&#8220; header_3_font_size=&#8220;26px&#8220; header_3_font_size_tablet=&#8220;26px&#8220; header_3_font_size_phone=&#8220;20px&#8220; header_3_font_size_last_edited=&#8220;on|desktop&#8220; global_colors_info=&#8220;{}&#8220;]<\/p>\n<h3>Uppf\u00e6rsla er hagkv\u00e6m lausn.<\/h3>\n<p>\u00c1\u00f0ur en \u00fe\u00fa \u201ehendir\u201c t\u00f6lvunni \u00feinni og kaupir n\u00fdja \u00fe\u00e1 \u00e6ttir \u00fe\u00fa a\u00f0 kanna hvort \u00fea\u00f0 s\u00e9 h\u00e6gt a\u00f0 uppf\u00e6ra hana og hvort a\u00f0 \u00fea\u00f0 borgi sig.<br \/>\u00deegar gamla t\u00f6lvan ver\u00f0ur sein og h\u00e6g \u00ed vinnslu er \u00fea\u00f0 oftast vegna \u00feess a\u00f0 h\u00fan er a\u00f0 keyra n\u00fdjan hugb\u00fana\u00f0 sem er \u00feyngri \u00ed keyrslu en s\u00e1 sem var upphaflega \u00e1 henni. Me\u00f0 \u00fev\u00ed a\u00f0 uppf\u00e6ra v\u00e9lb\u00fana\u00f0inn \u00e1 m\u00f3ti er h\u00e6gt a\u00f0 auka hra\u00f0a t\u00f6lvunnar og gera hana betur \u00ed stakk b\u00fana til a\u00f0 keyra \u00feennan n\u00fdja hugb\u00fana\u00f0.<\/p>\n<h3>\u00d6rgj\u00f6rvinn skiptir m\u00e1li.<\/h3>\n<p>Ef t\u00f6lvan \u00fe\u00edn er b\u00fain \u00f6flugum \u00f6rgj\u00f6rva \u00fe\u00e1 er mj\u00f6g l\u00edklegt a\u00f0 \u00fea\u00f0 borgi sig a\u00f0 uppf\u00e6ra hana. Me\u00f0 \u00fev\u00ed a\u00f0 skipta gamla har\u00f0disknum \u00fat fyrir n\u00fdtt SSD drif og auka vinnsluminni\u00f0 \u00ed lei\u00f0inni ver\u00f0ur t\u00f6lvan \u00fe\u00edn allt a\u00f0 40% hra\u00f0ari \u00ed allri vinnslu. \u00dea\u00f0 er \u00feess vegna oft engin \u00e1st\u00e6\u00f0a a\u00f0 henda t\u00f6lvunni og kaupa n\u00fdja. Sl\u00edkt er stundum ekkert anna\u00f0 en s\u00f3un \u00e1 ver\u00f0m\u00e6tum.<\/p>\n<h3>Ekki alltaf h\u00e6gt a\u00f0 uppf\u00e6ra.<\/h3>\n<p>\u00dea\u00f0 er reyndar ekki alltaf h\u00e6gt a\u00f0 uppf\u00e6ra har\u00f0diska og vinnsluminni \u00ed fart\u00f6lvum en \u00fea\u00f0 er h\u00e6gt \u00ed flest \u00f6llum bor\u00f0t\u00f6lvum. \u00cd dag eru sumar fart\u00f6lvur framleiddar \u00feannig a\u00f0 vinnsluminni\u00f0 er innbyggt \u00ed m\u00f3\u00f0urbor\u00f0 t\u00f6lvunnar og stundum har\u00f0diskurinn l\u00edka.<\/p>\n<h3>S\u00e9rsm\u00ed\u00f0a\u00f0ar bor\u00f0t\u00f6lvur.<\/h3>\n<p>S\u00e9rsm\u00ed\u00f0i \u00e1 bor\u00f0t\u00f6lvum er oftast mun betri kostur en a\u00f0 kaupa tilb\u00fana t\u00f6lvu. Me\u00f0 s\u00e9rsm\u00ed\u00f0i getur \u00fe\u00fa vali\u00f0 \u00feann v\u00e9lb\u00fana\u00f0 sem \u00fe\u00fa vilt f\u00e1 \u00ed t\u00f6lvuna og r\u00e1\u00f0i\u00f0 st\u00e6r\u00f0 hennar. H\u00e6gt er a\u00f0 velja um allt fr\u00e1 l\u00edtilli og \u00f6flugri sm\u00e1t\u00f6lvu sem h\u00e6gt er a\u00f0 festa aftan \u00e1 t\u00f6lvuskj\u00e1inn upp \u00ed risast\u00f3ra turnt\u00f6lvu og allt \u00fear \u00e1 milli. Vi\u00f0 s\u00e9rsm\u00ed\u00f0um PC bor\u00f0t\u00f6lvur og veitum r\u00e1\u00f0leggingar um val \u00e1 v\u00e9lb\u00fana\u00f0i.<\/p>\n<p>[\/et_pb_text][\/et_pb_column][\/et_pb_row][\/et_pb_section]<\/p>\n","protected":false},"excerpt":{"rendered":"<p>Uppf\u00e6rslur og s\u00e9rsm\u00ed\u00f0i Allar tegundir af PC bor\u00f0 og fart\u00f6lvumUppf\u00e6rslur auka hra\u00f0ann. Uppf\u00e6rslur auka hra\u00f0a t\u00f6lvunnar \u00feinnar og gera hana betur \u00ed stakk b\u00fana til a\u00f0 keyra n\u00fdjasta hugb\u00fana\u00f0inn og t\u00f6lvuleikina. \u00dea\u00f0 er alls ekki v\u00edst a\u00f0 \u00fea\u00f0 s\u00e9 nau\u00f0synlegt a\u00f0 skipta t\u00f6lvunni \u00fat ef h\u00fan er or\u00f0in sein og h\u00e6g \u00ed vinnslu. Uppf\u00e6rsla \u00ed [&hellip;]<\/p>\n","protected":false},"author":1,"featured_media":0,"parent":0,"menu_order":0,"comment_status":"closed","ping_status":"closed","template":"","meta":{"_et_pb_use_builder":"on","_et_pb_old_content":"","_et_gb_content_width":"","footnotes":""},"class_list":["post-969","page","type-page","status-publish","hentry"],"yoast_head":"<!-- This site is optimized with the Yoast SEO plugin v27.5 - https:\/\/yoast.com\/product\/yoast-seo-wordpress\/ -->\n<title>Uppf\u00e6rslur og s\u00e9rsm\u00ed\u00f0i - Tolvuland.is<\/title>\n<meta name=\"description\" content=\"Uppf\u00e6rslur \u00e1 v\u00e9lb\u00fana\u00f0i fyrir Apple og PC t\u00f6lvur. S\u00e9rsm\u00ed\u00f0um og setjum saman PC bor\u00f0t\u00f6lvur a\u00f0 \u00fe\u00ednum \u00f3skum. Uppf\u00e6rslur og s\u00e9rsm\u00ed\u00f0i er hagkv\u00e6m lausn.\" \/>\n<meta name=\"robots\" content=\"index, follow, max-snippet:-1, max-image-preview:large, max-video-preview:-1\" \/>\n<link rel=\"canonical\" href=\"https:\/\/tolvuland.is\/en\/uppfaerslur-og-sersmidi\/\" \/>\n<meta property=\"og:locale\" content=\"en_US\" \/>\n<meta property=\"og:type\" content=\"article\" \/>\n<meta property=\"og:title\" content=\"Uppf\u00e6rslur og s\u00e9rsm\u00ed\u00f0i - Tolvuland.is\" \/>\n<meta property=\"og:description\" content=\"Uppf\u00e6rslur \u00e1 v\u00e9lb\u00fana\u00f0i fyrir Apple og PC t\u00f6lvur. S\u00e9rsm\u00ed\u00f0um og setjum saman PC bor\u00f0t\u00f6lvur a\u00f0 \u00fe\u00ednum \u00f3skum. Uppf\u00e6rslur og s\u00e9rsm\u00ed\u00f0i er hagkv\u00e6m lausn.\" \/>\n<meta property=\"og:url\" content=\"https:\/\/tolvuland.is\/en\/uppfaerslur-og-sersmidi\/\" \/>\n<meta property=\"og:site_name\" content=\"Tolvuland.is\" \/>\n<meta property=\"article:publisher\" content=\"https:\/\/www.facebook.com\/TolvulandEhf\/\" \/>\n<meta property=\"article:modified_time\" content=\"2026-02-19T21:01:07+00:00\" \/>\n<meta name=\"twitter:card\" content=\"summary_large_image\" \/>\n<meta name=\"twitter:label1\" content=\"Est. reading time\" \/>\n\t<meta name=\"twitter:data1\" content=\"5 minutes\" \/>\n<script type=\"application\/ld+json\" class=\"yoast-schema-graph\">{\"@context\":\"https:\\\/\\\/schema.org\",\"@graph\":[{\"@type\":\"WebPage\",\"@id\":\"https:\\\/\\\/tolvuland.is\\\/uppfaerslur-og-sersmidi\\\/\",\"url\":\"https:\\\/\\\/tolvuland.is\\\/uppfaerslur-og-sersmidi\\\/\",\"name\":\"Uppf\u00e6rslur og s\u00e9rsm\u00ed\u00f0i - Tolvuland.is\",\"isPartOf\":{\"@id\":\"https:\\\/\\\/tolvuland.is\\\/#website\"},\"datePublished\":\"2020-02-21T13:43:06+00:00\",\"dateModified\":\"2026-02-19T21:01:07+00:00\",\"description\":\"Uppf\u00e6rslur \u00e1 v\u00e9lb\u00fana\u00f0i fyrir Apple og PC t\u00f6lvur. S\u00e9rsm\u00ed\u00f0um og setjum saman PC bor\u00f0t\u00f6lvur a\u00f0 \u00fe\u00ednum \u00f3skum. Uppf\u00e6rslur og s\u00e9rsm\u00ed\u00f0i er hagkv\u00e6m lausn.\",\"breadcrumb\":{\"@id\":\"https:\\\/\\\/tolvuland.is\\\/uppfaerslur-og-sersmidi\\\/#breadcrumb\"},\"inLanguage\":\"en-US\",\"potentialAction\":[{\"@type\":\"ReadAction\",\"target\":[\"https:\\\/\\\/tolvuland.is\\\/uppfaerslur-og-sersmidi\\\/\"]}]},{\"@type\":\"BreadcrumbList\",\"@id\":\"https:\\\/\\\/tolvuland.is\\\/uppfaerslur-og-sersmidi\\\/#breadcrumb\",\"itemListElement\":[{\"@type\":\"ListItem\",\"position\":1,\"name\":\"Home\",\"item\":\"https:\\\/\\\/tolvuland.is\\\/\"},{\"@type\":\"ListItem\",\"position\":2,\"name\":\"Uppf\u00e6rslur og s\u00e9rsm\u00ed\u00f0i\"}]},{\"@type\":\"WebSite\",\"@id\":\"https:\\\/\\\/tolvuland.is\\\/#website\",\"url\":\"https:\\\/\\\/tolvuland.is\\\/\",\"name\":\"Tolvuland.is\",\"description\":\"Apple og PC t\u00f6lvuvi\u00f0ger\u00f0ir\",\"publisher\":{\"@id\":\"https:\\\/\\\/tolvuland.is\\\/#organization\"},\"potentialAction\":[{\"@type\":\"SearchAction\",\"target\":{\"@type\":\"EntryPoint\",\"urlTemplate\":\"https:\\\/\\\/tolvuland.is\\\/?s={search_term_string}\"},\"query-input\":{\"@type\":\"PropertyValueSpecification\",\"valueRequired\":true,\"valueName\":\"search_term_string\"}}],\"inLanguage\":\"en-US\"},{\"@type\":\"Organization\",\"@id\":\"https:\\\/\\\/tolvuland.is\\\/#organization\",\"name\":\"Tolvuland ehf\",\"url\":\"https:\\\/\\\/tolvuland.is\\\/\",\"logo\":{\"@type\":\"ImageObject\",\"inLanguage\":\"en-US\",\"@id\":\"https:\\\/\\\/tolvuland.is\\\/#\\\/schema\\\/logo\\\/image\\\/\",\"url\":\"https:\\\/\\\/tolvuland.is\\\/wp-content\\\/uploads\\\/2020\\\/02\\\/tl-logo-png-1.png\",\"contentUrl\":\"https:\\\/\\\/tolvuland.is\\\/wp-content\\\/uploads\\\/2020\\\/02\\\/tl-logo-png-1.png\",\"width\":240,\"height\":43,\"caption\":\"Tolvuland ehf\"},\"image\":{\"@id\":\"https:\\\/\\\/tolvuland.is\\\/#\\\/schema\\\/logo\\\/image\\\/\"},\"sameAs\":[\"https:\\\/\\\/www.facebook.com\\\/TolvulandEhf\\\/\"]}]}<\/script>\n<!-- \/ Yoast SEO plugin. -->","yoast_head_json":{"title":"Uppf\u00e6rslur og s\u00e9rsm\u00ed\u00f0i - Tolvuland.is","description":"Uppf\u00e6rslur \u00e1 v\u00e9lb\u00fana\u00f0i fyrir Apple og PC t\u00f6lvur. S\u00e9rsm\u00ed\u00f0um og setjum saman PC bor\u00f0t\u00f6lvur a\u00f0 \u00fe\u00ednum \u00f3skum. Uppf\u00e6rslur og s\u00e9rsm\u00ed\u00f0i er hagkv\u00e6m lausn.","robots":{"index":"index","follow":"follow","max-snippet":"max-snippet:-1","max-image-preview":"max-image-preview:large","max-video-preview":"max-video-preview:-1"},"canonical":"https:\/\/tolvuland.is\/en\/uppfaerslur-og-sersmidi\/","og_locale":"en_US","og_type":"article","og_title":"Uppf\u00e6rslur og s\u00e9rsm\u00ed\u00f0i - Tolvuland.is","og_description":"Uppf\u00e6rslur \u00e1 v\u00e9lb\u00fana\u00f0i fyrir Apple og PC t\u00f6lvur. S\u00e9rsm\u00ed\u00f0um og setjum saman PC bor\u00f0t\u00f6lvur a\u00f0 \u00fe\u00ednum \u00f3skum. Uppf\u00e6rslur og s\u00e9rsm\u00ed\u00f0i er hagkv\u00e6m lausn.","og_url":"https:\/\/tolvuland.is\/en\/uppfaerslur-og-sersmidi\/","og_site_name":"Tolvuland.is","article_publisher":"https:\/\/www.facebook.com\/TolvulandEhf\/","article_modified_time":"2026-02-19T21:01:07+00:00","twitter_card":"summary_large_image","twitter_misc":{"Est. reading time":"5 minutes"},"schema":{"@context":"https:\/\/schema.org","@graph":[{"@type":"WebPage","@id":"https:\/\/tolvuland.is\/uppfaerslur-og-sersmidi\/","url":"https:\/\/tolvuland.is\/uppfaerslur-og-sersmidi\/","name":"Uppf\u00e6rslur og s\u00e9rsm\u00ed\u00f0i - Tolvuland.is","isPartOf":{"@id":"https:\/\/tolvuland.is\/#website"},"datePublished":"2020-02-21T13:43:06+00:00","dateModified":"2026-02-19T21:01:07+00:00","description":"Uppf\u00e6rslur \u00e1 v\u00e9lb\u00fana\u00f0i fyrir Apple og PC t\u00f6lvur. S\u00e9rsm\u00ed\u00f0um og setjum saman PC bor\u00f0t\u00f6lvur a\u00f0 \u00fe\u00ednum \u00f3skum. Uppf\u00e6rslur og s\u00e9rsm\u00ed\u00f0i er hagkv\u00e6m lausn.","breadcrumb":{"@id":"https:\/\/tolvuland.is\/uppfaerslur-og-sersmidi\/#breadcrumb"},"inLanguage":"en-US","potentialAction":[{"@type":"ReadAction","target":["https:\/\/tolvuland.is\/uppfaerslur-og-sersmidi\/"]}]},{"@type":"BreadcrumbList","@id":"https:\/\/tolvuland.is\/uppfaerslur-og-sersmidi\/#breadcrumb","itemListElement":[{"@type":"ListItem","position":1,"name":"Home","item":"https:\/\/tolvuland.is\/"},{"@type":"ListItem","position":2,"name":"Uppf\u00e6rslur og s\u00e9rsm\u00ed\u00f0i"}]},{"@type":"WebSite","@id":"https:\/\/tolvuland.is\/#website","url":"https:\/\/tolvuland.is\/","name":"Tolvuland.is","description":"Apple og PC t\u00f6lvuvi\u00f0ger\u00f0ir","publisher":{"@id":"https:\/\/tolvuland.is\/#organization"},"potentialAction":[{"@type":"SearchAction","target":{"@type":"EntryPoint","urlTemplate":"https:\/\/tolvuland.is\/?s={search_term_string}"},"query-input":{"@type":"PropertyValueSpecification","valueRequired":true,"valueName":"search_term_string"}}],"inLanguage":"en-US"},{"@type":"Organization","@id":"https:\/\/tolvuland.is\/#organization","name":"Tolvuland ehf","url":"https:\/\/tolvuland.is\/","logo":{"@type":"ImageObject","inLanguage":"en-US","@id":"https:\/\/tolvuland.is\/#\/schema\/logo\/image\/","url":"https:\/\/tolvuland.is\/wp-content\/uploads\/2020\/02\/tl-logo-png-1.png","contentUrl":"https:\/\/tolvuland.is\/wp-content\/uploads\/2020\/02\/tl-logo-png-1.png","width":240,"height":43,"caption":"Tolvuland ehf"},"image":{"@id":"https:\/\/tolvuland.is\/#\/schema\/logo\/image\/"},"sameAs":["https:\/\/www.facebook.com\/TolvulandEhf\/"]}]}},"_links":{"self":[{"href":"https:\/\/tolvuland.is\/en\/wp-json\/wp\/v2\/pages\/969","targetHints":{"allow":["GET"]}}],"collection":[{"href":"https:\/\/tolvuland.is\/en\/wp-json\/wp\/v2\/pages"}],"about":[{"href":"https:\/\/tolvuland.is\/en\/wp-json\/wp\/v2\/types\/page"}],"author":[{"embeddable":true,"href":"https:\/\/tolvuland.is\/en\/wp-json\/wp\/v2\/users\/1"}],"replies":[{"embeddable":true,"href":"https:\/\/tolvuland.is\/en\/wp-json\/wp\/v2\/comments?post=969"}],"version-history":[{"count":27,"href":"https:\/\/tolvuland.is\/en\/wp-json\/wp\/v2\/pages\/969\/revisions"}],"predecessor-version":[{"id":4681,"href":"https:\/\/tolvuland.is\/en\/wp-json\/wp\/v2\/pages\/969\/revisions\/4681"}],"wp:attachment":[{"href":"https:\/\/tolvuland.is\/en\/wp-json\/wp\/v2\/media?parent=969"}],"curies":[{"name":"wp","href":"https:\/\/api.w.org\/{rel}","templated":true}]}}