{"id":7,"date":"2020-01-31T15:18:39","date_gmt":"2020-01-31T15:18:39","guid":{"rendered":"http:\/\/tolvuland.is\/?page_id=7"},"modified":"2026-02-19T20:51:25","modified_gmt":"2026-02-19T20:51:25","slug":"forsida-2","status":"publish","type":"page","link":"https:\/\/tolvuland.is\/en\/","title":{"rendered":"T\u00f6lvuvi\u00f0ger\u00f0ir fyrir einstaklinga og fyrirt\u00e6ki"},"content":{"rendered":"<p>[et_pb_section fb_built=&#8220;1&#8243; admin_label=&#8220;Header&#8220; _builder_version=&#8220;4.18.0&#8243; _module_preset=&#8220;default&#8220; custom_padding=&#8220;0px||0px||true|false&#8220; locked=&#8220;off&#8220; collapsed=&#8220;on&#8220; global_colors_info=&#8220;{}&#8220;][et_pb_row column_structure=&#8220;1_2,1_2&#8243; use_custom_gutter=&#8220;on&#8220; gutter_width=&#8220;1&#8243; make_equal=&#8220;on&#8220; disabled_on=&#8220;off|off|off&#8220; _builder_version=&#8220;4.24.0&#8243; _module_preset=&#8220;default&#8220; background_color=&#8220;#2f365f&#8220; width=&#8220;100%&#8220; max_width=&#8220;100%&#8220; custom_padding=&#8220;0px||0px||true|false&#8220; global_colors_info=&#8220;{}&#8220;][et_pb_column type=&#8220;1_2&#8243; _builder_version=&#8220;4.24.0&#8243; _module_preset=&#8220;default&#8220; custom_padding=&#8220;10%|4%|10%|8%|true|false&#8220; global_colors_info=&#8220;{}&#8220;][et_pb_text _builder_version=&#8220;4.27.4&#8243; _module_preset=&#8220;c16985e1-e0d6-4022-964d-e2bfc04fa633&#8243; text_font=&#8220;Roboto||||||||&#8220; header_font=&#8220;Roboto|700||on|||||&#8220; header_text_align=&#8220;center&#8220; header_text_color=&#8220;#FFFFFF&#8220; header_font_size=&#8220;70px&#8220; header_line_height=&#8220;1.1em&#8220; custom_margin=&#8220;||30px||false|false&#8220; animation_style=&#8220;fade&#8220; header_font_size_tablet=&#8220;40px&#8220; header_font_size_phone=&#8220;24px&#8220; header_font_size_last_edited=&#8220;on|desktop&#8220; global_colors_info=&#8220;{}&#8220;]<\/p>\n<h1>T\u00f6lvuvi\u00f0ger\u00f0ir\u00a0<\/h1>\n<h4 style=\"text-align: center;\"><span style=\"color: #ffff00;\">fyrir einstaklinga og fyrirt\u00e6ki<\/span><\/h4>\n<p>[\/et_pb_text][et_pb_divider show_divider=&#8220;off&#8220; _builder_version=&#8220;4.24.0&#8243; _module_preset=&#8220;default&#8220; custom_padding=&#8220;30px||30px||false|false&#8220; custom_padding_tablet=&#8220;30px||30px||false|false&#8220; custom_padding_phone=&#8220;0px||0px||false|false&#8220; custom_padding_last_edited=&#8220;on|phone&#8220; global_colors_info=&#8220;{}&#8220;][\/et_pb_divider][et_pb_button button_url=&#8220;@ET-DC@eyJkeW5hbWljIjp0cnVlLCJjb250ZW50IjoicG9zdF9saW5rX3VybF9wYWdlIiwic2V0dGluZ3MiOnsicG9zdF9pZCI6IjI1MTgifX0=@&#8220; button_text=&#8220;B\u00f3ka t\u00edma \u00e1 t\u00f6lvuverkst\u00e6\u00f0i&#8220; button_alignment=&#8220;center&#8220; _builder_version=&#8220;4.27.5&#8243; _dynamic_attributes=&#8220;button_url&#8220; _module_preset=&#8220;default&#8220; custom_button=&#8220;on&#8220; button_text_color=&#8220;#EDF000&#8243; button_bg_color=&#8220;RGBA(255,255,255,0)&#8220; button_border_color=&#8220;#FFFFFF&#8220; button_use_icon=&#8220;off&#8220; custom_padding=&#8220;30px||30px||false|false&#8220; custom_padding_tablet=&#8220;0px||0px||false|false&#8220; custom_padding_phone=&#8220;0px||0px||false|false&#8220; custom_padding_last_edited=&#8220;on|phone&#8220; hover_enabled=&#8220;0&#8243; button_text_size_tablet=&#8220;&#8220; button_text_size_phone=&#8220;15px&#8220; button_text_size_last_edited=&#8220;on|phone&#8220; global_colors_info=&#8220;{}&#8220; sticky_enabled=&#8220;0&#8243;][\/et_pb_button][\/et_pb_column][et_pb_column type=&#8220;1_2&#8243; disabled_on=&#8220;on|off|off&#8220; _builder_version=&#8220;4.24.0&#8243; _module_preset=&#8220;default&#8220; background_image=&#8220;https:\/\/tolvuland.is\/wp-content\/uploads\/2023\/12\/f5_900.jpg&#8220; background_last_edited=&#8220;on|phone&#8220; global_colors_info=&#8220;{}&#8220;][et_pb_divider show_divider=&#8220;off&#8220; _builder_version=&#8220;4.18.0&#8243; _module_preset=&#8220;default&#8220; height_tablet=&#8220;40vw&#8220; height_phone=&#8220;40vw&#8220; height_last_edited=&#8220;on|desktop&#8220; global_colors_info=&#8220;{}&#8220;][\/et_pb_divider][\/et_pb_column][\/et_pb_row][\/et_pb_section][et_pb_section fb_built=&#8220;1&#8243; admin_label=&#8220;Our Services&#8220; _builder_version=&#8220;4.16&#8243; custom_padding=&#8220;|||&#8220; global_colors_info=&#8220;{}&#8220;][et_pb_row column_structure=&#8220;1_3,1_3,1_3&#8243; use_custom_gutter=&#8220;on&#8220; gutter_width=&#8220;2&#8243; make_equal=&#8220;on&#8220; admin_label=&#8220;Services&#8220; _builder_version=&#8220;4.16&#8243; max_width=&#8220;80%&#8220; custom_padding=&#8220;25px||25px|&#8220; use_custom_width=&#8220;on&#8220; width_unit=&#8220;off&#8220; global_colors_info=&#8220;{}&#8220;][et_pb_column type=&#8220;1_3&#8243; _builder_version=&#8220;4.16&#8243; custom_padding=&#8220;|||&#8220; global_colors_info=&#8220;{}&#8220; custom_padding__hover=&#8220;|||&#8220;][et_pb_blurb title=&#8220;V\u00edrushreinsun&#8220; url=&#8220;@ET-DC@eyJkeW5hbWljIjp0cnVlLCJjb250ZW50IjoicG9zdF9saW5rX3VybF9wYWdlIiwic2V0dGluZ3MiOnsicG9zdF9pZCI6Ijk3NiJ9fQ==@&#8220; use_icon=&#8220;on&#8220; font_icon=&#8220;&#xe074;||fa||900&#8243; icon_color=&#8220;#2f365f&#8220; image_icon_width=&#8220;60px&#8220; _builder_version=&#8220;4.24.0&#8243; _dynamic_attributes=&#8220;url,link_option_url&#8220; header_font=&#8220;Lato|700|||||||&#8220; header_text_align=&#8220;center&#8220; header_text_color=&#8220;#353740&#8243; header_font_size=&#8220;22px&#8220; header_line_height=&#8220;1.4em&#8220; body_font=&#8220;||||||||&#8220; body_text_align=&#8220;left&#8220; body_text_color=&#8220;#000000&#8243; body_font_size=&#8220;16px&#8220; body_line_height=&#8220;1.8em&#8220; background_enable_color=&#8220;off&#8220; text_orientation=&#8220;center&#8220; custom_padding=&#8220;30px|30px|30px|30px|false|false&#8220; animation_style=&#8220;zoom&#8220; link_option_url=&#8220;@ET-DC@eyJkeW5hbWljIjp0cnVlLCJjb250ZW50IjoicG9zdF9saW5rX3VybF9wYWdlIiwic2V0dGluZ3MiOnsicG9zdF9pZCI6Ijk3NiJ9fQ==@&#8220; header_font_size_tablet=&#8220;22px&#8220; header_font_size_phone=&#8220;22px&#8220; header_font_size_last_edited=&#8220;on|phone&#8220; body_font_size_tablet=&#8220;16px&#8220; body_font_size_phone=&#8220;14px&#8220; body_font_size_last_edited=&#8220;on|phone&#8220; body_line_height_tablet=&#8220;1.8em&#8220; body_line_height_phone=&#8220;1.6em&#8220; body_line_height_last_edited=&#8220;on|phone&#8220; border_width_all=&#8220;1px&#8220; border_color_all=&#8220;#2f365f&#8220; border_style_all=&#8220;solid&#8220; use_border_color=&#8220;on&#8220; border_color=&#8220;#dddddd&#8220; icon_font_size=&#8220;60px&#8220; global_colors_info=&#8220;{}&#8220; background__hover_enabled=&#8220;on|hover&#8220; background_color__hover=&#8220;&#8220; background_enable_color__hover=&#8220;off&#8220; header_text_color__hover_enabled=&#8220;on|hover&#8220; header_text_color__hover=&#8220;#000000&#8243; body_text_color__hover_enabled=&#8220;on|desktop&#8220; body_text_color__hover=&#8220;#000000&#8243; border_width_all__hover_enabled=&#8220;on|desktop&#8220; border_width_all__hover=&#8220;1px&#8220; border_color_all__hover_enabled=&#8220;on|hover&#8220; border_color_all__hover=&#8220;#2f365f&#8220;]<\/p>\n<p>Ef t\u00f6lvan \u00fe\u00edn er or\u00f0in h\u00e6g og sein er h\u00fan m\u00f6gulega smitu\u00f0 af v\u00edrus e\u00f0a nj\u00f3snaforritum.\u00a0 \u00de\u00e1 er sni\u00f0ugt fyrir \u00feig a\u00f0 koma me\u00f0 hana til okkar \u00ed bilanagreiningu. Vi\u00f0 hreinsum v\u00edrusa og nj\u00f3snaforrit \u00fat af t\u00f6lvum og setjum upp v\u00edrusv\u00f6rn s\u00e9 \u00feess \u00f3ska\u00f0. Lesa meira&#8230;<\/p>\n<p>[\/et_pb_blurb][\/et_pb_column][et_pb_column type=&#8220;1_3&#8243; _builder_version=&#8220;4.16&#8243; custom_padding=&#8220;|||&#8220; global_colors_info=&#8220;{}&#8220; custom_padding__hover=&#8220;|||&#8220;][et_pb_blurb title=&#8220;T\u00f6lvuvi\u00f0ger\u00f0ir&#8220; use_icon=&#8220;on&#8220; font_icon=&#8220;&#xf109;||fa||900&#8243; icon_color=&#8220;#2f365f&#8220; image_icon_width=&#8220;60px&#8220; _builder_version=&#8220;4.24.0&#8243; _dynamic_attributes=&#8220;link_option_url&#8220; header_font=&#8220;Lato|700|||||||&#8220; header_text_align=&#8220;center&#8220; header_text_color=&#8220;#353740&#8243; header_font_size=&#8220;22px&#8220; header_line_height=&#8220;1.4em&#8220; body_font=&#8220;||||||||&#8220; body_text_color=&#8220;#747d88&#8243; body_font_size=&#8220;16px&#8220; body_line_height=&#8220;1.8em&#8220; custom_padding=&#8220;30px|30px|30px|30px|false|false&#8220; animation_style=&#8220;zoom&#8220; animation_delay=&#8220;100ms&#8220; link_option_url=&#8220;@ET-DC@eyJkeW5hbWljIjp0cnVlLCJjb250ZW50IjoicG9zdF9saW5rX3VybF9wYWdlIiwic2V0dGluZ3MiOnsicG9zdF9pZCI6IjE4NjYifX0=@&#8220; body_font_size_tablet=&#8220;16px&#8220; body_font_size_phone=&#8220;14px&#8220; body_font_size_last_edited=&#8220;on|phone&#8220; body_line_height_tablet=&#8220;1.8em&#8220; body_line_height_phone=&#8220;1.6em&#8220; body_line_height_last_edited=&#8220;on|desktop&#8220; border_width_all=&#8220;1px&#8220; border_color_all=&#8220;#2f365f&#8220; border_style_all=&#8220;solid&#8220; use_border_color=&#8220;on&#8220; border_color=&#8220;#dddddd&#8220; icon_font_size=&#8220;60px&#8220; global_colors_info=&#8220;{}&#8220;]<\/p>\n<p>Vi\u00f0 bilanagreinum allar PC t\u00f6lvur og skiptum um \u00fatskiptanlega hluti s\u00e9u \u00feeir bila\u00f0ir. Vi\u00f0 straujum PC t\u00f6lvur, hreinsum \u00fat v\u00edrusa, uppf\u00e6rum h\u00e6gar t\u00f6lvur og sm\u00ed\u00f0um n\u00fdjar. Vi\u00f0 bj\u00f3\u00f0um upp \u00e1 gagnaafritun, rykhreinsun og uppsetningar. Lesa meira&#8230;<\/p>\n<p>[\/et_pb_blurb][\/et_pb_column][et_pb_column type=&#8220;1_3&#8243; _builder_version=&#8220;4.16&#8243; custom_padding=&#8220;|||&#8220; global_colors_info=&#8220;{}&#8220; custom_padding__hover=&#8220;|||&#8220;][et_pb_blurb title=&#8220;Uppf\u00e6rslur og s\u00e9rsm\u00ed\u00f0i&#8220; use_icon=&#8220;on&#8220; font_icon=&#8220;&#xe00d;||divi||400&#8243; icon_color=&#8220;#2f365f&#8220; image_icon_width=&#8220;60px&#8220; _builder_version=&#8220;4.24.0&#8243; _dynamic_attributes=&#8220;link_option_url&#8220; header_font=&#8220;Lato|700|||||||&#8220; header_text_align=&#8220;center&#8220; header_text_color=&#8220;#353740&#8243; header_font_size=&#8220;22px&#8220; header_line_height=&#8220;1.4em&#8220; body_font=&#8220;||||||||&#8220; body_text_align=&#8220;left&#8220; body_text_color=&#8220;#747d88&#8243; body_font_size=&#8220;16px&#8220; body_line_height=&#8220;1.8em&#8220; text_orientation=&#8220;center&#8220; custom_padding=&#8220;30px|30px|30px|30px&#8220; animation_style=&#8220;zoom&#8220; animation_delay=&#8220;200ms&#8220; link_option_url=&#8220;@ET-DC@eyJkeW5hbWljIjp0cnVlLCJjb250ZW50IjoicG9zdF9saW5rX3VybF9wYWdlIiwic2V0dGluZ3MiOnsicG9zdF9pZCI6Ijk2OSJ9fQ==@&#8220; body_font_size_tablet=&#8220;16px&#8220; body_font_size_phone=&#8220;14px&#8220; body_font_size_last_edited=&#8220;on|phone&#8220; body_line_height_tablet=&#8220;1.8em&#8220; body_line_height_phone=&#8220;1.6em&#8220; body_line_height_last_edited=&#8220;on|phone&#8220; border_width_all=&#8220;1px&#8220; border_color_all=&#8220;#2f365f&#8220; border_style_all=&#8220;solid&#8220; use_border_color=&#8220;on&#8220; border_color=&#8220;#dddddd&#8220; icon_font_size=&#8220;60px&#8220; global_colors_info=&#8220;{}&#8220;]<\/p>\n<p>Uppf\u00e6rslur auka hra\u00f0a t\u00f6lvunnar \u00feinnar og gera hana betur \u00ed stakk b\u00fana til a\u00f0 keyra n\u00fdjasta hugb\u00fana\u00f0inn og t\u00f6lvuleikina. \u00dea\u00f0 er alls ekki v\u00edst a\u00f0 \u00fea\u00f0 s\u00e9 nau\u00f0synlegt a\u00f0 skipta t\u00f6lvunni \u00fat \u00fe\u00f3 a\u00f0 h\u00fan s\u00e9 or\u00f0in nokkurra \u00e1ra g\u00f6mul og sein og h\u00e6g \u00ed vinnslu. Lesa meira&#8230;<\/p>\n<p>[\/et_pb_blurb][\/et_pb_column][\/et_pb_row][\/et_pb_section]<\/p>\n","protected":false},"excerpt":{"rendered":"<p>T\u00f6lvuvi\u00f0ger\u00f0ir\u00a0 fyrir einstaklinga og fyrirt\u00e6kiEf t\u00f6lvan \u00fe\u00edn er or\u00f0in h\u00e6g og sein er h\u00fan m\u00f6gulega smitu\u00f0 af v\u00edrus e\u00f0a nj\u00f3snaforritum.\u00a0 \u00de\u00e1 er sni\u00f0ugt fyrir \u00feig a\u00f0 koma me\u00f0 hana til okkar \u00ed bilanagreiningu. Vi\u00f0 hreinsum v\u00edrusa og nj\u00f3snaforrit \u00fat af t\u00f6lvum og setjum upp v\u00edrusv\u00f6rn s\u00e9 \u00feess \u00f3ska\u00f0. Lesa meira&#8230;Vi\u00f0 bilanagreinum allar PC t\u00f6lvur og [&hellip;]<\/p>\n","protected":false},"author":1,"featured_media":0,"parent":0,"menu_order":0,"comment_status":"closed","ping_status":"closed","template":"","meta":{"_et_pb_use_builder":"on","_et_pb_old_content":"","_et_gb_content_width":"","footnotes":""},"class_list":["post-7","page","type-page","status-publish","hentry"],"yoast_head":"<!-- This site is optimized with the Yoast SEO plugin v27.4 - https:\/\/yoast.com\/product\/yoast-seo-wordpress\/ -->\n<title>T\u00f6lvuvi\u00f0ger\u00f0ir fyrir einstaklinga og fyrirt\u00e6ki - Tolvuland.is<\/title>\n<meta name=\"description\" content=\"T\u00f6lvuvi\u00f0ger\u00f0ir og vefs\u00ed\u00f0uger\u00f0 - WordPress vefs\u00ed\u00f0ur. Margra \u00e1ra reynsla og \u00feekking. Gerum vi\u00f0 allar tegundir og ger\u00f0ir af PC t\u00f6lvum.\" \/>\n<meta name=\"robots\" content=\"index, follow, max-snippet:-1, max-image-preview:large, max-video-preview:-1\" \/>\n<link rel=\"canonical\" href=\"https:\/\/tolvuland.is\/en\/\" \/>\n<meta property=\"og:locale\" content=\"en_US\" \/>\n<meta property=\"og:type\" content=\"article\" \/>\n<meta property=\"og:title\" content=\"T\u00f6lvuvi\u00f0ger\u00f0ir fyrir einstaklinga og fyrirt\u00e6ki - Tolvuland.is\" \/>\n<meta property=\"og:description\" content=\"T\u00f6lvuvi\u00f0ger\u00f0ir og vefs\u00ed\u00f0uger\u00f0 - WordPress vefs\u00ed\u00f0ur. Margra \u00e1ra reynsla og \u00feekking. Gerum vi\u00f0 allar tegundir og ger\u00f0ir af PC t\u00f6lvum.\" \/>\n<meta property=\"og:url\" content=\"https:\/\/tolvuland.is\/en\/\" \/>\n<meta property=\"og:site_name\" content=\"Tolvuland.is\" \/>\n<meta property=\"article:publisher\" content=\"https:\/\/www.facebook.com\/TolvulandEhf\/\" \/>\n<meta property=\"article:modified_time\" content=\"2026-02-19T20:51:25+00:00\" \/>\n<meta name=\"twitter:card\" content=\"summary_large_image\" \/>\n<meta name=\"twitter:label1\" content=\"Est. reading time\" \/>\n\t<meta name=\"twitter:data1\" content=\"1 minute\" \/>\n<script type=\"application\/ld+json\" class=\"yoast-schema-graph\">{\"@context\":\"https:\\\/\\\/schema.org\",\"@graph\":[{\"@type\":\"WebPage\",\"@id\":\"https:\\\/\\\/tolvuland.is\\\/\",\"url\":\"https:\\\/\\\/tolvuland.is\\\/\",\"name\":\"T\u00f6lvuvi\u00f0ger\u00f0ir fyrir einstaklinga og fyrirt\u00e6ki - Tolvuland.is\",\"isPartOf\":{\"@id\":\"https:\\\/\\\/tolvuland.is\\\/#website\"},\"datePublished\":\"2020-01-31T15:18:39+00:00\",\"dateModified\":\"2026-02-19T20:51:25+00:00\",\"description\":\"T\u00f6lvuvi\u00f0ger\u00f0ir og vefs\u00ed\u00f0uger\u00f0 - WordPress vefs\u00ed\u00f0ur. Margra \u00e1ra reynsla og \u00feekking. Gerum vi\u00f0 allar tegundir og ger\u00f0ir af PC t\u00f6lvum.\",\"breadcrumb\":{\"@id\":\"https:\\\/\\\/tolvuland.is\\\/#breadcrumb\"},\"inLanguage\":\"en-US\",\"potentialAction\":[{\"@type\":\"ReadAction\",\"target\":[\"https:\\\/\\\/tolvuland.is\\\/\"]}]},{\"@type\":\"BreadcrumbList\",\"@id\":\"https:\\\/\\\/tolvuland.is\\\/#breadcrumb\",\"itemListElement\":[{\"@type\":\"ListItem\",\"position\":1,\"name\":\"Home\",\"item\":\"https:\\\/\\\/tolvuland.is\\\/\"},{\"@type\":\"ListItem\",\"position\":2,\"name\":\"T\u00f6lvuvi\u00f0ger\u00f0ir fyrir einstaklinga og fyrirt\u00e6ki\"}]},{\"@type\":\"WebSite\",\"@id\":\"https:\\\/\\\/tolvuland.is\\\/#website\",\"url\":\"https:\\\/\\\/tolvuland.is\\\/\",\"name\":\"Tolvuland.is\",\"description\":\"Apple og PC t\u00f6lvuvi\u00f0ger\u00f0ir\",\"publisher\":{\"@id\":\"https:\\\/\\\/tolvuland.is\\\/#organization\"},\"potentialAction\":[{\"@type\":\"SearchAction\",\"target\":{\"@type\":\"EntryPoint\",\"urlTemplate\":\"https:\\\/\\\/tolvuland.is\\\/?s={search_term_string}\"},\"query-input\":{\"@type\":\"PropertyValueSpecification\",\"valueRequired\":true,\"valueName\":\"search_term_string\"}}],\"inLanguage\":\"en-US\"},{\"@type\":\"Organization\",\"@id\":\"https:\\\/\\\/tolvuland.is\\\/#organization\",\"name\":\"Tolvuland ehf\",\"url\":\"https:\\\/\\\/tolvuland.is\\\/\",\"logo\":{\"@type\":\"ImageObject\",\"inLanguage\":\"en-US\",\"@id\":\"https:\\\/\\\/tolvuland.is\\\/#\\\/schema\\\/logo\\\/image\\\/\",\"url\":\"https:\\\/\\\/tolvuland.is\\\/wp-content\\\/uploads\\\/2020\\\/02\\\/tl-logo-png-1.png\",\"contentUrl\":\"https:\\\/\\\/tolvuland.is\\\/wp-content\\\/uploads\\\/2020\\\/02\\\/tl-logo-png-1.png\",\"width\":240,\"height\":43,\"caption\":\"Tolvuland ehf\"},\"image\":{\"@id\":\"https:\\\/\\\/tolvuland.is\\\/#\\\/schema\\\/logo\\\/image\\\/\"},\"sameAs\":[\"https:\\\/\\\/www.facebook.com\\\/TolvulandEhf\\\/\"]}]}<\/script>\n<!-- \/ Yoast SEO plugin. -->","yoast_head_json":{"title":"T\u00f6lvuvi\u00f0ger\u00f0ir fyrir einstaklinga og fyrirt\u00e6ki - Tolvuland.is","description":"T\u00f6lvuvi\u00f0ger\u00f0ir og vefs\u00ed\u00f0uger\u00f0 - WordPress vefs\u00ed\u00f0ur. Margra \u00e1ra reynsla og \u00feekking. Gerum vi\u00f0 allar tegundir og ger\u00f0ir af PC t\u00f6lvum.","robots":{"index":"index","follow":"follow","max-snippet":"max-snippet:-1","max-image-preview":"max-image-preview:large","max-video-preview":"max-video-preview:-1"},"canonical":"https:\/\/tolvuland.is\/en\/","og_locale":"en_US","og_type":"article","og_title":"T\u00f6lvuvi\u00f0ger\u00f0ir fyrir einstaklinga og fyrirt\u00e6ki - Tolvuland.is","og_description":"T\u00f6lvuvi\u00f0ger\u00f0ir og vefs\u00ed\u00f0uger\u00f0 - WordPress vefs\u00ed\u00f0ur. Margra \u00e1ra reynsla og \u00feekking. Gerum vi\u00f0 allar tegundir og ger\u00f0ir af PC t\u00f6lvum.","og_url":"https:\/\/tolvuland.is\/en\/","og_site_name":"Tolvuland.is","article_publisher":"https:\/\/www.facebook.com\/TolvulandEhf\/","article_modified_time":"2026-02-19T20:51:25+00:00","twitter_card":"summary_large_image","twitter_misc":{"Est. reading time":"1 minute"},"schema":{"@context":"https:\/\/schema.org","@graph":[{"@type":"WebPage","@id":"https:\/\/tolvuland.is\/","url":"https:\/\/tolvuland.is\/","name":"T\u00f6lvuvi\u00f0ger\u00f0ir fyrir einstaklinga og fyrirt\u00e6ki - Tolvuland.is","isPartOf":{"@id":"https:\/\/tolvuland.is\/#website"},"datePublished":"2020-01-31T15:18:39+00:00","dateModified":"2026-02-19T20:51:25+00:00","description":"T\u00f6lvuvi\u00f0ger\u00f0ir og vefs\u00ed\u00f0uger\u00f0 - WordPress vefs\u00ed\u00f0ur. Margra \u00e1ra reynsla og \u00feekking. Gerum vi\u00f0 allar tegundir og ger\u00f0ir af PC t\u00f6lvum.","breadcrumb":{"@id":"https:\/\/tolvuland.is\/#breadcrumb"},"inLanguage":"en-US","potentialAction":[{"@type":"ReadAction","target":["https:\/\/tolvuland.is\/"]}]},{"@type":"BreadcrumbList","@id":"https:\/\/tolvuland.is\/#breadcrumb","itemListElement":[{"@type":"ListItem","position":1,"name":"Home","item":"https:\/\/tolvuland.is\/"},{"@type":"ListItem","position":2,"name":"T\u00f6lvuvi\u00f0ger\u00f0ir fyrir einstaklinga og fyrirt\u00e6ki"}]},{"@type":"WebSite","@id":"https:\/\/tolvuland.is\/#website","url":"https:\/\/tolvuland.is\/","name":"Tolvuland.is","description":"Apple og PC t\u00f6lvuvi\u00f0ger\u00f0ir","publisher":{"@id":"https:\/\/tolvuland.is\/#organization"},"potentialAction":[{"@type":"SearchAction","target":{"@type":"EntryPoint","urlTemplate":"https:\/\/tolvuland.is\/?s={search_term_string}"},"query-input":{"@type":"PropertyValueSpecification","valueRequired":true,"valueName":"search_term_string"}}],"inLanguage":"en-US"},{"@type":"Organization","@id":"https:\/\/tolvuland.is\/#organization","name":"Tolvuland ehf","url":"https:\/\/tolvuland.is\/","logo":{"@type":"ImageObject","inLanguage":"en-US","@id":"https:\/\/tolvuland.is\/#\/schema\/logo\/image\/","url":"https:\/\/tolvuland.is\/wp-content\/uploads\/2020\/02\/tl-logo-png-1.png","contentUrl":"https:\/\/tolvuland.is\/wp-content\/uploads\/2020\/02\/tl-logo-png-1.png","width":240,"height":43,"caption":"Tolvuland ehf"},"image":{"@id":"https:\/\/tolvuland.is\/#\/schema\/logo\/image\/"},"sameAs":["https:\/\/www.facebook.com\/TolvulandEhf\/"]}]}},"_links":{"self":[{"href":"https:\/\/tolvuland.is\/en\/wp-json\/wp\/v2\/pages\/7","targetHints":{"allow":["GET"]}}],"collection":[{"href":"https:\/\/tolvuland.is\/en\/wp-json\/wp\/v2\/pages"}],"about":[{"href":"https:\/\/tolvuland.is\/en\/wp-json\/wp\/v2\/types\/page"}],"author":[{"embeddable":true,"href":"https:\/\/tolvuland.is\/en\/wp-json\/wp\/v2\/users\/1"}],"replies":[{"embeddable":true,"href":"https:\/\/tolvuland.is\/en\/wp-json\/wp\/v2\/comments?post=7"}],"version-history":[{"count":302,"href":"https:\/\/tolvuland.is\/en\/wp-json\/wp\/v2\/pages\/7\/revisions"}],"predecessor-version":[{"id":4676,"href":"https:\/\/tolvuland.is\/en\/wp-json\/wp\/v2\/pages\/7\/revisions\/4676"}],"wp:attachment":[{"href":"https:\/\/tolvuland.is\/en\/wp-json\/wp\/v2\/media?parent=7"}],"curies":[{"name":"wp","href":"https:\/\/api.w.org\/{rel}","templated":true}]}}