{"id":4374,"date":"2024-06-23T18:19:36","date_gmt":"2024-06-23T18:19:36","guid":{"rendered":"https:\/\/tolvuland.is\/?page_id=4374"},"modified":"2024-06-23T18:19:36","modified_gmt":"2024-06-23T18:19:36","slug":"rafraen-voktun","status":"publish","type":"page","link":"https:\/\/tolvuland.is\/en\/rafraen-voktun\/","title":{"rendered":"Rafr\u00e6n v\u00f6ktun"},"content":{"rendered":"<p>[et_pb_section fb_built=&#8220;1&#8243; admin_label=&#8220;Header&#8220; _builder_version=&#8220;4.24.0&#8243; background_color=&#8220;#2f365f&#8220; background_enable_image=&#8220;off&#8220; custom_margin=&#8220;||||false&#8220; custom_padding=&#8220;||||true|false&#8220; global_colors_info=&#8220;{}&#8220;][et_pb_row _builder_version=&#8220;4.16&#8243; max_width=&#8220;700px&#8220; use_custom_width=&#8220;on&#8220; custom_width_px=&#8220;700px&#8220; global_colors_info=&#8220;{}&#8220;][et_pb_column type=&#8220;4_4&#8243; _builder_version=&#8220;4.16&#8243; custom_padding=&#8220;|||&#8220; global_colors_info=&#8220;{}&#8220; custom_padding__hover=&#8220;|||&#8220;][et_pb_text _builder_version=&#8220;4.25.2&#8243; _module_preset=&#8220;default&#8220; text_text_color=&#8220;#FFFFFF&#8220; header_font=&#8220;Lato|700|||||||&#8220; header_text_align=&#8220;center&#8220; header_text_color=&#8220;#EDF000&#8243; header_font_size=&#8220;62px&#8220; header_line_height=&#8220;1.2em&#8220; text_orientation=&#8220;center&#8220; header_font_size_tablet=&#8220;62px&#8220; header_font_size_phone=&#8220;36px&#8220; header_font_size_last_edited=&#8220;on|desktop&#8220; global_colors_info=&#8220;{}&#8220;]<\/p>\n<h1>Rafr\u00e6n v\u00f6ktun<\/h1>\n<p>[\/et_pb_text][\/et_pb_column][\/et_pb_row][\/et_pb_section][et_pb_section fb_built=&#8220;1&#8243; admin_label=&#8220;History&#8220; _builder_version=&#8220;4.16&#8243; global_colors_info=&#8220;{}&#8220;][et_pb_row _builder_version=&#8220;4.16&#8243; custom_margin=&#8220;|||&#8220; custom_padding=&#8220;27px|0px|27px|0px|false|false&#8220; global_colors_info=&#8220;{}&#8220;][et_pb_column type=&#8220;4_4&#8243; _builder_version=&#8220;4.16&#8243; custom_padding=&#8220;|||&#8220; global_colors_info=&#8220;{}&#8220; custom_padding__hover=&#8220;|||&#8220;][et_pb_text _builder_version=&#8220;4.25.2&#8243; text_font=&#8220;Open Sans||||||||&#8220; header_font=&#8220;Lato||||||||&#8220; header_text_align=&#8220;center&#8220; header_2_font=&#8220;Lato||||||||&#8220; header_2_text_align=&#8220;center&#8220; header_2_font_size=&#8220;24px&#8220; header_2_line_height=&#8220;1.7em&#8220; header_3_font=&#8220;Lato|700|||||||&#8220; header_3_font_size=&#8220;18px&#8220; max_width=&#8220;700px&#8220; max_width_tablet=&#8220;&#8220; max_width_phone=&#8220;&#8220; max_width_last_edited=&#8220;on|phone&#8220; module_alignment=&#8220;center&#8220; hover_enabled=&#8220;0&#8243; locked=&#8220;off&#8220; global_colors_info=&#8220;{}&#8220; sticky_enabled=&#8220;0&#8243;]<\/p>\n<h2>Fr\u00e6\u00f0sla vegna notkunar eftirlitsmyndav\u00e9la hj\u00e1 T\u00f6lvulandi ehf.<\/h2>\n<p><strong>\u00c1byrg\u00f0ara\u00f0ili v\u00f6ktunarinnar er:<\/strong><br \/>T\u00f6lvuland ehf., kt. 620509-0860, Skeljagranda 1, 107 Reykjav\u00edk, s\u00edmi: 899-3417 og netfang: <a href=\"mailto:tolvuland@tolvuland.is\">tolvuland@tolvuland.is<\/a><\/p>\n<p><strong>Pers\u00f3nuverndarfulltr\u00fai:<\/strong><br \/>Pers\u00f3nuverndarfulltr\u00fai f\u00e9lagsins er Fri\u00f0j\u00f3n Bj\u00f6rgvin Gunnarsson hj\u00e1 FBG R\u00e1\u00f0gj\u00f6f ehf. H\u00e6gt er a\u00f0 hafa samband vi\u00f0 hann me\u00f0 t\u00f6lvup\u00f3sti. Netfangi\u00f0 er <a href=\"mailto:personuvernd@fbg.is\">personuvernd@fbg.is<\/a><\/p>\n<p><strong>Tilgangur v\u00f6ktunarinnar:<\/strong><br \/>Myndav\u00e9larnar eru settar upp \u00ed \u00f6ryggis- og eignav\u00f6rslutilgangi, t.d. ef upp koma innbrot, skemmdarverk e\u00f0a \u00f6nnur hegningarlagabrot sem v\u00edsa \u00fearf til l\u00f6greglu. \u00cd \u00feeim tilvikum \u00fear sem atvik sem upp kunna a\u00f0 koma og var\u00f0a eftirlitsskyldu yfirvalda mun \u00feeim a\u00f0ilum standa til bo\u00f0a a\u00f0 \u00f3ska eftir a\u00f0gangi a\u00f0 myndefninu til samr\u00e6mis vi\u00f0 \u00e1kv\u00e6\u00f0i laga. Myndav\u00e9larnar eru ekki nota\u00f0ar \u00ed \u00f6\u00f0rum tilgangi en h\u00e9r er kve\u00f0i\u00f0 \u00e1 um. \u00cd h\u00fasn\u00e6\u00f0i \u00e1byrg\u00f0ara\u00f0ila eru alls ein eftirlitsmyndav\u00e9l. Myndav\u00e9l \u00e1byrg\u00f0ara\u00f0ila vaktar afgrei\u00f0slu \u00e1byrg\u00f0ara\u00f0ila. Myndav\u00e9linni er beint a\u00f0 sv\u00e6\u00f0i sem er innan l\u00f3\u00f0amarka og tilheyrir \u00e1byrg\u00f0ara\u00f0ila. H\u00fan tekur a\u00f0eins upp mynd en ekki hlj\u00f3\u00f0. \u00dea\u00f0 sv\u00e6\u00f0i sem er vakta\u00f0 af eftirlitsmyndav\u00e9linni er au\u00f0merkt s\u00e9rstaklega.<\/p>\n<p><strong>Heimild til vinnslu:<\/strong><br \/>Vinnsla pers\u00f3nuuppl\u00fdsinga sem \u00e1 s\u00e9r sta\u00f0 \u00ed tengslum vi\u00f0 rafr\u00e6na v\u00f6ktun uppfyllir \u00e1kv\u00e6\u00f0i laga nr. 90\/2018 um pers\u00f3nuvernd og vinnslu pers\u00f3nuuppl\u00fdsinga og \u00e1kv\u00e6\u00f0i regluger\u00f0ar ESB 2016\/679 (GDPR). Ofangreind v\u00f6ktun fer fram til a\u00f0 g\u00e6ta l\u00f6gm\u00e6tra hagsmuna \u00e1byrg\u00f0ara\u00f0ila \u00ed \u00f6ryggis- og eignav\u00f6rslutilgangi, sbr. 6. tl. 1. mgr. 9 .gr. laga um pers\u00f3nuvernd og vinnslu pers\u00f3nuuppl\u00fdsinga nr. 90\/2018.<\/p>\n<p><strong>Pers\u00f3nuuppl\u00fdsingar sem unni\u00f0 er me\u00f0:<\/strong><br \/>Myndefni\u00f0 sem ver\u00f0ur til vi\u00f0 v\u00f6ktunina s\u00fdnir einstaklinga sem fara um hi\u00f0 vakta\u00f0a sv\u00e6\u00f0i og athafnir \u00feeirra.<\/p>\n<p><strong>Vi\u00f0takandi:<\/strong><br \/>A\u00f0eins einn einstaklingur hefur a\u00f0gang a\u00f0 myndefninu sem ver\u00f0ur til vi\u00f0 eftirliti\u00f0 en hann er fyrirsvarsma\u00f0ur \u00e1byrg\u00f0ara\u00f0ila. Engir a\u00f0rir a\u00f0ilar hafa a\u00f0gang a\u00f0 efninu. Myndefni ver\u00f0ur eing\u00f6ngu mi\u00f0la\u00f0 til \u00feri\u00f0ju a\u00f0ila sem hafa l\u00f6gbundna heimild til uppl\u00fdsinga\u00f6flunar, t.d. vegna eftirlitsskyldu sinnar, svo sem Pers\u00f3nuvernd, Vinnueftirliti\u00f0, Heilbrig\u00f0iseftirlit Reykjav\u00edkur og L\u00f6greglan \u00e1 h\u00f6fu\u00f0borgarsv\u00e6\u00f0inu, svo d\u00e6mi s\u00e9u tekin. Efni kann einnig a\u00f0 vera afhent tryggingaf\u00e9lagi s\u00e9 sl\u00edkt nau\u00f0synlegt vegna tryggingam\u00e1ls. A\u00f0 \u00f6\u00f0ru leyti v\u00edsast til 5. og 10. gr. reglna nr. 50\/2023 um rafr\u00e6na v\u00f6ktun.<\/p>\n<p><strong>Var\u00f0veislut\u00edmi myndefnis:<\/strong><br \/>Myndefni er var\u00f0veitt \u00ed 30 daga og \u00fev\u00ed s\u00ed\u00f0an eytt. Uppt\u00f6kur geta veri\u00f0 var\u00f0veittar lengur s\u00e9 sl\u00edkt nau\u00f0synlegt til a\u00f0 krafa ver\u00f0i afm\u00f6rku\u00f0, sett fram e\u00f0a varin vegna d\u00f3msm\u00e1ls e\u00f0a annarra sl\u00edkra laganau\u00f0synja. Ef myndefni er afhent l\u00f6greglu er \u00f6\u00f0rum eint\u00f6kum \u00feess eytt. A\u00f0 \u00f6\u00f0ru leyti v\u00edsast til 2. tl. 2. mgr. 5. gr. og 11. gr. reglna nr. 50\/2023 um rafr\u00e6na v\u00f6ktun.<\/p>\n<p><strong>R\u00e9ttindi einstaklinga:<\/strong><br \/>\u00de\u00fa getur \u00e1tt r\u00e9tt \u00e1 a\u00f0 sko\u00f0a myndefni \u00fear sem \u00fe\u00fa kemur fyrir. \u00de\u00e1 getur\u00f0u einnig \u00e1tt r\u00e9tt \u00e1 afriti af sl\u00edku myndefni a\u00f0 \u00fev\u00ed gefnu a\u00f0 \u00fea\u00f0 sker\u00f0i ekki r\u00e9ttindi og frelsi annarra. A\u00f0 \u00f6\u00f0ru leyti v\u00edsast til III. kafla laga nr. 90\/2018 um pers\u00f3nuvernd og vinnslu pers\u00f3nuuppl\u00fdsinga, sbr. n\u00e1nar \u00e1kv\u00e6\u00f0i III. kafla regluger\u00f0ar ESB 2016\/679.<br \/>R\u00e9ttur til a\u00f0 leggja fram kv\u00f6rtun hj\u00e1 Pers\u00f3nuvernd:<br \/>\u00deeir sem s\u00e6ta rafr\u00e6nni v\u00f6ktun eiga r\u00e9tt \u00e1 a\u00f0 leggja fram kv\u00f6rtun hj\u00e1 Pers\u00f3nuvernd ef \u00feeir telja a\u00f0 vinnsla pers\u00f3nuuppl\u00fdsinga \u00feeirra gangi gegn pers\u00f3nuverndarl\u00f6gum.<\/p>\n<p>Reykjav\u00edk, 13. j\u00fan\u00ed 2024.<br \/>f.h. T\u00f6lvulands ehf.<br \/>\u00de\u00f3rarinn Gunnarsson.<\/p>\n<p>[\/et_pb_text][\/et_pb_column][\/et_pb_row][\/et_pb_section]<\/p>\n","protected":false},"excerpt":{"rendered":"<p>Rafr\u00e6n v\u00f6ktunFr\u00e6\u00f0sla vegna notkunar eftirlitsmyndav\u00e9la hj\u00e1 T\u00f6lvulandi ehf. \u00c1byrg\u00f0ara\u00f0ili v\u00f6ktunarinnar er:T\u00f6lvuland ehf., kt. 620509-0860, Skeljagranda 1, 107 Reykjav\u00edk, s\u00edmi: 899-3417 og netfang: tolvuland@tolvuland.is Pers\u00f3nuverndarfulltr\u00fai:Pers\u00f3nuverndarfulltr\u00fai f\u00e9lagsins er Fri\u00f0j\u00f3n Bj\u00f6rgvin Gunnarsson hj\u00e1 FBG R\u00e1\u00f0gj\u00f6f ehf. H\u00e6gt er a\u00f0 hafa samband vi\u00f0 hann me\u00f0 t\u00f6lvup\u00f3sti. Netfangi\u00f0 er personuvernd@fbg.is Tilgangur v\u00f6ktunarinnar:Myndav\u00e9larnar eru settar upp \u00ed \u00f6ryggis- og eignav\u00f6rslutilgangi, t.d. [&hellip;]<\/p>\n","protected":false},"author":1,"featured_media":0,"parent":0,"menu_order":0,"comment_status":"closed","ping_status":"closed","template":"","meta":{"_et_pb_use_builder":"on","_et_pb_old_content":"","_et_gb_content_width":"","footnotes":""},"class_list":["post-4374","page","type-page","status-publish","hentry"],"yoast_head":"<!-- This site is optimized with the Yoast SEO plugin v27.5 - https:\/\/yoast.com\/product\/yoast-seo-wordpress\/ -->\n<title>Rafr\u00e6n v\u00f6ktun - Tolvuland.is<\/title>\n<meta name=\"robots\" content=\"index, follow, max-snippet:-1, max-image-preview:large, max-video-preview:-1\" \/>\n<link rel=\"canonical\" href=\"https:\/\/tolvuland.is\/en\/rafraen-voktun\/\" \/>\n<meta property=\"og:locale\" content=\"en_US\" \/>\n<meta property=\"og:type\" content=\"article\" \/>\n<meta property=\"og:title\" content=\"Rafr\u00e6n v\u00f6ktun - Tolvuland.is\" \/>\n<meta property=\"og:description\" content=\"Rafr\u00e6n v\u00f6ktunFr\u00e6\u00f0sla vegna notkunar eftirlitsmyndav\u00e9la hj\u00e1 T\u00f6lvulandi ehf. \u00c1byrg\u00f0ara\u00f0ili v\u00f6ktunarinnar er:T\u00f6lvuland ehf., kt. 620509-0860, Skeljagranda 1, 107 Reykjav\u00edk, s\u00edmi: 899-3417 og netfang: tolvuland@tolvuland.is Pers\u00f3nuverndarfulltr\u00fai:Pers\u00f3nuverndarfulltr\u00fai f\u00e9lagsins er Fri\u00f0j\u00f3n Bj\u00f6rgvin Gunnarsson hj\u00e1 FBG R\u00e1\u00f0gj\u00f6f ehf. H\u00e6gt er a\u00f0 hafa samband vi\u00f0 hann me\u00f0 t\u00f6lvup\u00f3sti. Netfangi\u00f0 er personuvernd@fbg.is Tilgangur v\u00f6ktunarinnar:Myndav\u00e9larnar eru settar upp \u00ed \u00f6ryggis- og eignav\u00f6rslutilgangi, t.d. [&hellip;]\" \/>\n<meta property=\"og:url\" content=\"https:\/\/tolvuland.is\/en\/rafraen-voktun\/\" \/>\n<meta property=\"og:site_name\" content=\"Tolvuland.is\" \/>\n<meta property=\"article:publisher\" content=\"https:\/\/www.facebook.com\/TolvulandEhf\/\" \/>\n<meta name=\"twitter:card\" content=\"summary_large_image\" \/>\n<meta name=\"twitter:label1\" content=\"Est. reading time\" \/>\n\t<meta name=\"twitter:data1\" content=\"3 minutes\" \/>\n<script type=\"application\/ld+json\" class=\"yoast-schema-graph\">{\"@context\":\"https:\\\/\\\/schema.org\",\"@graph\":[{\"@type\":\"WebPage\",\"@id\":\"https:\\\/\\\/tolvuland.is\\\/rafraen-voktun\\\/\",\"url\":\"https:\\\/\\\/tolvuland.is\\\/rafraen-voktun\\\/\",\"name\":\"Rafr\u00e6n v\u00f6ktun - Tolvuland.is\",\"isPartOf\":{\"@id\":\"https:\\\/\\\/tolvuland.is\\\/#website\"},\"datePublished\":\"2024-06-23T18:19:36+00:00\",\"breadcrumb\":{\"@id\":\"https:\\\/\\\/tolvuland.is\\\/rafraen-voktun\\\/#breadcrumb\"},\"inLanguage\":\"en-US\",\"potentialAction\":[{\"@type\":\"ReadAction\",\"target\":[\"https:\\\/\\\/tolvuland.is\\\/rafraen-voktun\\\/\"]}]},{\"@type\":\"BreadcrumbList\",\"@id\":\"https:\\\/\\\/tolvuland.is\\\/rafraen-voktun\\\/#breadcrumb\",\"itemListElement\":[{\"@type\":\"ListItem\",\"position\":1,\"name\":\"Home\",\"item\":\"https:\\\/\\\/tolvuland.is\\\/\"},{\"@type\":\"ListItem\",\"position\":2,\"name\":\"Rafr\u00e6n v\u00f6ktun\"}]},{\"@type\":\"WebSite\",\"@id\":\"https:\\\/\\\/tolvuland.is\\\/#website\",\"url\":\"https:\\\/\\\/tolvuland.is\\\/\",\"name\":\"Tolvuland.is\",\"description\":\"Apple og PC t\u00f6lvuvi\u00f0ger\u00f0ir\",\"publisher\":{\"@id\":\"https:\\\/\\\/tolvuland.is\\\/#organization\"},\"potentialAction\":[{\"@type\":\"SearchAction\",\"target\":{\"@type\":\"EntryPoint\",\"urlTemplate\":\"https:\\\/\\\/tolvuland.is\\\/?s={search_term_string}\"},\"query-input\":{\"@type\":\"PropertyValueSpecification\",\"valueRequired\":true,\"valueName\":\"search_term_string\"}}],\"inLanguage\":\"en-US\"},{\"@type\":\"Organization\",\"@id\":\"https:\\\/\\\/tolvuland.is\\\/#organization\",\"name\":\"Tolvuland ehf\",\"url\":\"https:\\\/\\\/tolvuland.is\\\/\",\"logo\":{\"@type\":\"ImageObject\",\"inLanguage\":\"en-US\",\"@id\":\"https:\\\/\\\/tolvuland.is\\\/#\\\/schema\\\/logo\\\/image\\\/\",\"url\":\"https:\\\/\\\/tolvuland.is\\\/wp-content\\\/uploads\\\/2020\\\/02\\\/tl-logo-png-1.png\",\"contentUrl\":\"https:\\\/\\\/tolvuland.is\\\/wp-content\\\/uploads\\\/2020\\\/02\\\/tl-logo-png-1.png\",\"width\":240,\"height\":43,\"caption\":\"Tolvuland ehf\"},\"image\":{\"@id\":\"https:\\\/\\\/tolvuland.is\\\/#\\\/schema\\\/logo\\\/image\\\/\"},\"sameAs\":[\"https:\\\/\\\/www.facebook.com\\\/TolvulandEhf\\\/\"]}]}<\/script>\n<!-- \/ Yoast SEO plugin. -->","yoast_head_json":{"title":"Rafr\u00e6n v\u00f6ktun - Tolvuland.is","robots":{"index":"index","follow":"follow","max-snippet":"max-snippet:-1","max-image-preview":"max-image-preview:large","max-video-preview":"max-video-preview:-1"},"canonical":"https:\/\/tolvuland.is\/en\/rafraen-voktun\/","og_locale":"en_US","og_type":"article","og_title":"Rafr\u00e6n v\u00f6ktun - Tolvuland.is","og_description":"Rafr\u00e6n v\u00f6ktunFr\u00e6\u00f0sla vegna notkunar eftirlitsmyndav\u00e9la hj\u00e1 T\u00f6lvulandi ehf. \u00c1byrg\u00f0ara\u00f0ili v\u00f6ktunarinnar er:T\u00f6lvuland ehf., kt. 620509-0860, Skeljagranda 1, 107 Reykjav\u00edk, s\u00edmi: 899-3417 og netfang: tolvuland@tolvuland.is Pers\u00f3nuverndarfulltr\u00fai:Pers\u00f3nuverndarfulltr\u00fai f\u00e9lagsins er Fri\u00f0j\u00f3n Bj\u00f6rgvin Gunnarsson hj\u00e1 FBG R\u00e1\u00f0gj\u00f6f ehf. H\u00e6gt er a\u00f0 hafa samband vi\u00f0 hann me\u00f0 t\u00f6lvup\u00f3sti. Netfangi\u00f0 er personuvernd@fbg.is Tilgangur v\u00f6ktunarinnar:Myndav\u00e9larnar eru settar upp \u00ed \u00f6ryggis- og eignav\u00f6rslutilgangi, t.d. [&hellip;]","og_url":"https:\/\/tolvuland.is\/en\/rafraen-voktun\/","og_site_name":"Tolvuland.is","article_publisher":"https:\/\/www.facebook.com\/TolvulandEhf\/","twitter_card":"summary_large_image","twitter_misc":{"Est. reading time":"3 minutes"},"schema":{"@context":"https:\/\/schema.org","@graph":[{"@type":"WebPage","@id":"https:\/\/tolvuland.is\/rafraen-voktun\/","url":"https:\/\/tolvuland.is\/rafraen-voktun\/","name":"Rafr\u00e6n v\u00f6ktun - Tolvuland.is","isPartOf":{"@id":"https:\/\/tolvuland.is\/#website"},"datePublished":"2024-06-23T18:19:36+00:00","breadcrumb":{"@id":"https:\/\/tolvuland.is\/rafraen-voktun\/#breadcrumb"},"inLanguage":"en-US","potentialAction":[{"@type":"ReadAction","target":["https:\/\/tolvuland.is\/rafraen-voktun\/"]}]},{"@type":"BreadcrumbList","@id":"https:\/\/tolvuland.is\/rafraen-voktun\/#breadcrumb","itemListElement":[{"@type":"ListItem","position":1,"name":"Home","item":"https:\/\/tolvuland.is\/"},{"@type":"ListItem","position":2,"name":"Rafr\u00e6n v\u00f6ktun"}]},{"@type":"WebSite","@id":"https:\/\/tolvuland.is\/#website","url":"https:\/\/tolvuland.is\/","name":"Tolvuland.is","description":"Apple og PC t\u00f6lvuvi\u00f0ger\u00f0ir","publisher":{"@id":"https:\/\/tolvuland.is\/#organization"},"potentialAction":[{"@type":"SearchAction","target":{"@type":"EntryPoint","urlTemplate":"https:\/\/tolvuland.is\/?s={search_term_string}"},"query-input":{"@type":"PropertyValueSpecification","valueRequired":true,"valueName":"search_term_string"}}],"inLanguage":"en-US"},{"@type":"Organization","@id":"https:\/\/tolvuland.is\/#organization","name":"Tolvuland ehf","url":"https:\/\/tolvuland.is\/","logo":{"@type":"ImageObject","inLanguage":"en-US","@id":"https:\/\/tolvuland.is\/#\/schema\/logo\/image\/","url":"https:\/\/tolvuland.is\/wp-content\/uploads\/2020\/02\/tl-logo-png-1.png","contentUrl":"https:\/\/tolvuland.is\/wp-content\/uploads\/2020\/02\/tl-logo-png-1.png","width":240,"height":43,"caption":"Tolvuland ehf"},"image":{"@id":"https:\/\/tolvuland.is\/#\/schema\/logo\/image\/"},"sameAs":["https:\/\/www.facebook.com\/TolvulandEhf\/"]}]}},"_links":{"self":[{"href":"https:\/\/tolvuland.is\/en\/wp-json\/wp\/v2\/pages\/4374","targetHints":{"allow":["GET"]}}],"collection":[{"href":"https:\/\/tolvuland.is\/en\/wp-json\/wp\/v2\/pages"}],"about":[{"href":"https:\/\/tolvuland.is\/en\/wp-json\/wp\/v2\/types\/page"}],"author":[{"embeddable":true,"href":"https:\/\/tolvuland.is\/en\/wp-json\/wp\/v2\/users\/1"}],"replies":[{"embeddable":true,"href":"https:\/\/tolvuland.is\/en\/wp-json\/wp\/v2\/comments?post=4374"}],"version-history":[{"count":7,"href":"https:\/\/tolvuland.is\/en\/wp-json\/wp\/v2\/pages\/4374\/revisions"}],"predecessor-version":[{"id":4392,"href":"https:\/\/tolvuland.is\/en\/wp-json\/wp\/v2\/pages\/4374\/revisions\/4392"}],"wp:attachment":[{"href":"https:\/\/tolvuland.is\/en\/wp-json\/wp\/v2\/media?parent=4374"}],"curies":[{"name":"wp","href":"https:\/\/api.w.org\/{rel}","templated":true}]}}