{"id":405,"date":"2020-02-15T10:26:06","date_gmt":"2020-02-15T10:26:06","guid":{"rendered":"http:\/\/tolvuland.is\/?page_id=405"},"modified":"2024-06-24T20:16:42","modified_gmt":"2024-06-24T20:16:42","slug":"skilmalar","status":"publish","type":"page","link":"https:\/\/tolvuland.is\/en\/skilmalar\/","title":{"rendered":"Skilm\u00e1lar"},"content":{"rendered":"<p>[et_pb_section fb_built=&#8220;1&#8243; admin_label=&#8220;Header&#8220; _builder_version=&#8220;4.24.0&#8243; background_color=&#8220;#2f365f&#8220; background_enable_image=&#8220;off&#8220; custom_margin=&#8220;||||false&#8220; custom_padding=&#8220;||||true|false&#8220; global_colors_info=&#8220;{}&#8220;][et_pb_row _builder_version=&#8220;4.16&#8243; max_width=&#8220;700px&#8220; use_custom_width=&#8220;on&#8220; custom_width_px=&#8220;700px&#8220; global_colors_info=&#8220;{}&#8220;][et_pb_column type=&#8220;4_4&#8243; _builder_version=&#8220;4.16&#8243; custom_padding=&#8220;|||&#8220; global_colors_info=&#8220;{}&#8220; custom_padding__hover=&#8220;|||&#8220;][et_pb_text _builder_version=&#8220;4.25.2&#8243; _module_preset=&#8220;default&#8220; text_text_color=&#8220;#FFFFFF&#8220; header_font=&#8220;Lato|700||on|||||&#8220; header_text_align=&#8220;center&#8220; header_text_color=&#8220;#EDF000&#8243; header_font_size=&#8220;60px&#8220; header_line_height=&#8220;1.2em&#8220; text_orientation=&#8220;center&#8220; header_font_size_tablet=&#8220;62px&#8220; header_font_size_phone=&#8220;28px&#8220; header_font_size_last_edited=&#8220;on|phone&#8220; global_colors_info=&#8220;{}&#8220;]<\/p>\n<h1>Skilm\u00e1lar<\/h1>\n<p>[\/et_pb_text][\/et_pb_column][\/et_pb_row][\/et_pb_section][et_pb_section fb_built=&#8220;1&#8243; admin_label=&#8220;History&#8220; _builder_version=&#8220;4.16&#8243; global_colors_info=&#8220;{}&#8220;][et_pb_row _builder_version=&#8220;4.16&#8243; custom_margin=&#8220;|||&#8220; custom_padding=&#8220;27px|0px|27px|0px|false|false&#8220; global_colors_info=&#8220;{}&#8220;][et_pb_column type=&#8220;4_4&#8243; _builder_version=&#8220;4.16&#8243; custom_padding=&#8220;|||&#8220; global_colors_info=&#8220;{}&#8220; custom_padding__hover=&#8220;|||&#8220;][et_pb_text _builder_version=&#8220;4.25.2&#8243; text_font=&#8220;Open Sans||||||||&#8220; text_font_size=&#8220;16px&#8220; text_line_height=&#8220;1.8em&#8220; header_6_font=&#8220;Playfair Display|700|||||||&#8220; max_width=&#8220;700px&#8220; max_width_tablet=&#8220;&#8220; max_width_phone=&#8220;&#8220; max_width_last_edited=&#8220;on|phone&#8220; module_alignment=&#8220;center&#8220; locked=&#8220;off&#8220; global_colors_info=&#8220;{}&#8220;]<\/p>\n<p><strong>Seljandi<\/strong> er T\u00f6lvuland ehf, kt. 620509-0860, vir\u00f0isaukaskattsn\u00famer: 101461 og gilda skilm\u00e1lar \u00feessir um s\u00f6lu \u00e1 v\u00f6rum og \u00fej\u00f3nustu til neytenda. Um skilm\u00e1la \u00feessa er fjalla\u00f0 \u00ed l\u00f6gum um neytendakaup. Skilm\u00e1lar \u00feessir eru einungis f\u00e1anlegir \u00e1 \u00cdslensku.<br \/><strong><\/strong><\/p>\n<p><strong>Ver\u00f0, skattar og gj\u00f6ld:<\/strong><br \/>Ver\u00f0 geta breyst \u00e1n fyrirvara. \u00d6ll ver\u00f0 eru me\u00f0 24% VSK og birt me\u00f0 fyrirvara um innsl\u00e1ttarvillur.<\/p>\n<p><strong>Me\u00f0fer\u00f0 pers\u00f3nuuppl\u00fdsinga:<\/strong><br \/>Vi\u00f0skiptavinir geta \u00feurft a\u00f0 gefa pers\u00f3nuuppl\u00fdsingar vegna kaupa \u00e1 v\u00f6rum e\u00f0a \u00fej\u00f3nustu \u00e1 \u00feessari vefs\u00ed\u00f0u. \u00dea\u00f0 sama \u00e1 vi\u00f0 um uppl\u00fdsingar sem notendur \u00feurfa a\u00f0 gefa upp vi\u00f0 notendaskr\u00e1ningar, innskr\u00e1ningar, fyrirspurnir e\u00f0a kannanir \u00e1 vefs\u00ed\u00f0unum. Fari\u00f0 er me\u00f0 pers\u00f3nuuppl\u00fdsingar sem algj\u00f6rt tr\u00fana\u00f0arm\u00e1l og \u00fe\u00e6r einungis n\u00fdttar til a\u00f0 tryggja vi\u00f0skipavinum g\u00f3\u00f0a \u00fej\u00f3nustu. Pers\u00f3nuuppl\u00fdsingum er aldrei dreift til \u00feri\u00f0ja a\u00f0ila. \u00d6ll samskipti \u00e1 heimas\u00ed\u00f0unni fer \u00ed gegnum SSL dulk\u00f3\u00f0un. H\u00e9r getur \u00fe\u00fa sko\u00f0a\u00f0 skilm\u00e1la T\u00f6lvulands ehf um <a href=\"https:\/\/tolvuland.is\/vafrakokur\/\">notkun \u00e1 vafrak\u00f6kum<\/a>.<\/p>\n<p><strong>V\u00f6ruskil \u00e1 \u00f3g\u00f6llu\u00f0um v\u00f6rum:<\/strong><br \/>Veittur er 14 daga skilar\u00e9ttur vi\u00f0 kaup \u00e1 v\u00f6ru gegn \u00fev\u00ed a\u00f0 framv\u00edsa\u00f0 s\u00e9 kassakvittun e\u00f0a s\u00f6lureikningi sem s\u00fdnir me\u00f0 fulln\u00e6gjandi h\u00e6tti hven\u00e6r varan var keypt. Varan \u00fearf a\u00f0 vera \u00f3notu\u00f0, \u00ed fullkomnu lagi og \u00ed s\u00ednum upprunalegu \u00f3skemmdu umb\u00fa\u00f0um \u00feegar henni er skila\u00f0. Ef vara er innsiglu\u00f0 m\u00e1 ekki rj\u00fafa innsigli\u00f0. Vi\u00f0 skil \u00e1 v\u00f6ru er mi\u00f0a\u00f0 vi\u00f0 upprunalegt ver\u00f0 hennar, nema vi\u00f0komandi vara s\u00e9 \u00e1 \u00fats\u00f6lu e\u00f0a \u00e1 s\u00e9rtilbo\u00f0i vi\u00f0 v\u00f6ruskil. \u00de\u00e1 er mi\u00f0a\u00f0 vi\u00f0 ver\u00f0 v\u00f6runnar \u00feann dag sem henni er skila\u00f0. Ef kaupandi vill ekki skipta v\u00f6runni fyrir a\u00f0ra v\u00f6ru ver\u00f0ur gefin \u00fat inneignarn\u00f3ta (kreditreikningur) eftir a\u00f0 varan er m\u00f3ttekin. Inneignarn\u00f3tan gildir \u00ed eitt \u00e1r fr\u00e1 \u00fatg\u00e1fudegi og er gild vi\u00f0 almenn v\u00f6rukaup. Flutnings- og p\u00f3stbur\u00f0argj\u00f6ld eru ekki endurgreidd.<\/p>\n<p><strong>Eignarr\u00e9ttarfyrirvari:<\/strong><br \/>Hi\u00f0 selda er eign seljanda \u00fear til ver\u00f0i\u00f0 er greitt a\u00f0 fullu \u00ed samr\u00e6mi vi\u00f0 42. gr. laga nr. 75\/1997. Sam\u00feykktir v\u00edxlar, skuldabr\u00e9f e\u00f0a grei\u00f0sla me\u00f0 \u00e1v\u00edsunum afnema ekki eignarr\u00e9ttinn fyrr en full grei\u00f0sla hefur borist.<\/p>\n<p><strong>\u00c1byrg\u00f0arskilm\u00e1lar:<\/strong><br \/>\u00c1byrg\u00f0 vegna galla \u00e1 v\u00f6ru er \u00ed samr\u00e6mi vi\u00f0 neytendakaupal\u00f6g 48\/2003 og mi\u00f0ast vi\u00f0 kaupdagsetningu til einstaklinga. Almennur kv\u00f6rtunarfrestur er 2 \u00e1r fr\u00e1 kaupdagsetningu. Ef um er a\u00f0 r\u00e6\u00f0a s\u00f6lu \u00e1 v\u00f6ru til fyrirt\u00e6kis (atvinnustarfsemi) er \u00e1byrg\u00f0 \u00e1 galla 1 \u00e1r fr\u00e1 kaupdagsettningu samkv\u00e6mt l\u00f6gum um lausafj\u00e1rkaup nr 50\/2000.<br \/>S\u00f6lureikningur v\u00f6runnar er \u00e1byrg\u00f0arsk\u00edrteini hennar. \u00c1byrg\u00f0 er tekin \u00e1 galla \u00ed v\u00f6ru mi\u00f0a\u00f0 vi\u00f0 e\u00f0lilega notkun hennar \u00e1samt varahlutum og vinnu. Rekstrarv\u00f6rur svo sem rafhl\u00f6\u00f0ur og viftur eru seldar me\u00f0 6-12 m\u00e1na\u00f0a \u00e1byrg\u00f0 e\u00f0a samkv\u00e6mt endingarmati framlei\u00f0enda \u00feeirra. Kaupandi \u00fearf sj\u00e1lfur a\u00f0 standa straum af kostna\u00f0i vi\u00f0 a\u00f0 koma galla\u00f0ri v\u00f6ru til vi\u00f0ger\u00f0ar og s\u00e6kja hana \u00far vi\u00f0ger\u00f0.<\/p>\n<p><strong>Hugb\u00fana\u00f0ur:<\/strong><br \/>Hugb\u00fana\u00f0ur er seldur \u00e1n tilkalls til endurb\u00f3ta e\u00f0a breytinga sem kunna a\u00f0 ver\u00f0a ger\u00f0ar \u00e1 honum. T\u00f6lvuland ehf ve\u00f0ur ekki undur neinum kringumst\u00e6\u00f0um \u00e1byrgt fyrir ska\u00f0a sem notkun hugb\u00fana\u00f0arins kann a\u00f0 valda.<\/p>\n<p><strong>Takm\u00f6rkun \u00e1 \u00e1byrg\u00f0:<\/strong><br \/>\u00c1byrg\u00f0in n\u00e6r ekki til e\u00f0lilegs slits t\u00e6kis e\u00f0a notkunar \u00e1 rekstrarv\u00f6rum \u00fe.e. h\u00fan n\u00e6r ekki til t\u00e6kja sem e\u00f0lilegt \u00feykir a\u00f0 endist skemur en 2 \u00e1r.<br \/>Me\u00f0 \u00fev\u00ed a\u00f0 versla v\u00f6ru e\u00f0a \u00fej\u00f3nustu hj\u00e1 T\u00f6lvulandi ehf e\u00f0a \u00ed netverslunum fyrirt\u00e6kisins sta\u00f0festir kaupandi a\u00f0 \u00e1byrg\u00f0ar\u00fej\u00f3nusta hvort sem um vinnu e\u00f0a v\u00f6ru er a\u00f0 r\u00e6\u00f0a mi\u00f0ast alltaf vi\u00f0 upprunalegt ver\u00f0 \u00feeirrar v\u00f6ru sem \u00e1byrg\u00f0in tekur til.<br \/>T\u00f6lvuland ehf er ekki undir neinum kringumst\u00e6\u00f0um \u00e1byrgt fyrir afleiddu tj\u00f3ni sem notkun \u00e1 v\u00f6ru e\u00f0a bilun \u00ed henni kann a\u00f0 valda hvort sem um beint e\u00f0a \u00f3beint tj\u00f3n er a\u00f0 r\u00e6\u00f0a e\u00f0a tap \u00e1 s\u00f6luhagna\u00f0i.<\/p>\n<p><strong>\u00c1byrg\u00f0 fellur \u00far gildi:<\/strong><br \/>1. Ef a\u00f0rir en starfsmenn T\u00f6lvulands ehf hafa reynt a\u00f0 gera vi\u00f0 v\u00f6runa \u00e1n leyfis T\u00f6lvulands ehf<br \/>2. Ef varan hefur veri\u00f0 tengd vi\u00f0 ranga spennu e\u00f0a straumtengi.<br \/>3. Ef verksmi\u00f0jun\u00famer e\u00f0a innsigli hafa veri\u00f0 fjarl\u00e6g\u00f0<br \/>4. Ef varan hefur or\u00f0i\u00f0 fyrir sl\u00e6mri e\u00f0a rangri me\u00f0h\u00f6ndlun a\u00f0 mati t\u00e6knimanna T\u00f6lvulands ehf e\u00f0a skemmst \u00ed flutningum<br \/>5. Varan hafi veri\u00f0 notu\u00f0 vi\u00f0 \u00f3vi\u00f0unandi a\u00f0st\u00e6\u00f0ur<\/p>\n<p><strong>\u00c1byrg\u00f0 er ekki tekin \u00e1:<\/strong><br \/>1. E\u00f0lilegu sliti v\u00f6runnar<br \/>2. G\u00f6gnum e\u00f0a hugb\u00fana\u00f0i \u00e1 h\u00f6r\u00f0um diskum t\u00f6lva og \u00fearf eigandi a\u00f0 bera kostna\u00f0 af f\u00e6rslu \u00e1 \u00feeim \u00e1 milli diska.<br \/>3. Skj\u00e1v\u00f6rnum (skj\u00e1glerum) fyrir fars\u00edma e\u00f0 spjaldt\u00f6lvur sem brotna (skemmast) vi\u00f0 notkun v\u00f6runnar.<br \/>4. Afleiddu tj\u00f3ni vegna bilunar v\u00f6ru. sem lei\u00f0a kann af bilun, svo sem gagnabj\u00f6rgun, t\u00f6pu\u00f0um hagna\u00f0i og \u00fe.h<\/p>\n<p><strong>Anna\u00f0:<\/strong><br \/>1. Ef bilun kemur ekki fram vi\u00f0 sko\u00f0un er innheimt s\u00e9rstakt sko\u00f0unargjald<br \/>2. Ef vara sem komi\u00f0 er me\u00f0 til \u00e1byrg\u00f0arvi\u00f0ger\u00f0ar reynist ekki bilu\u00f0 e\u00f0a vi\u00f0ger\u00f0 fellur ekki undir \u00e1byrg\u00f0arskilm\u00e1la, \u00fearf eigandi a\u00f0 grei\u00f0a fyrir \u00feann t\u00edma sem fari\u00f0 hefur \u00ed vi\u00f0ger\u00f0ina.<\/p>\n<p>[\/et_pb_text][\/et_pb_column][\/et_pb_row][\/et_pb_section]<\/p>\n","protected":false},"excerpt":{"rendered":"<p>Skilm\u00e1larSeljandi er T\u00f6lvuland ehf, kt. 620509-0860, vir\u00f0isaukaskattsn\u00famer: 101461 og gilda skilm\u00e1lar \u00feessir um s\u00f6lu \u00e1 v\u00f6rum og \u00fej\u00f3nustu til neytenda. Um skilm\u00e1la \u00feessa er fjalla\u00f0 \u00ed l\u00f6gum um neytendakaup. Skilm\u00e1lar \u00feessir eru einungis f\u00e1anlegir \u00e1 \u00cdslensku. Ver\u00f0, skattar og gj\u00f6ld:Ver\u00f0 geta breyst \u00e1n fyrirvara. \u00d6ll ver\u00f0 eru me\u00f0 24% VSK og birt me\u00f0 fyrirvara um [&hellip;]<\/p>\n","protected":false},"author":1,"featured_media":0,"parent":0,"menu_order":0,"comment_status":"closed","ping_status":"closed","template":"","meta":{"_et_pb_use_builder":"on","_et_pb_old_content":"","_et_gb_content_width":"","footnotes":""},"class_list":["post-405","page","type-page","status-publish","hentry"],"yoast_head":"<!-- This site is optimized with the Yoast SEO plugin v27.5 - https:\/\/yoast.com\/product\/yoast-seo-wordpress\/ -->\n<title>Skilm\u00e1lar - Tolvuland.is<\/title>\n<meta name=\"robots\" content=\"index, follow, max-snippet:-1, max-image-preview:large, max-video-preview:-1\" \/>\n<link rel=\"canonical\" href=\"https:\/\/tolvuland.is\/en\/skilmalar\/\" \/>\n<meta property=\"og:locale\" content=\"en_US\" \/>\n<meta property=\"og:type\" content=\"article\" \/>\n<meta property=\"og:title\" content=\"Skilm\u00e1lar - Tolvuland.is\" \/>\n<meta property=\"og:description\" content=\"Skilm\u00e1larSeljandi er T\u00f6lvuland ehf, kt. 620509-0860, vir\u00f0isaukaskattsn\u00famer: 101461 og gilda skilm\u00e1lar \u00feessir um s\u00f6lu \u00e1 v\u00f6rum og \u00fej\u00f3nustu til neytenda. Um skilm\u00e1la \u00feessa er fjalla\u00f0 \u00ed l\u00f6gum um neytendakaup. Skilm\u00e1lar \u00feessir eru einungis f\u00e1anlegir \u00e1 \u00cdslensku. Ver\u00f0, skattar og gj\u00f6ld:Ver\u00f0 geta breyst \u00e1n fyrirvara. \u00d6ll ver\u00f0 eru me\u00f0 24% VSK og birt me\u00f0 fyrirvara um [&hellip;]\" \/>\n<meta property=\"og:url\" content=\"https:\/\/tolvuland.is\/en\/skilmalar\/\" \/>\n<meta property=\"og:site_name\" content=\"Tolvuland.is\" \/>\n<meta property=\"article:publisher\" content=\"https:\/\/www.facebook.com\/TolvulandEhf\/\" \/>\n<meta property=\"article:modified_time\" content=\"2024-06-24T20:16:42+00:00\" \/>\n<meta name=\"twitter:card\" content=\"summary_large_image\" \/>\n<meta name=\"twitter:label1\" content=\"Est. reading time\" \/>\n\t<meta name=\"twitter:data1\" content=\"4 minutes\" \/>\n<script type=\"application\/ld+json\" class=\"yoast-schema-graph\">{\"@context\":\"https:\\\/\\\/schema.org\",\"@graph\":[{\"@type\":\"WebPage\",\"@id\":\"https:\\\/\\\/tolvuland.is\\\/skilmalar\\\/\",\"url\":\"https:\\\/\\\/tolvuland.is\\\/skilmalar\\\/\",\"name\":\"Skilm\u00e1lar - Tolvuland.is\",\"isPartOf\":{\"@id\":\"https:\\\/\\\/tolvuland.is\\\/#website\"},\"datePublished\":\"2020-02-15T10:26:06+00:00\",\"dateModified\":\"2024-06-24T20:16:42+00:00\",\"breadcrumb\":{\"@id\":\"https:\\\/\\\/tolvuland.is\\\/skilmalar\\\/#breadcrumb\"},\"inLanguage\":\"en-US\",\"potentialAction\":[{\"@type\":\"ReadAction\",\"target\":[\"https:\\\/\\\/tolvuland.is\\\/skilmalar\\\/\"]}]},{\"@type\":\"BreadcrumbList\",\"@id\":\"https:\\\/\\\/tolvuland.is\\\/skilmalar\\\/#breadcrumb\",\"itemListElement\":[{\"@type\":\"ListItem\",\"position\":1,\"name\":\"Home\",\"item\":\"https:\\\/\\\/tolvuland.is\\\/\"},{\"@type\":\"ListItem\",\"position\":2,\"name\":\"Skilm\u00e1lar\"}]},{\"@type\":\"WebSite\",\"@id\":\"https:\\\/\\\/tolvuland.is\\\/#website\",\"url\":\"https:\\\/\\\/tolvuland.is\\\/\",\"name\":\"Tolvuland.is\",\"description\":\"Apple og PC t\u00f6lvuvi\u00f0ger\u00f0ir\",\"publisher\":{\"@id\":\"https:\\\/\\\/tolvuland.is\\\/#organization\"},\"potentialAction\":[{\"@type\":\"SearchAction\",\"target\":{\"@type\":\"EntryPoint\",\"urlTemplate\":\"https:\\\/\\\/tolvuland.is\\\/?s={search_term_string}\"},\"query-input\":{\"@type\":\"PropertyValueSpecification\",\"valueRequired\":true,\"valueName\":\"search_term_string\"}}],\"inLanguage\":\"en-US\"},{\"@type\":\"Organization\",\"@id\":\"https:\\\/\\\/tolvuland.is\\\/#organization\",\"name\":\"Tolvuland ehf\",\"url\":\"https:\\\/\\\/tolvuland.is\\\/\",\"logo\":{\"@type\":\"ImageObject\",\"inLanguage\":\"en-US\",\"@id\":\"https:\\\/\\\/tolvuland.is\\\/#\\\/schema\\\/logo\\\/image\\\/\",\"url\":\"https:\\\/\\\/tolvuland.is\\\/wp-content\\\/uploads\\\/2020\\\/02\\\/tl-logo-png-1.png\",\"contentUrl\":\"https:\\\/\\\/tolvuland.is\\\/wp-content\\\/uploads\\\/2020\\\/02\\\/tl-logo-png-1.png\",\"width\":240,\"height\":43,\"caption\":\"Tolvuland ehf\"},\"image\":{\"@id\":\"https:\\\/\\\/tolvuland.is\\\/#\\\/schema\\\/logo\\\/image\\\/\"},\"sameAs\":[\"https:\\\/\\\/www.facebook.com\\\/TolvulandEhf\\\/\"]}]}<\/script>\n<!-- \/ Yoast SEO plugin. -->","yoast_head_json":{"title":"Skilm\u00e1lar - Tolvuland.is","robots":{"index":"index","follow":"follow","max-snippet":"max-snippet:-1","max-image-preview":"max-image-preview:large","max-video-preview":"max-video-preview:-1"},"canonical":"https:\/\/tolvuland.is\/en\/skilmalar\/","og_locale":"en_US","og_type":"article","og_title":"Skilm\u00e1lar - Tolvuland.is","og_description":"Skilm\u00e1larSeljandi er T\u00f6lvuland ehf, kt. 620509-0860, vir\u00f0isaukaskattsn\u00famer: 101461 og gilda skilm\u00e1lar \u00feessir um s\u00f6lu \u00e1 v\u00f6rum og \u00fej\u00f3nustu til neytenda. Um skilm\u00e1la \u00feessa er fjalla\u00f0 \u00ed l\u00f6gum um neytendakaup. Skilm\u00e1lar \u00feessir eru einungis f\u00e1anlegir \u00e1 \u00cdslensku. Ver\u00f0, skattar og gj\u00f6ld:Ver\u00f0 geta breyst \u00e1n fyrirvara. \u00d6ll ver\u00f0 eru me\u00f0 24% VSK og birt me\u00f0 fyrirvara um [&hellip;]","og_url":"https:\/\/tolvuland.is\/en\/skilmalar\/","og_site_name":"Tolvuland.is","article_publisher":"https:\/\/www.facebook.com\/TolvulandEhf\/","article_modified_time":"2024-06-24T20:16:42+00:00","twitter_card":"summary_large_image","twitter_misc":{"Est. reading time":"4 minutes"},"schema":{"@context":"https:\/\/schema.org","@graph":[{"@type":"WebPage","@id":"https:\/\/tolvuland.is\/skilmalar\/","url":"https:\/\/tolvuland.is\/skilmalar\/","name":"Skilm\u00e1lar - Tolvuland.is","isPartOf":{"@id":"https:\/\/tolvuland.is\/#website"},"datePublished":"2020-02-15T10:26:06+00:00","dateModified":"2024-06-24T20:16:42+00:00","breadcrumb":{"@id":"https:\/\/tolvuland.is\/skilmalar\/#breadcrumb"},"inLanguage":"en-US","potentialAction":[{"@type":"ReadAction","target":["https:\/\/tolvuland.is\/skilmalar\/"]}]},{"@type":"BreadcrumbList","@id":"https:\/\/tolvuland.is\/skilmalar\/#breadcrumb","itemListElement":[{"@type":"ListItem","position":1,"name":"Home","item":"https:\/\/tolvuland.is\/"},{"@type":"ListItem","position":2,"name":"Skilm\u00e1lar"}]},{"@type":"WebSite","@id":"https:\/\/tolvuland.is\/#website","url":"https:\/\/tolvuland.is\/","name":"Tolvuland.is","description":"Apple og PC t\u00f6lvuvi\u00f0ger\u00f0ir","publisher":{"@id":"https:\/\/tolvuland.is\/#organization"},"potentialAction":[{"@type":"SearchAction","target":{"@type":"EntryPoint","urlTemplate":"https:\/\/tolvuland.is\/?s={search_term_string}"},"query-input":{"@type":"PropertyValueSpecification","valueRequired":true,"valueName":"search_term_string"}}],"inLanguage":"en-US"},{"@type":"Organization","@id":"https:\/\/tolvuland.is\/#organization","name":"Tolvuland ehf","url":"https:\/\/tolvuland.is\/","logo":{"@type":"ImageObject","inLanguage":"en-US","@id":"https:\/\/tolvuland.is\/#\/schema\/logo\/image\/","url":"https:\/\/tolvuland.is\/wp-content\/uploads\/2020\/02\/tl-logo-png-1.png","contentUrl":"https:\/\/tolvuland.is\/wp-content\/uploads\/2020\/02\/tl-logo-png-1.png","width":240,"height":43,"caption":"Tolvuland ehf"},"image":{"@id":"https:\/\/tolvuland.is\/#\/schema\/logo\/image\/"},"sameAs":["https:\/\/www.facebook.com\/TolvulandEhf\/"]}]}},"_links":{"self":[{"href":"https:\/\/tolvuland.is\/en\/wp-json\/wp\/v2\/pages\/405","targetHints":{"allow":["GET"]}}],"collection":[{"href":"https:\/\/tolvuland.is\/en\/wp-json\/wp\/v2\/pages"}],"about":[{"href":"https:\/\/tolvuland.is\/en\/wp-json\/wp\/v2\/types\/page"}],"author":[{"embeddable":true,"href":"https:\/\/tolvuland.is\/en\/wp-json\/wp\/v2\/users\/1"}],"replies":[{"embeddable":true,"href":"https:\/\/tolvuland.is\/en\/wp-json\/wp\/v2\/comments?post=405"}],"version-history":[{"count":30,"href":"https:\/\/tolvuland.is\/en\/wp-json\/wp\/v2\/pages\/405\/revisions"}],"predecessor-version":[{"id":4389,"href":"https:\/\/tolvuland.is\/en\/wp-json\/wp\/v2\/pages\/405\/revisions\/4389"}],"wp:attachment":[{"href":"https:\/\/tolvuland.is\/en\/wp-json\/wp\/v2\/media?parent=405"}],"curies":[{"name":"wp","href":"https:\/\/api.w.org\/{rel}","templated":true}]}}