{"id":3035,"date":"2022-07-27T19:25:51","date_gmt":"2022-07-27T19:25:51","guid":{"rendered":"https:\/\/tolvuland.is\/?page_id=3035"},"modified":"2024-01-31T21:04:41","modified_gmt":"2024-01-31T21:04:41","slug":"leidbeiningar","status":"publish","type":"page","link":"https:\/\/tolvuland.is\/en\/leidbeiningar\/","title":{"rendered":"Lei\u00f0beiningar"},"content":{"rendered":"<p>[et_pb_section fb_built=&#8220;1&#8243; admin_label=&#8220;Header&#8220; _builder_version=&#8220;4.24.0&#8243; background_color=&#8220;#2f365f&#8220; background_enable_image=&#8220;off&#8220; custom_margin=&#8220;||||false&#8220; custom_padding=&#8220;||||true|false&#8220; global_colors_info=&#8220;{}&#8220;][et_pb_row _builder_version=&#8220;4.16&#8243; max_width=&#8220;700px&#8220; use_custom_width=&#8220;on&#8220; custom_width_px=&#8220;700px&#8220; global_colors_info=&#8220;{}&#8220;][et_pb_column type=&#8220;4_4&#8243; _builder_version=&#8220;4.16&#8243; custom_padding=&#8220;|||&#8220; global_colors_info=&#8220;{}&#8220; custom_padding__hover=&#8220;|||&#8220;][et_pb_text _builder_version=&#8220;4.24.0&#8243; _module_preset=&#8220;default&#8220; text_text_color=&#8220;#FFFFFF&#8220; header_font=&#8220;Lato|700|||||||&#8220; header_text_align=&#8220;center&#8220; header_text_color=&#8220;#EDF000&#8243; header_font_size=&#8220;62px&#8220; header_line_height=&#8220;1.2em&#8220; text_orientation=&#8220;center&#8220; header_font_size_tablet=&#8220;62px&#8220; header_font_size_phone=&#8220;36px&#8220; header_font_size_last_edited=&#8220;on|phone&#8220; global_colors_info=&#8220;{}&#8220;]<\/p>\n<h1>Einfalt og <span style=\"color: #ffffff;\">\u00fe\u00e6gilegt<\/span><\/h1>\n<p>[\/et_pb_text][\/et_pb_column][\/et_pb_row][\/et_pb_section][et_pb_section fb_built=&#8220;1&#8243; admin_label=&#8220;Why choose us&#8220; _builder_version=&#8220;4.16&#8243; global_colors_info=&#8220;{}&#8220;][et_pb_row column_structure=&#8220;1_2,1_2&#8243; _builder_version=&#8220;4.17.6&#8243; _module_preset=&#8220;default&#8220; global_colors_info=&#8220;{}&#8220;][et_pb_column type=&#8220;1_2&#8243; _builder_version=&#8220;4.17.6&#8243; _module_preset=&#8220;default&#8220; global_colors_info=&#8220;{}&#8220;][et_pb_image src=&#8220;https:\/\/tolvuland.is\/wp-content\/uploads\/2022\/07\/wp_480-254_2.png&#8220; title_text=&#8220;wp_480-254_2&#8243; _builder_version=&#8220;4.17.6&#8243; _module_preset=&#8220;default&#8220; global_colors_info=&#8220;{}&#8220;][\/et_pb_image][\/et_pb_column][et_pb_column type=&#8220;1_2&#8243; _builder_version=&#8220;4.17.6&#8243; _module_preset=&#8220;default&#8220; global_colors_info=&#8220;{}&#8220;][et_pb_text _builder_version=&#8220;4.19.4&#8243; _module_preset=&#8220;default&#8220; global_colors_info=&#8220;{}&#8220;]\u00dea\u00f0 er einfalt og \u00fe\u00e6gilegt fyrir \u00feig a\u00f0 kaupa WordPress vefs\u00ed\u00f0u e\u00f0a Woocommerce netverslun.\u00a0 \u00de\u00fa \u00fearft einfaldlega a\u00f0 senda okkur t\u00f6lvup\u00f3st (tolvuland(hj\u00e1)tolvuland.is) me\u00f0 eftirfarandi:[\/et_pb_text][et_pb_text _builder_version=&#8220;4.19.4&#8243; _module_preset=&#8220;default&#8220; header_3_font=&#8220;Playfair Display||||||||&#8220; global_colors_info=&#8220;{}&#8220;]<\/p>\n<h3>Uppl\u00fdsingar:<\/h3>\n<ul>\n<li>Hver er kaupandi (Kennitala, nafn, s\u00edman\u00famer, heimilisfang)<\/li>\n<li>Hversu st\u00f3r \u00e1 s\u00ed\u00f0an a\u00f0 vera (S\u00ed\u00f0a me\u00f0 2 undirs\u00ed\u00f0um og svo frv.)<\/li>\n<li>Hva\u00f0a h\u00fdsingara\u00f0ili (\u00de\u00fa getur a\u00f0 sj\u00e1lfs\u00f6g\u00f0u vali\u00f0 um a\u00f0 h\u00fdsa s\u00ed\u00f0una hj\u00e1 okkur)<\/li>\n<li>Hva\u00f0 vilt \u00fe\u00fa f\u00e1 \u00fat \u00far s\u00ed\u00f0unni. (\u00c1 h\u00fan a\u00f0 vera uppl\u00fdsingas\u00ed\u00f0a um \u00feig e\u00f0a fyrirt\u00e6ki\u00f0 \u00feitt, s\u00f6lus\u00ed\u00f0a e\u00f0a blogg s\u00ed\u00f0a)<\/li>\n<li>Hva\u00f0a \u00fatlit vilt \u00fe\u00fa hafa \u00e1 s\u00ed\u00f0unni. (\u00de\u00fa t.d.getur sent okkur tengil \u00e1 samb\u00e6rilega s\u00ed\u00f0u)<\/li>\n<\/ul>\n<p>[\/et_pb_text][et_pb_text _builder_version=&#8220;4.19.4&#8243; _module_preset=&#8220;default&#8220; header_3_font=&#8220;Playfair Display||||||||&#8220; global_colors_info=&#8220;{}&#8220;]<\/p>\n<h3>G\u00f6gn<\/h3>\n<ul>\n<li>Allan texta sem \u00e1 a\u00f0 fara \u00e1 s\u00ed\u00f0una, flokka\u00f0ann eftir s\u00ed\u00f0um (fors\u00ed\u00f0a-undirs\u00ed\u00f0a og svo frv.)<\/li>\n<li>Allar myndir sem eiga a\u00f0 fara \u00e1 s\u00ed\u00f0una. (Vi\u00f0 l\u00e1tum \u00feig vita hvernig er best fyrir \u00feig a\u00f0 senda myndirnar og einnig hvar er best fyrir \u00feig a\u00f0 kaupa myndir ef \u00fe\u00fa \u00e1tt \u00fe\u00e6r ekki til)<\/li>\n<li>L\u00f3g\u00f3 fyrir s\u00ed\u00f0una<\/li>\n<\/ul>\n<p>[\/et_pb_text][et_pb_text _builder_version=&#8220;4.17.6&#8243; _module_preset=&#8220;default&#8220; global_colors_info=&#8220;{}&#8220;]\u00de\u00fa f\u00e6r\u00f0 s\u00ed\u00f0an t\u00f6lvup\u00f3st fr\u00e1 okkur me\u00f0 uppl\u00fdsingum um framhaldi\u00f0[\/et_pb_text][\/et_pb_column][\/et_pb_row][\/et_pb_section][et_pb_section fb_built=&#8220;1&#8243; _builder_version=&#8220;4.24.0&#8243; _module_preset=&#8220;default&#8220; background_color=&#8220;#2f365f&#8220; global_colors_info=&#8220;{}&#8220;][et_pb_row _builder_version=&#8220;4.17.6&#8243; _module_preset=&#8220;default&#8220; global_colors_info=&#8220;{}&#8220;][et_pb_column type=&#8220;4_4&#8243; _builder_version=&#8220;4.17.6&#8243; _module_preset=&#8220;default&#8220; global_colors_info=&#8220;{}&#8220;][et_pb_text _builder_version=&#8220;4.24.0&#8243; _module_preset=&#8220;default&#8220; text_text_color=&#8220;#FFFFFF&#8220; text_font_size=&#8220;16px&#8220; text_line_height=&#8220;1em&#8220; header_3_font=&#8220;Roboto||||||||&#8220; header_3_text_align=&#8220;center&#8220; header_3_text_color=&#8220;#FFFFFF&#8220; header_3_font_size=&#8220;60px&#8220; text_orientation=&#8220;center&#8220; text_font_size_tablet=&#8220;16px&#8220; text_font_size_phone=&#8220;12px&#8220; text_font_size_last_edited=&#8220;on|phone&#8220; header_3_font_size_tablet=&#8220;60px&#8220; header_3_font_size_phone=&#8220;36px&#8220; header_3_font_size_last_edited=&#8220;on|phone&#8220; global_colors_info=&#8220;{}&#8220;]<\/p>\n<h3><span style=\"color: #ffff00;\">Verkin okkar<\/span><\/h3>\n<p>Nokkrar af \u00feeim vefs\u00ed\u00f0um sem vi\u00f0 h\u00f6fum komi\u00f0 a\u00f0<\/p>\n<p>[\/et_pb_text][\/et_pb_column][\/et_pb_row][et_pb_row column_structure=&#8220;1_3,1_3,1_3&#8243; _builder_version=&#8220;4.17.6&#8243; _module_preset=&#8220;default&#8220; global_colors_info=&#8220;{}&#8220;][et_pb_column type=&#8220;1_3&#8243; _builder_version=&#8220;4.17.6&#8243; _module_preset=&#8220;default&#8220; global_colors_info=&#8220;{}&#8220;][et_pb_blurb title=&#8220;Woocommerce netverslun&#8220; url=&#8220;https:\/\/nordicfishleather.com\/&#8220; url_new_window=&#8220;on&#8220; image=&#8220;https:\/\/tolvuland.is\/wp-content\/uploads\/2022\/07\/6_400_255.png&#8220; _builder_version=&#8220;4.17.6&#8243; _module_preset=&#8220;default&#8220; header_level=&#8220;h1&#8243; header_font=&#8220;|600||on|||||&#8220; header_text_align=&#8220;center&#8220; header_text_color=&#8220;#FFFFFF&#8220; header_font_size=&#8220;12px&#8220; header_letter_spacing=&#8220;1px&#8220; header_line_height=&#8220;1.8em&#8220; global_colors_info=&#8220;{}&#8220;][\/et_pb_blurb][\/et_pb_column][et_pb_column type=&#8220;1_3&#8243; _builder_version=&#8220;4.17.6&#8243; _module_preset=&#8220;default&#8220; global_colors_info=&#8220;{}&#8220;][et_pb_blurb title=&#8220;Woocommerce netverslun&#8220; url=&#8220;https:\/\/aukahlutir.is&#8220; url_new_window=&#8220;on&#8220; image=&#8220;https:\/\/tolvuland.is\/wp-content\/uploads\/2022\/07\/2_400-255.png&#8220; _builder_version=&#8220;4.17.6&#8243; _module_preset=&#8220;default&#8220; header_font=&#8220;|600||on|||||&#8220; header_text_align=&#8220;center&#8220; header_text_color=&#8220;#FFFFFF&#8220; header_font_size=&#8220;12px&#8220; header_letter_spacing=&#8220;1px&#8220; header_line_height=&#8220;1.8em&#8220; global_colors_info=&#8220;{}&#8220;][\/et_pb_blurb][\/et_pb_column][et_pb_column type=&#8220;1_3&#8243; _builder_version=&#8220;4.17.6&#8243; _module_preset=&#8220;default&#8220; global_colors_info=&#8220;{}&#8220;][et_pb_blurb title=&#8220;WordPress vefs\u00ed\u00f0a&#8220; url=&#8220;https:\/\/hvitur.com&#8220; url_new_window=&#8220;on&#8220; image=&#8220;https:\/\/tolvuland.is\/wp-content\/uploads\/2022\/07\/5-400_255.png&#8220; _builder_version=&#8220;4.17.6&#8243; _module_preset=&#8220;default&#8220; header_font=&#8220;|600||on|||||&#8220; header_text_align=&#8220;center&#8220; header_text_color=&#8220;#FFFFFF&#8220; header_font_size=&#8220;12px&#8220; header_letter_spacing=&#8220;1px&#8220; header_line_height=&#8220;1.8em&#8220; body_text_color=&#8220;#FFFFFF&#8220; body_font_size=&#8220;12px&#8220; text_orientation=&#8220;center&#8220; global_colors_info=&#8220;{}&#8220;][\/et_pb_blurb][\/et_pb_column][\/et_pb_row][et_pb_row column_structure=&#8220;1_3,1_3,1_3&#8243; _builder_version=&#8220;4.17.6&#8243; _module_preset=&#8220;default&#8220; global_colors_info=&#8220;{}&#8220;][et_pb_column type=&#8220;1_3&#8243; _builder_version=&#8220;4.17.6&#8243; _module_preset=&#8220;default&#8220; global_colors_info=&#8220;{}&#8220;][et_pb_blurb title=&#8220;WordPress vefs\u00ed\u00f0a&#8220; url=&#8220;https:\/\/gjdukalagnir.is\/&#8220; url_new_window=&#8220;on&#8220; image=&#8220;https:\/\/tolvuland.is\/wp-content\/uploads\/2022\/07\/4-400_255.png&#8220; _builder_version=&#8220;4.17.6&#8243; _module_preset=&#8220;default&#8220; header_font=&#8220;|600||on|||||&#8220; header_text_align=&#8220;center&#8220; header_text_color=&#8220;#FFFFFF&#8220; header_font_size=&#8220;12px&#8220; header_letter_spacing=&#8220;1px&#8220; header_line_height=&#8220;1.8em&#8220; body_text_align=&#8220;center&#8220; body_text_color=&#8220;#FFFFFF&#8220; body_font_size=&#8220;12px&#8220; global_colors_info=&#8220;{}&#8220;][\/et_pb_blurb][\/et_pb_column][et_pb_column type=&#8220;1_3&#8243; _builder_version=&#8220;4.17.6&#8243; _module_preset=&#8220;default&#8220; global_colors_info=&#8220;{}&#8220;][et_pb_blurb title=&#8220;WordPress vefs\u00ed\u00f0a&#8220; url=&#8220;https:\/\/fatahreinsun.is\/&#8220; url_new_window=&#8220;on&#8220; image=&#8220;https:\/\/tolvuland.is\/wp-content\/uploads\/2022\/07\/3-400-255.png&#8220; _builder_version=&#8220;4.17.6&#8243; _module_preset=&#8220;default&#8220; header_font=&#8220;|600||on|||||&#8220; header_text_align=&#8220;center&#8220; header_text_color=&#8220;#FFFFFF&#8220; header_font_size=&#8220;12px&#8220; header_letter_spacing=&#8220;1px&#8220; header_line_height=&#8220;1.8em&#8220; body_text_align=&#8220;center&#8220; body_text_color=&#8220;#FFFFFF&#8220; body_font_size=&#8220;12px&#8220; global_colors_info=&#8220;{}&#8220;][\/et_pb_blurb][\/et_pb_column][et_pb_column type=&#8220;1_3&#8243; _builder_version=&#8220;4.17.6&#8243; _module_preset=&#8220;default&#8220; global_colors_info=&#8220;{}&#8220;][et_pb_blurb title=&#8220;Woocommerce netverslun&#8220; url=&#8220;https:\/\/olafssonart.is\/&#8220; url_new_window=&#8220;on&#8220; image=&#8220;https:\/\/tolvuland.is\/wp-content\/uploads\/2022\/07\/8_400-255.png&#8220; _builder_version=&#8220;4.17.6&#8243; _module_preset=&#8220;default&#8220; header_font=&#8220;|600||on|||||&#8220; header_text_align=&#8220;center&#8220; header_text_color=&#8220;#FFFFFF&#8220; header_font_size=&#8220;12px&#8220; header_letter_spacing=&#8220;1px&#8220; header_line_height=&#8220;1.8em&#8220; global_colors_info=&#8220;{}&#8220;][\/et_pb_blurb][\/et_pb_column][\/et_pb_row][\/et_pb_section]<\/p>\n","protected":false},"excerpt":{"rendered":"<p>Einfalt og \u00fe\u00e6gilegt\u00dea\u00f0 er einfalt og \u00fe\u00e6gilegt fyrir \u00feig a\u00f0 kaupa WordPress vefs\u00ed\u00f0u e\u00f0a Woocommerce netverslun.\u00a0 \u00de\u00fa \u00fearft einfaldlega a\u00f0 senda okkur t\u00f6lvup\u00f3st (tolvuland(hj\u00e1)tolvuland.is) me\u00f0 eftirfarandi:Uppl\u00fdsingar: Hver er kaupandi (Kennitala, nafn, s\u00edman\u00famer, heimilisfang) Hversu st\u00f3r \u00e1 s\u00ed\u00f0an a\u00f0 vera (S\u00ed\u00f0a me\u00f0 2 undirs\u00ed\u00f0um og svo frv.) Hva\u00f0a h\u00fdsingara\u00f0ili (\u00de\u00fa getur a\u00f0 sj\u00e1lfs\u00f6g\u00f0u vali\u00f0 um a\u00f0 [&hellip;]<\/p>\n","protected":false},"author":1,"featured_media":0,"parent":0,"menu_order":0,"comment_status":"closed","ping_status":"closed","template":"","meta":{"_et_pb_use_builder":"on","_et_pb_old_content":"","_et_gb_content_width":"","footnotes":""},"class_list":["post-3035","page","type-page","status-publish","hentry"],"yoast_head":"<!-- This site is optimized with the Yoast SEO plugin v27.3 - https:\/\/yoast.com\/product\/yoast-seo-wordpress\/ -->\n<title>Lei\u00f0beiningar - Tolvuland.is<\/title>\n<meta name=\"robots\" content=\"index, follow, max-snippet:-1, max-image-preview:large, max-video-preview:-1\" \/>\n<link rel=\"canonical\" href=\"https:\/\/tolvuland.is\/en\/leidbeiningar\/\" \/>\n<meta property=\"og:locale\" content=\"en_US\" \/>\n<meta property=\"og:type\" content=\"article\" \/>\n<meta property=\"og:title\" content=\"Lei\u00f0beiningar - Tolvuland.is\" \/>\n<meta property=\"og:description\" content=\"Einfalt og \u00fe\u00e6gilegt\u00dea\u00f0 er einfalt og \u00fe\u00e6gilegt fyrir \u00feig a\u00f0 kaupa WordPress vefs\u00ed\u00f0u e\u00f0a Woocommerce netverslun.\u00a0 \u00de\u00fa \u00fearft einfaldlega a\u00f0 senda okkur t\u00f6lvup\u00f3st (tolvuland(hj\u00e1)tolvuland.is) me\u00f0 eftirfarandi:Uppl\u00fdsingar: Hver er kaupandi (Kennitala, nafn, s\u00edman\u00famer, heimilisfang) Hversu st\u00f3r \u00e1 s\u00ed\u00f0an a\u00f0 vera (S\u00ed\u00f0a me\u00f0 2 undirs\u00ed\u00f0um og svo frv.) Hva\u00f0a h\u00fdsingara\u00f0ili (\u00de\u00fa getur a\u00f0 sj\u00e1lfs\u00f6g\u00f0u vali\u00f0 um a\u00f0 [&hellip;]\" \/>\n<meta property=\"og:url\" content=\"https:\/\/tolvuland.is\/en\/leidbeiningar\/\" \/>\n<meta property=\"og:site_name\" content=\"Tolvuland.is\" \/>\n<meta property=\"article:publisher\" content=\"https:\/\/www.facebook.com\/TolvulandEhf\/\" \/>\n<meta property=\"article:modified_time\" content=\"2024-01-31T21:04:41+00:00\" \/>\n<meta name=\"twitter:card\" content=\"summary_large_image\" \/>\n<meta name=\"twitter:label1\" content=\"Est. reading time\" \/>\n\t<meta name=\"twitter:data1\" content=\"3 minutes\" \/>\n<script type=\"application\/ld+json\" class=\"yoast-schema-graph\">{\"@context\":\"https:\\\/\\\/schema.org\",\"@graph\":[{\"@type\":\"WebPage\",\"@id\":\"https:\\\/\\\/tolvuland.is\\\/leidbeiningar\\\/\",\"url\":\"https:\\\/\\\/tolvuland.is\\\/leidbeiningar\\\/\",\"name\":\"Lei\u00f0beiningar - Tolvuland.is\",\"isPartOf\":{\"@id\":\"https:\\\/\\\/tolvuland.is\\\/#website\"},\"datePublished\":\"2022-07-27T19:25:51+00:00\",\"dateModified\":\"2024-01-31T21:04:41+00:00\",\"breadcrumb\":{\"@id\":\"https:\\\/\\\/tolvuland.is\\\/leidbeiningar\\\/#breadcrumb\"},\"inLanguage\":\"en-US\",\"potentialAction\":[{\"@type\":\"ReadAction\",\"target\":[\"https:\\\/\\\/tolvuland.is\\\/leidbeiningar\\\/\"]}]},{\"@type\":\"BreadcrumbList\",\"@id\":\"https:\\\/\\\/tolvuland.is\\\/leidbeiningar\\\/#breadcrumb\",\"itemListElement\":[{\"@type\":\"ListItem\",\"position\":1,\"name\":\"Home\",\"item\":\"https:\\\/\\\/tolvuland.is\\\/\"},{\"@type\":\"ListItem\",\"position\":2,\"name\":\"Lei\u00f0beiningar\"}]},{\"@type\":\"WebSite\",\"@id\":\"https:\\\/\\\/tolvuland.is\\\/#website\",\"url\":\"https:\\\/\\\/tolvuland.is\\\/\",\"name\":\"Tolvuland.is\",\"description\":\"Apple og PC t\u00f6lvuvi\u00f0ger\u00f0ir\",\"publisher\":{\"@id\":\"https:\\\/\\\/tolvuland.is\\\/#organization\"},\"potentialAction\":[{\"@type\":\"SearchAction\",\"target\":{\"@type\":\"EntryPoint\",\"urlTemplate\":\"https:\\\/\\\/tolvuland.is\\\/?s={search_term_string}\"},\"query-input\":{\"@type\":\"PropertyValueSpecification\",\"valueRequired\":true,\"valueName\":\"search_term_string\"}}],\"inLanguage\":\"en-US\"},{\"@type\":\"Organization\",\"@id\":\"https:\\\/\\\/tolvuland.is\\\/#organization\",\"name\":\"Tolvuland ehf\",\"url\":\"https:\\\/\\\/tolvuland.is\\\/\",\"logo\":{\"@type\":\"ImageObject\",\"inLanguage\":\"en-US\",\"@id\":\"https:\\\/\\\/tolvuland.is\\\/#\\\/schema\\\/logo\\\/image\\\/\",\"url\":\"https:\\\/\\\/tolvuland.is\\\/wp-content\\\/uploads\\\/2020\\\/02\\\/tl-logo-png-1.png\",\"contentUrl\":\"https:\\\/\\\/tolvuland.is\\\/wp-content\\\/uploads\\\/2020\\\/02\\\/tl-logo-png-1.png\",\"width\":240,\"height\":43,\"caption\":\"Tolvuland ehf\"},\"image\":{\"@id\":\"https:\\\/\\\/tolvuland.is\\\/#\\\/schema\\\/logo\\\/image\\\/\"},\"sameAs\":[\"https:\\\/\\\/www.facebook.com\\\/TolvulandEhf\\\/\"]}]}<\/script>\n<!-- \/ Yoast SEO plugin. -->","yoast_head_json":{"title":"Lei\u00f0beiningar - Tolvuland.is","robots":{"index":"index","follow":"follow","max-snippet":"max-snippet:-1","max-image-preview":"max-image-preview:large","max-video-preview":"max-video-preview:-1"},"canonical":"https:\/\/tolvuland.is\/en\/leidbeiningar\/","og_locale":"en_US","og_type":"article","og_title":"Lei\u00f0beiningar - Tolvuland.is","og_description":"Einfalt og \u00fe\u00e6gilegt\u00dea\u00f0 er einfalt og \u00fe\u00e6gilegt fyrir \u00feig a\u00f0 kaupa WordPress vefs\u00ed\u00f0u e\u00f0a Woocommerce netverslun.\u00a0 \u00de\u00fa \u00fearft einfaldlega a\u00f0 senda okkur t\u00f6lvup\u00f3st (tolvuland(hj\u00e1)tolvuland.is) me\u00f0 eftirfarandi:Uppl\u00fdsingar: Hver er kaupandi (Kennitala, nafn, s\u00edman\u00famer, heimilisfang) Hversu st\u00f3r \u00e1 s\u00ed\u00f0an a\u00f0 vera (S\u00ed\u00f0a me\u00f0 2 undirs\u00ed\u00f0um og svo frv.) Hva\u00f0a h\u00fdsingara\u00f0ili (\u00de\u00fa getur a\u00f0 sj\u00e1lfs\u00f6g\u00f0u vali\u00f0 um a\u00f0 [&hellip;]","og_url":"https:\/\/tolvuland.is\/en\/leidbeiningar\/","og_site_name":"Tolvuland.is","article_publisher":"https:\/\/www.facebook.com\/TolvulandEhf\/","article_modified_time":"2024-01-31T21:04:41+00:00","twitter_card":"summary_large_image","twitter_misc":{"Est. reading time":"3 minutes"},"schema":{"@context":"https:\/\/schema.org","@graph":[{"@type":"WebPage","@id":"https:\/\/tolvuland.is\/leidbeiningar\/","url":"https:\/\/tolvuland.is\/leidbeiningar\/","name":"Lei\u00f0beiningar - Tolvuland.is","isPartOf":{"@id":"https:\/\/tolvuland.is\/#website"},"datePublished":"2022-07-27T19:25:51+00:00","dateModified":"2024-01-31T21:04:41+00:00","breadcrumb":{"@id":"https:\/\/tolvuland.is\/leidbeiningar\/#breadcrumb"},"inLanguage":"en-US","potentialAction":[{"@type":"ReadAction","target":["https:\/\/tolvuland.is\/leidbeiningar\/"]}]},{"@type":"BreadcrumbList","@id":"https:\/\/tolvuland.is\/leidbeiningar\/#breadcrumb","itemListElement":[{"@type":"ListItem","position":1,"name":"Home","item":"https:\/\/tolvuland.is\/"},{"@type":"ListItem","position":2,"name":"Lei\u00f0beiningar"}]},{"@type":"WebSite","@id":"https:\/\/tolvuland.is\/#website","url":"https:\/\/tolvuland.is\/","name":"Tolvuland.is","description":"Apple og PC t\u00f6lvuvi\u00f0ger\u00f0ir","publisher":{"@id":"https:\/\/tolvuland.is\/#organization"},"potentialAction":[{"@type":"SearchAction","target":{"@type":"EntryPoint","urlTemplate":"https:\/\/tolvuland.is\/?s={search_term_string}"},"query-input":{"@type":"PropertyValueSpecification","valueRequired":true,"valueName":"search_term_string"}}],"inLanguage":"en-US"},{"@type":"Organization","@id":"https:\/\/tolvuland.is\/#organization","name":"Tolvuland ehf","url":"https:\/\/tolvuland.is\/","logo":{"@type":"ImageObject","inLanguage":"en-US","@id":"https:\/\/tolvuland.is\/#\/schema\/logo\/image\/","url":"https:\/\/tolvuland.is\/wp-content\/uploads\/2020\/02\/tl-logo-png-1.png","contentUrl":"https:\/\/tolvuland.is\/wp-content\/uploads\/2020\/02\/tl-logo-png-1.png","width":240,"height":43,"caption":"Tolvuland ehf"},"image":{"@id":"https:\/\/tolvuland.is\/#\/schema\/logo\/image\/"},"sameAs":["https:\/\/www.facebook.com\/TolvulandEhf\/"]}]}},"_links":{"self":[{"href":"https:\/\/tolvuland.is\/en\/wp-json\/wp\/v2\/pages\/3035","targetHints":{"allow":["GET"]}}],"collection":[{"href":"https:\/\/tolvuland.is\/en\/wp-json\/wp\/v2\/pages"}],"about":[{"href":"https:\/\/tolvuland.is\/en\/wp-json\/wp\/v2\/types\/page"}],"author":[{"embeddable":true,"href":"https:\/\/tolvuland.is\/en\/wp-json\/wp\/v2\/users\/1"}],"replies":[{"embeddable":true,"href":"https:\/\/tolvuland.is\/en\/wp-json\/wp\/v2\/comments?post=3035"}],"version-history":[{"count":23,"href":"https:\/\/tolvuland.is\/en\/wp-json\/wp\/v2\/pages\/3035\/revisions"}],"predecessor-version":[{"id":4315,"href":"https:\/\/tolvuland.is\/en\/wp-json\/wp\/v2\/pages\/3035\/revisions\/4315"}],"wp:attachment":[{"href":"https:\/\/tolvuland.is\/en\/wp-json\/wp\/v2\/media?parent=3035"}],"curies":[{"name":"wp","href":"https:\/\/api.w.org\/{rel}","templated":true}]}}