{"id":2819,"date":"2021-09-30T08:55:07","date_gmt":"2021-09-30T08:55:07","guid":{"rendered":"https:\/\/tolvuland.is\/?page_id=2819"},"modified":"2025-04-25T12:51:37","modified_gmt":"2025-04-25T12:51:37","slug":"personuverndarstefna","status":"publish","type":"page","link":"https:\/\/tolvuland.is\/en\/personuverndarstefna\/","title":{"rendered":"Pers\u00f3nuverndarstefna T\u00f6lvulands ehf"},"content":{"rendered":"<p>[et_pb_section fb_built=&#8220;1&#8243; admin_label=&#8220;Header&#8220; _builder_version=&#8220;4.24.0&#8243; background_color=&#8220;#2f365f&#8220; background_enable_image=&#8220;off&#8220; custom_margin=&#8220;||||false&#8220; custom_padding=&#8220;||||true|false&#8220; global_colors_info=&#8220;{}&#8220;][et_pb_row _builder_version=&#8220;4.16&#8243; max_width=&#8220;700px&#8220; use_custom_width=&#8220;on&#8220; custom_width_px=&#8220;700px&#8220; global_colors_info=&#8220;{}&#8220;][et_pb_column type=&#8220;4_4&#8243; _builder_version=&#8220;4.16&#8243; custom_padding=&#8220;|||&#8220; global_colors_info=&#8220;{}&#8220; custom_padding__hover=&#8220;|||&#8220;][et_pb_text _builder_version=&#8220;4.27.4&#8243; _module_preset=&#8220;default&#8220; text_text_color=&#8220;#FFFFFF&#8220; header_font=&#8220;Lato|700||on|||||&#8220; header_text_align=&#8220;center&#8220; header_text_color=&#8220;#EDF000&#8243; header_font_size=&#8220;52px&#8220; header_line_height=&#8220;1.2em&#8220; text_orientation=&#8220;center&#8220; hover_enabled=&#8220;0&#8243; header_font_size_tablet=&#8220;62px&#8220; header_font_size_phone=&#8220;20px&#8220; header_font_size_last_edited=&#8220;on|phone&#8220; global_colors_info=&#8220;{}&#8220; sticky_enabled=&#8220;0&#8243;]<\/p>\n<h1>Pers\u00f3nuverndarstefna<\/h1>\n<p>[\/et_pb_text][\/et_pb_column][\/et_pb_row][\/et_pb_section][et_pb_section fb_built=&#8220;1&#8243; admin_label=&#8220;History&#8220; _builder_version=&#8220;4.16&#8243; global_colors_info=&#8220;{}&#8220;][et_pb_row _builder_version=&#8220;4.16&#8243; custom_margin=&#8220;|||&#8220; custom_padding=&#8220;27px|0px|27px|0px|false|false&#8220; global_colors_info=&#8220;{}&#8220;][et_pb_column type=&#8220;4_4&#8243; _builder_version=&#8220;4.16&#8243; custom_padding=&#8220;|||&#8220; global_colors_info=&#8220;{}&#8220; custom_padding__hover=&#8220;|||&#8220;][et_pb_text _builder_version=&#8220;4.25.2&#8243; text_font=&#8220;Share Tech||||||||&#8220; text_text_color=&#8220;rgba(0,0,0,0.02)&#8220; text_font_size=&#8220;100px&#8220; text_line_height=&#8220;0.2em&#8220; header_font=&#8220;||||||||&#8220; header_2_font=&#8220;Share Tech||||||||&#8220; header_2_font_size=&#8220;48px&#8220; header_2_line_height=&#8220;1.4em&#8220; header_3_font=&#8220;Lato|700|||||||&#8220; text_orientation=&#8220;center&#8220; custom_margin=&#8220;||30px||false&#8220; custom_margin_tablet=&#8220;||0px|&#8220; custom_margin_phone=&#8220;&#8220; custom_margin_last_edited=&#8220;on|tablet&#8220; text_font_size_tablet=&#8220;80px&#8220; text_font_size_phone=&#8220;60px&#8220; text_font_size_last_edited=&#8220;on|desktop&#8220; header_2_font_size_tablet=&#8220;&#8220; header_2_font_size_phone=&#8220;36px&#8220; header_2_font_size_last_edited=&#8220;on|phone&#8220; header_3_font_size_tablet=&#8220;&#8220; header_3_font_size_phone=&#8220;20px&#8220; header_3_font_size_last_edited=&#8220;on|phone&#8220; global_colors_info=&#8220;{}&#8220;]<\/p>\n<h3>Pers\u00f3nuverndaryfirl\u00fdsing T\u00f6lvulands ehf<\/h3>\n<p>[\/et_pb_text][et_pb_text _builder_version=&#8220;4.25.2&#8243; text_font=&#8220;||||||||&#8220; text_font_size=&#8220;16px&#8220; text_line_height=&#8220;1.8em&#8220; max_width=&#8220;700px&#8220; max_width_tablet=&#8220;&#8220; max_width_phone=&#8220;&#8220; max_width_last_edited=&#8220;on|phone&#8220; module_alignment=&#8220;center&#8220; text_font_size_tablet=&#8220;16px&#8220; text_font_size_phone=&#8220;14px&#8220; text_font_size_last_edited=&#8220;on|phone&#8220; locked=&#8220;off&#8220; global_colors_info=&#8220;{}&#8220;]<\/p>\n<p>T\u00f6lvulandi er umhuga\u00f0 um \u00f6ryggi \u00feeirra pers\u00f3nuuppl\u00fdsinga sem fyrirt\u00e6ki\u00f0 me\u00f0h\u00f6ndlar. \u00cd pers\u00f3nuverndarstefnu fyrirt\u00e6kisins kemur fram hvernig og \u00ed hva\u00f0a tilgangi er fari\u00f0 me\u00f0 pers\u00f3nuuppl\u00fdsingar vi\u00f0skiptavina. Vi\u00f0 viljum a\u00f0 vi\u00f0skiptavinir okkar s\u00e9u uppl\u00fdstir um \u00fea\u00f0 hvernig fyrirt\u00e6ki\u00f0 vinnur me\u00f0 pers\u00f3nuuppl\u00fdsingar.<br \/>\u00c1byrg\u00f0ara\u00f0ili vinnslu pers\u00f3nuuppl\u00fdsinga er T\u00f6lvuland ehf kt. 620509-0860. Pers\u00f3nuuppl\u00fdsingarnar eiga vi\u00f0 um \u00fe\u00e1 t\u00f6lvu\u00fej\u00f3nustu sem fyrirt\u00e6ki\u00f0 veitir vi\u00f0skiptavinum s\u00ednum, heimas\u00ed\u00f0ur \u00feess og netverslun \u00e1 vefsl\u00f3\u00f0unum tolvuland.is, tolvuland.com og aukahlutir.is. \u00d6ll samskipti \u00e1 heimas\u00ed\u00f0um fyrirt\u00e6kisins fara \u00ed gegnum SSL dulk\u00f3\u00f0un. H\u00e6gt er a\u00f0 senda fyrirspurn um me\u00f0fer\u00f0 pers\u00f3nuuppl\u00fdsinga fyrirt\u00e6kisins \u00e1 netfangi\u00f0 tolvuland@tolvuland.is.<\/p>\n<p><strong>Pers\u00f3nuuppl\u00fdsingar og me\u00f0h\u00f6ndlun \u00feeirra<\/strong><\/p>\n<p>Vi\u00f0 vinnum me\u00f0 \u00e1kve\u00f0nar pers\u00f3nuuppl\u00fdsingar sem \u00fe\u00fa sem vi\u00f0skiptavinur veitir okkur, en uppl\u00fdsingarnar notum vi\u00f0 til \u00feess a\u00f0 geta veitt \u00fe\u00e9r sem besta \u00fej\u00f3nustu. Vi\u00f0 h\u00f6ldum ekki utan um uppl\u00fdsingarnar lengur en nau\u00f0synlegt er en okkur ber t.d. a\u00f0 geyma uppl\u00fdsingar um v\u00f6rukaup og grei\u00f0slur \u00ed minnst 7 \u00e1r samkv\u00e6mt l\u00f6gum um b\u00f3khald.<br \/>Samkv\u00e6mt l\u00f6gum um pers\u00f3nuvernd nr. 90\/2018 hefur \u00fe\u00fa r\u00e9tt til a\u00f0 \u00f3ska eftir afriti af pers\u00f3nuuppl\u00fdsingunum \u00fe\u00ednum, lei\u00f0r\u00e9tta \u00fe\u00e6r e\u00f0a afturkalla<\/p>\n<p><strong>Tengili\u00f0ir<\/strong><br \/>Vi\u00f0 \u00feurfum a\u00f0 halda utan um kennit\u00f6luna \u00fe\u00edna, nafni\u00f0 \u00feitt, heimilisfang, netfang og s\u00edman\u00famer til \u00feess a\u00f0 geta:<\/p>\n<ul>\n<li>L\u00e1ti\u00f0 \u00feig vita \u00feegar p\u00f6ntun er tilb\u00fain<\/li>\n<li>L\u00e1ti\u00f0 \u00feig vita \u00feegar p\u00f6ntun er send af sta\u00f0 til \u00fe\u00edn<\/li>\n<li>Tryggt r\u00e9ttindi \u00fe\u00edn vegna \u00e1byrg\u00f0ar og v\u00f6ruskila<\/li>\n<li>Gert l\u00f6glega reikninga fyrir v\u00f6ru e\u00f0a \u00fej\u00f3nustukaupum<\/li>\n<li>Haft samband vi\u00f0 \u00feig vegna \u00fej\u00f3nustu e\u00f0a v\u00f6rukaupa \u00feinna<\/li>\n<li>Sent \u00fe\u00e9r augl\u00fdsingar og tilbo\u00f0 ef \u00fe\u00fa hefur skr\u00e1\u00f0 \u00feig \u00e1 p\u00f3stlista. (\u00de\u00e9r stendur alltaf til bo\u00f0a a\u00f0 afskr\u00e1 \u00feig af p\u00f3stlista)<\/li>\n<\/ul>\n<p>Vi\u00f0 l\u00e1tum \u00feri\u00f0ja a\u00f0ila \u00feessar uppl\u00fdsingar aldrei \u00ed t\u00e9 nema \u00ed \u00feeim tilvikum sem \u00fea\u00f0 er nau\u00f0synlegt vegna t.d. sendinga\/flutninga \u00e1 v\u00f6rum e\u00f0a til a\u00f0 uppfylla \u00e1byrg\u00f0ar\u00fej\u00f3nustu vegna vi\u00f0ger\u00f0a.<\/p>\n<p><strong>Uppl\u00fdsingar um grei\u00f0slur<\/strong><br \/>Vi\u00f0 vistum engar kortauppl\u00fdsingar \u00e1 okkar net\u00fej\u00f3num, en \u00feegar \u00fe\u00fa grei\u00f0ir fyrir v\u00f6rukaup \u00ed netverslunum okkar fer grei\u00f0slan fram \u00e1 \u00f6ruggri grei\u00f0slus\u00ed\u00f0u kortafyrirt\u00e6kis \/ f\u00e6rsluhir\u00f0is sem s\u00ed\u00f0an sendir okkur sta\u00f0festingu um grei\u00f0sluna.<br \/>Uppl\u00fdsingar um v\u00f6rukaup \u00fe\u00edn eins og hva\u00f0a v\u00f6rur \u00fe\u00fa versla\u00f0ir, hvort \u00fe\u00fa hafir greitt fyrir \u00fe\u00e6r, hva\u00f0a upph\u00e6\u00f0 \u00fe\u00fa greiddir \u00e1samt uppl\u00fdsingum um \u00feig sem tengili\u00f0 eru vista\u00f0ar hj\u00e1 okkur. \u00deessar uppl\u00fdsingar eru nota\u00f0ar til a\u00f0 afgrei\u00f0a p\u00f6ntunina \u00fe\u00edna mi\u00f0a\u00f0 vi\u00f0 \u00fe\u00e6r lei\u00f0ir og \u00fe\u00e1 \u00fej\u00f3nustu sem \u00fe\u00fa valdir vi\u00f0 fr\u00e1gang \u00e1 henni.<\/p>\n<p><strong>Me\u00f0h\u00f6ndlum t\u00f6lvugagna og geymslumi\u00f0la<\/strong><br \/>T\u00f6lvug\u00f6gn\/ afrit vi\u00f0skiptavina eru aldrei geymd \u00e1 t\u00f6lvum \/ net\u00fej\u00f3num okkar. \u00cd \u00feeim tilvikum \u00fear sem vi\u00f0skiptavinir bi\u00f0ja um afrit \u00e1 t\u00f6lvug\u00f6gnum eru afrit f\u00e6r\u00f0 beint yfir \u00e1 gagnageymslu \/ t\u00f6lvur vi\u00f0skiptavina. Vi\u00f0skiptavinir f\u00e1 bila\u00f0ar gagnageymslur \/ har\u00f0diska afhenta vi\u00f0 lok vi\u00f0ger\u00f0ar. \u00d3s\u00f3ttar t\u00f6lvur \/ gagnageymslur vi\u00f0skiptavina eru geymdar \u00ed einn m\u00e1nu\u00f0 en a\u00f0 \u00feeim t\u00edma li\u00f0num eru \u00fe\u00e6r sendar til Efnam\u00f3tt\u00f6kunnar \/ Terra til f\u00f6rgunar.<br \/><strong>T\u00e6knilegar uppl\u00fdsingar<\/strong><br \/>\u00deegar \u00fe\u00fa heims\u00e6kir vefs\u00ed\u00f0ur og netverslanir okkar \u00fe\u00e1 er \u00e1kve\u00f0num g\u00f6gnum safna\u00f0 sj\u00e1lfkrafa. \u00deessi g\u00f6gn innihalda uppl\u00fdsingar eins og t.d. uppl\u00fdsingar um IP t\u00f6lu, netvafra, t\u00f6lvukerfi og fl. Uppl\u00fdsingar eru einnig skr\u00e1\u00f0ar um \u00fea\u00f0 hvernig \u00fe\u00fa tengdist vefs\u00ed\u00f0unni (\u00ed gegnum hlekk), fr\u00e1 hva\u00f0a vefs\u00ed\u00f0u \u00fe\u00fa tengist, t\u00edma og lengd heims\u00f3knar \u00feinnar, hva\u00f0a s\u00ed\u00f0ur \u00fe\u00fa sko\u00f0ar og hva\u00f0a v\u00f6rur e\u00f0a \u00fej\u00f3nustu \u00fe\u00fa keyptir ef \u00fea\u00f0 \u00e1 vi\u00f0. \u00deessar uppl\u00fdsingar eru m\u00f6gulega skr\u00e1\u00f0ar me\u00f0 notkun \u00feinni \u00e1 vafrak\u00f6kum (cookies). <a href=\"https:\/\/tolvuland.is\/vafrakokur\/\">N\u00e1nari uppl\u00fdsingar um vafrak\u00f6kur.<\/a><\/p>\n<p><strong>A\u00f0rar uppl\u00fdsingar<\/strong><br \/>Vi\u00f0 vinnum me\u00f0 \u00f3pers\u00f3nugreinanlegar uppl\u00fdsingar eins og t\u00f6lfr\u00e6\u00f0iuppl\u00fdsingar. \u00de\u00e6r er ekki h\u00e6gt a\u00f0 rekja til \u00fe\u00edn sem vi\u00f0skiptavinar en \u00feetta eru t.d. uppl\u00fdsingar um fj\u00f6lda pantana, heims\u00f3knir \u00e1 vefs\u00ed\u00f0u, notkun afsl\u00e1tta og fl.<\/p>\n<p>[\/et_pb_text][\/et_pb_column][\/et_pb_row][\/et_pb_section]<\/p>\n","protected":false},"excerpt":{"rendered":"<p>Pers\u00f3nuverndarstefnaPers\u00f3nuverndaryfirl\u00fdsing T\u00f6lvulands ehfT\u00f6lvulandi er umhuga\u00f0 um \u00f6ryggi \u00feeirra pers\u00f3nuuppl\u00fdsinga sem fyrirt\u00e6ki\u00f0 me\u00f0h\u00f6ndlar. \u00cd pers\u00f3nuverndarstefnu fyrirt\u00e6kisins kemur fram hvernig og \u00ed hva\u00f0a tilgangi er fari\u00f0 me\u00f0 pers\u00f3nuuppl\u00fdsingar vi\u00f0skiptavina. Vi\u00f0 viljum a\u00f0 vi\u00f0skiptavinir okkar s\u00e9u uppl\u00fdstir um \u00fea\u00f0 hvernig fyrirt\u00e6ki\u00f0 vinnur me\u00f0 pers\u00f3nuuppl\u00fdsingar.\u00c1byrg\u00f0ara\u00f0ili vinnslu pers\u00f3nuuppl\u00fdsinga er T\u00f6lvuland ehf kt. 620509-0860. Pers\u00f3nuuppl\u00fdsingarnar eiga vi\u00f0 um \u00fe\u00e1 t\u00f6lvu\u00fej\u00f3nustu sem [&hellip;]<\/p>\n","protected":false},"author":1,"featured_media":0,"parent":0,"menu_order":0,"comment_status":"closed","ping_status":"closed","template":"","meta":{"_et_pb_use_builder":"on","_et_pb_old_content":"","_et_gb_content_width":"","footnotes":""},"class_list":["post-2819","page","type-page","status-publish","hentry"],"yoast_head":"<!-- This site is optimized with the Yoast SEO plugin v27.5 - https:\/\/yoast.com\/product\/yoast-seo-wordpress\/ -->\n<title>Pers\u00f3nuverndarstefna T\u00f6lvulands ehf - Tolvuland.is<\/title>\n<meta name=\"robots\" content=\"index, follow, max-snippet:-1, max-image-preview:large, max-video-preview:-1\" \/>\n<link rel=\"canonical\" href=\"https:\/\/tolvuland.is\/en\/personuverndarstefna\/\" \/>\n<meta property=\"og:locale\" content=\"en_US\" \/>\n<meta property=\"og:type\" content=\"article\" \/>\n<meta property=\"og:title\" content=\"Pers\u00f3nuverndarstefna T\u00f6lvulands ehf - Tolvuland.is\" \/>\n<meta property=\"og:description\" content=\"Pers\u00f3nuverndarstefnaPers\u00f3nuverndaryfirl\u00fdsing T\u00f6lvulands ehfT\u00f6lvulandi er umhuga\u00f0 um \u00f6ryggi \u00feeirra pers\u00f3nuuppl\u00fdsinga sem fyrirt\u00e6ki\u00f0 me\u00f0h\u00f6ndlar. \u00cd pers\u00f3nuverndarstefnu fyrirt\u00e6kisins kemur fram hvernig og \u00ed hva\u00f0a tilgangi er fari\u00f0 me\u00f0 pers\u00f3nuuppl\u00fdsingar vi\u00f0skiptavina. Vi\u00f0 viljum a\u00f0 vi\u00f0skiptavinir okkar s\u00e9u uppl\u00fdstir um \u00fea\u00f0 hvernig fyrirt\u00e6ki\u00f0 vinnur me\u00f0 pers\u00f3nuuppl\u00fdsingar.\u00c1byrg\u00f0ara\u00f0ili vinnslu pers\u00f3nuuppl\u00fdsinga er T\u00f6lvuland ehf kt. 620509-0860. Pers\u00f3nuuppl\u00fdsingarnar eiga vi\u00f0 um \u00fe\u00e1 t\u00f6lvu\u00fej\u00f3nustu sem [&hellip;]\" \/>\n<meta property=\"og:url\" content=\"https:\/\/tolvuland.is\/en\/personuverndarstefna\/\" \/>\n<meta property=\"og:site_name\" content=\"Tolvuland.is\" \/>\n<meta property=\"article:publisher\" content=\"https:\/\/www.facebook.com\/TolvulandEhf\/\" \/>\n<meta property=\"article:modified_time\" content=\"2025-04-25T12:51:37+00:00\" \/>\n<meta name=\"twitter:card\" content=\"summary_large_image\" \/>\n<meta name=\"twitter:label1\" content=\"Est. reading time\" \/>\n\t<meta name=\"twitter:data1\" content=\"4 minutes\" \/>\n<script type=\"application\/ld+json\" class=\"yoast-schema-graph\">{\"@context\":\"https:\\\/\\\/schema.org\",\"@graph\":[{\"@type\":\"WebPage\",\"@id\":\"https:\\\/\\\/tolvuland.is\\\/personuverndarstefna\\\/\",\"url\":\"https:\\\/\\\/tolvuland.is\\\/personuverndarstefna\\\/\",\"name\":\"Pers\u00f3nuverndarstefna T\u00f6lvulands ehf - Tolvuland.is\",\"isPartOf\":{\"@id\":\"https:\\\/\\\/tolvuland.is\\\/#website\"},\"datePublished\":\"2021-09-30T08:55:07+00:00\",\"dateModified\":\"2025-04-25T12:51:37+00:00\",\"breadcrumb\":{\"@id\":\"https:\\\/\\\/tolvuland.is\\\/personuverndarstefna\\\/#breadcrumb\"},\"inLanguage\":\"en-US\",\"potentialAction\":[{\"@type\":\"ReadAction\",\"target\":[\"https:\\\/\\\/tolvuland.is\\\/personuverndarstefna\\\/\"]}]},{\"@type\":\"BreadcrumbList\",\"@id\":\"https:\\\/\\\/tolvuland.is\\\/personuverndarstefna\\\/#breadcrumb\",\"itemListElement\":[{\"@type\":\"ListItem\",\"position\":1,\"name\":\"Home\",\"item\":\"https:\\\/\\\/tolvuland.is\\\/\"},{\"@type\":\"ListItem\",\"position\":2,\"name\":\"Pers\u00f3nuverndarstefna T\u00f6lvulands ehf\"}]},{\"@type\":\"WebSite\",\"@id\":\"https:\\\/\\\/tolvuland.is\\\/#website\",\"url\":\"https:\\\/\\\/tolvuland.is\\\/\",\"name\":\"Tolvuland.is\",\"description\":\"Apple og PC t\u00f6lvuvi\u00f0ger\u00f0ir\",\"publisher\":{\"@id\":\"https:\\\/\\\/tolvuland.is\\\/#organization\"},\"potentialAction\":[{\"@type\":\"SearchAction\",\"target\":{\"@type\":\"EntryPoint\",\"urlTemplate\":\"https:\\\/\\\/tolvuland.is\\\/?s={search_term_string}\"},\"query-input\":{\"@type\":\"PropertyValueSpecification\",\"valueRequired\":true,\"valueName\":\"search_term_string\"}}],\"inLanguage\":\"en-US\"},{\"@type\":\"Organization\",\"@id\":\"https:\\\/\\\/tolvuland.is\\\/#organization\",\"name\":\"Tolvuland ehf\",\"url\":\"https:\\\/\\\/tolvuland.is\\\/\",\"logo\":{\"@type\":\"ImageObject\",\"inLanguage\":\"en-US\",\"@id\":\"https:\\\/\\\/tolvuland.is\\\/#\\\/schema\\\/logo\\\/image\\\/\",\"url\":\"https:\\\/\\\/tolvuland.is\\\/wp-content\\\/uploads\\\/2020\\\/02\\\/tl-logo-png-1.png\",\"contentUrl\":\"https:\\\/\\\/tolvuland.is\\\/wp-content\\\/uploads\\\/2020\\\/02\\\/tl-logo-png-1.png\",\"width\":240,\"height\":43,\"caption\":\"Tolvuland ehf\"},\"image\":{\"@id\":\"https:\\\/\\\/tolvuland.is\\\/#\\\/schema\\\/logo\\\/image\\\/\"},\"sameAs\":[\"https:\\\/\\\/www.facebook.com\\\/TolvulandEhf\\\/\"]}]}<\/script>\n<!-- \/ Yoast SEO plugin. -->","yoast_head_json":{"title":"Pers\u00f3nuverndarstefna T\u00f6lvulands ehf - Tolvuland.is","robots":{"index":"index","follow":"follow","max-snippet":"max-snippet:-1","max-image-preview":"max-image-preview:large","max-video-preview":"max-video-preview:-1"},"canonical":"https:\/\/tolvuland.is\/en\/personuverndarstefna\/","og_locale":"en_US","og_type":"article","og_title":"Pers\u00f3nuverndarstefna T\u00f6lvulands ehf - Tolvuland.is","og_description":"Pers\u00f3nuverndarstefnaPers\u00f3nuverndaryfirl\u00fdsing T\u00f6lvulands ehfT\u00f6lvulandi er umhuga\u00f0 um \u00f6ryggi \u00feeirra pers\u00f3nuuppl\u00fdsinga sem fyrirt\u00e6ki\u00f0 me\u00f0h\u00f6ndlar. \u00cd pers\u00f3nuverndarstefnu fyrirt\u00e6kisins kemur fram hvernig og \u00ed hva\u00f0a tilgangi er fari\u00f0 me\u00f0 pers\u00f3nuuppl\u00fdsingar vi\u00f0skiptavina. Vi\u00f0 viljum a\u00f0 vi\u00f0skiptavinir okkar s\u00e9u uppl\u00fdstir um \u00fea\u00f0 hvernig fyrirt\u00e6ki\u00f0 vinnur me\u00f0 pers\u00f3nuuppl\u00fdsingar.\u00c1byrg\u00f0ara\u00f0ili vinnslu pers\u00f3nuuppl\u00fdsinga er T\u00f6lvuland ehf kt. 620509-0860. Pers\u00f3nuuppl\u00fdsingarnar eiga vi\u00f0 um \u00fe\u00e1 t\u00f6lvu\u00fej\u00f3nustu sem [&hellip;]","og_url":"https:\/\/tolvuland.is\/en\/personuverndarstefna\/","og_site_name":"Tolvuland.is","article_publisher":"https:\/\/www.facebook.com\/TolvulandEhf\/","article_modified_time":"2025-04-25T12:51:37+00:00","twitter_card":"summary_large_image","twitter_misc":{"Est. reading time":"4 minutes"},"schema":{"@context":"https:\/\/schema.org","@graph":[{"@type":"WebPage","@id":"https:\/\/tolvuland.is\/personuverndarstefna\/","url":"https:\/\/tolvuland.is\/personuverndarstefna\/","name":"Pers\u00f3nuverndarstefna T\u00f6lvulands ehf - Tolvuland.is","isPartOf":{"@id":"https:\/\/tolvuland.is\/#website"},"datePublished":"2021-09-30T08:55:07+00:00","dateModified":"2025-04-25T12:51:37+00:00","breadcrumb":{"@id":"https:\/\/tolvuland.is\/personuverndarstefna\/#breadcrumb"},"inLanguage":"en-US","potentialAction":[{"@type":"ReadAction","target":["https:\/\/tolvuland.is\/personuverndarstefna\/"]}]},{"@type":"BreadcrumbList","@id":"https:\/\/tolvuland.is\/personuverndarstefna\/#breadcrumb","itemListElement":[{"@type":"ListItem","position":1,"name":"Home","item":"https:\/\/tolvuland.is\/"},{"@type":"ListItem","position":2,"name":"Pers\u00f3nuverndarstefna T\u00f6lvulands ehf"}]},{"@type":"WebSite","@id":"https:\/\/tolvuland.is\/#website","url":"https:\/\/tolvuland.is\/","name":"Tolvuland.is","description":"Apple og PC t\u00f6lvuvi\u00f0ger\u00f0ir","publisher":{"@id":"https:\/\/tolvuland.is\/#organization"},"potentialAction":[{"@type":"SearchAction","target":{"@type":"EntryPoint","urlTemplate":"https:\/\/tolvuland.is\/?s={search_term_string}"},"query-input":{"@type":"PropertyValueSpecification","valueRequired":true,"valueName":"search_term_string"}}],"inLanguage":"en-US"},{"@type":"Organization","@id":"https:\/\/tolvuland.is\/#organization","name":"Tolvuland ehf","url":"https:\/\/tolvuland.is\/","logo":{"@type":"ImageObject","inLanguage":"en-US","@id":"https:\/\/tolvuland.is\/#\/schema\/logo\/image\/","url":"https:\/\/tolvuland.is\/wp-content\/uploads\/2020\/02\/tl-logo-png-1.png","contentUrl":"https:\/\/tolvuland.is\/wp-content\/uploads\/2020\/02\/tl-logo-png-1.png","width":240,"height":43,"caption":"Tolvuland ehf"},"image":{"@id":"https:\/\/tolvuland.is\/#\/schema\/logo\/image\/"},"sameAs":["https:\/\/www.facebook.com\/TolvulandEhf\/"]}]}},"_links":{"self":[{"href":"https:\/\/tolvuland.is\/en\/wp-json\/wp\/v2\/pages\/2819","targetHints":{"allow":["GET"]}}],"collection":[{"href":"https:\/\/tolvuland.is\/en\/wp-json\/wp\/v2\/pages"}],"about":[{"href":"https:\/\/tolvuland.is\/en\/wp-json\/wp\/v2\/types\/page"}],"author":[{"embeddable":true,"href":"https:\/\/tolvuland.is\/en\/wp-json\/wp\/v2\/users\/1"}],"replies":[{"embeddable":true,"href":"https:\/\/tolvuland.is\/en\/wp-json\/wp\/v2\/comments?post=2819"}],"version-history":[{"count":21,"href":"https:\/\/tolvuland.is\/en\/wp-json\/wp\/v2\/pages\/2819\/revisions"}],"predecessor-version":[{"id":4623,"href":"https:\/\/tolvuland.is\/en\/wp-json\/wp\/v2\/pages\/2819\/revisions\/4623"}],"wp:attachment":[{"href":"https:\/\/tolvuland.is\/en\/wp-json\/wp\/v2\/media?parent=2819"}],"curies":[{"name":"wp","href":"https:\/\/api.w.org\/{rel}","templated":true}]}}