{"id":218,"date":"2020-02-15T10:22:59","date_gmt":"2020-02-15T10:22:59","guid":{"rendered":"http:\/\/tolvuland.is\/?page_id=218"},"modified":"2025-08-14T20:24:28","modified_gmt":"2025-08-14T20:24:28","slug":"um-okkur","status":"publish","type":"page","link":"https:\/\/tolvuland.is\/en\/um-okkur\/","title":{"rendered":"Um okkur"},"content":{"rendered":"<p>[et_pb_section fb_built=&#8220;1&#8243; admin_label=&#8220;Header&#8220; _builder_version=&#8220;4.24.0&#8243; background_color=&#8220;#2f365f&#8220; background_enable_image=&#8220;off&#8220; custom_margin=&#8220;||||false&#8220; custom_padding=&#8220;||||true|false&#8220; global_colors_info=&#8220;{}&#8220;][et_pb_row _builder_version=&#8220;4.16&#8243; max_width=&#8220;700px&#8220; use_custom_width=&#8220;on&#8220; custom_width_px=&#8220;700px&#8220; global_colors_info=&#8220;{}&#8220;][et_pb_column type=&#8220;4_4&#8243; _builder_version=&#8220;4.16&#8243; custom_padding=&#8220;|||&#8220; global_colors_info=&#8220;{}&#8220; custom_padding__hover=&#8220;|||&#8220;][et_pb_text _builder_version=&#8220;4.24.0&#8243; _module_preset=&#8220;default&#8220; text_text_color=&#8220;#FFFFFF&#8220; header_font=&#8220;Lato|700||on|||||&#8220; header_text_align=&#8220;center&#8220; header_text_color=&#8220;#EDF000&#8243; header_font_size=&#8220;62px&#8220; header_line_height=&#8220;1.2em&#8220; header_3_text_color=&#8220;#FFFFFF&#8220; text_orientation=&#8220;center&#8220; header_font_size_tablet=&#8220;62px&#8220; header_font_size_phone=&#8220;36px&#8220; header_font_size_last_edited=&#8220;on|desktop&#8220; header_3_font_size_tablet=&#8220;&#8220; header_3_font_size_phone=&#8220;18px&#8220; header_3_font_size_last_edited=&#8220;on|desktop&#8220; global_colors_info=&#8220;{}&#8220;]<\/p>\n<h1>Um okkur<\/h1>\n<h3>Hver erum vi\u00f0?<\/h3>\n<p>[\/et_pb_text][\/et_pb_column][\/et_pb_row][\/et_pb_section][et_pb_section fb_built=&#8220;1&#8243; admin_label=&#8220;History&#8220; _builder_version=&#8220;4.16&#8243; global_colors_info=&#8220;{}&#8220;][et_pb_row _builder_version=&#8220;4.16&#8243; custom_margin=&#8220;|||&#8220; custom_padding=&#8220;|||&#8220; global_colors_info=&#8220;{}&#8220;][et_pb_column type=&#8220;4_4&#8243; _builder_version=&#8220;4.16&#8243; custom_padding=&#8220;|||&#8220; global_colors_info=&#8220;{}&#8220; custom_padding__hover=&#8220;|||&#8220;][et_pb_text _builder_version=&#8220;4.24.0&#8243; text_font=&#8220;Share Tech||||||||&#8220; text_text_color=&#8220;rgba(0,0,0,0.02)&#8220; text_font_size=&#8220;100px&#8220; text_line_height=&#8220;0.2em&#8220; header_font=&#8220;||||||||&#8220; header_2_font=&#8220;Lato|700|||||||&#8220; header_2_font_size=&#8220;46px&#8220; header_2_line_height=&#8220;1.2em&#8220; text_orientation=&#8220;center&#8220; custom_margin=&#8220;||30px||false&#8220; custom_margin_tablet=&#8220;||0px|&#8220; custom_margin_phone=&#8220;&#8220; custom_margin_last_edited=&#8220;on|tablet&#8220; custom_padding_tablet=&#8220;&#8220; custom_padding_phone=&#8220;||20px||false|false&#8220; custom_padding_last_edited=&#8220;on|phone&#8220; text_font_size_tablet=&#8220;80px&#8220; text_font_size_phone=&#8220;60px&#8220; text_font_size_last_edited=&#8220;on|desktop&#8220; header_2_font_size_tablet=&#8220;&#8220; header_2_font_size_phone=&#8220;30px&#8220; header_2_font_size_last_edited=&#8220;on|phone&#8220; global_colors_info=&#8220;{}&#8220;]<\/p>\n<h2>T\u00f6lvuvi\u00f0ger\u00f0ir og \u00fej\u00f3nusta fr\u00e1 2009<\/h2>\n<p>[\/et_pb_text][et_pb_text _builder_version=&#8220;4.27.4&#8243; text_font=&#8220;||||||||&#8220; text_font_size=&#8220;16px&#8220; text_line_height=&#8220;1.8em&#8220; header_4_font_size=&#8220;22px&#8220; max_width=&#8220;700px&#8220; max_width_tablet=&#8220;&#8220; max_width_phone=&#8220;&#8220; max_width_last_edited=&#8220;on|phone&#8220; module_alignment=&#8220;center&#8220; hover_enabled=&#8220;0&#8243; text_font_size_tablet=&#8220;16px&#8220; text_font_size_phone=&#8220;14px&#8220; text_font_size_last_edited=&#8220;on|phone&#8220; header_4_font_size_tablet=&#8220;22px&#8220; header_4_font_size_phone=&#8220;18px&#8220; header_4_font_size_last_edited=&#8220;on|phone&#8220; locked=&#8220;off&#8220; global_colors_info=&#8220;{}&#8220; sticky_enabled=&#8220;0&#8243;]<\/p>\n<h4>Allar almennar t\u00f6lvuvi\u00f0ger\u00f0ir.<\/h4>\n<p>T\u00f6lvuland s\u00e9rh\u00e6fir sig \u00ed vi\u00f0ger\u00f0um \u00e1 PC fart\u00f6lvum og bor\u00f0t\u00f6lvum. Verkst\u00e6\u00f0i\u00f0 er fullkomi\u00f0 og vel t\u00e6kjum b\u00fai\u00f0 \u00fear sem \u00f6llum almennum t\u00f6lvuvi\u00f0ger\u00f0um er sinnt. Vi\u00f0 skiptum um v\u00e9lb\u00fana\u00f0 \u00ed t\u00f6lvum, setjum upp hugb\u00fana\u00f0 og hreinsum \u00fat v\u00edrusa svo f\u00e1tt eitt s\u00e9 tali\u00f0 upp.<\/p>\n<h4>Frj\u00e1lst og \u00f3h\u00e1\u00f0 t\u00f6lvuverkst\u00e6\u00f0i.<\/h4>\n<p>Strax \u00ed upphafi var tekin s\u00fa \u00e1kv\u00f6r\u00f0um a\u00f0 marka fyrirt\u00e6kinu s\u00e9rst\u00f6\u00f0u \u00e1 marka\u00f0num me\u00f0 \u00fev\u00ed a\u00f0 selja ekki n\u00fdjar t\u00f6lvur til vi\u00f0skiptavina eins og flest t\u00f6lvu\u00fej\u00f3nustufyrirt\u00e6ki \u00e1 \u00cdslandi gera. Vi\u00f0 eigum \u00feannig engra s\u00f6luhagsmuna a\u00f0 g\u00e6ta og erum ekki h\u00e1\u00f0ir \u00fev\u00ed a\u00f0 selja \u00e1kve\u00f0i\u00f0 magn af t\u00f6lvum \u00ed hverjum m\u00e1nu\u00f0i. Vi\u00f0skiptavinir okkar geta \u00feannig treyst \u00fev\u00ed a\u00f0 f\u00e1 r\u00e9tta bilanagreiningu \u00e1 t\u00f6lvunni sinni, uppl\u00fdsingar um vi\u00f0ger\u00f0arkostna\u00f0, notkunarm\u00f6guleika og l\u00edft\u00edma t\u00f6lvunnar.<\/p>\n<h4>F\u00f6st ver\u00f0 til hagsb\u00f3ta fyrir \u00feig.<\/h4>\n<p>T\u00f6lvuland var fyrsta fyrirt\u00e6ki\u00f0 \u00e1 \u00cdslandi til a\u00f0 bj\u00f3\u00f0a vi\u00f0skiptavinum s\u00ednum upp \u00e1 f\u00f6st ver\u00f0 \u00e1 n\u00e1nast \u00f6llum \u00fej\u00f3nustuli\u00f0um. Vi\u00f0 vitum hva\u00f0 \u00fea\u00f0 kostar a\u00f0 gera vi\u00f0 t\u00f6lvuna \u00fe\u00edna og vi\u00f0 viljum a\u00f0 \u00fe\u00fa vitir \u00fea\u00f0 l\u00edka \u00e1\u00f0ur en \u00fe\u00fa l\u00e6tur gera vi\u00f0 hana.<\/p>\n<h4>Vi\u00f0 gerum vi\u00f0.<\/h4>\n<p>Vi\u00f0 h\u00f6fum alltaf veri\u00f0 \u00f3\u00fereytandi vi\u00f0 a\u00f0 halda \u00e1 lofti \u00feeirri hugsj\u00f3n okkar a\u00f0 gera vi\u00f0 ef \u00fea\u00f0 er m\u00f6gulegt \u00ed sta\u00f0 \u00feess a\u00f0 henda og kaupa n\u00fdtt. Vi\u00f0 erum einnig me\u00f0vita\u00f0ir um a\u00f0 allir hlutir eiga sinn t\u00edma og stundum er t\u00f6lva sem kemur til okkar \u00ed bilanagreiningu einfaldlega of g\u00f6mul til a\u00f0 \u00fea\u00f0 borgi sig a\u00f0 gera vi\u00f0 hana. \u00cd sl\u00edkum tilvikum r\u00e1\u00f0leggjum vi\u00f0 vi\u00f0skiptavinum okkar um val \u00e1 n\u00fdrri t\u00f6lvu \u00ed samr\u00e6mi vi\u00f0 fyrirhugu\u00f0 not.<\/p>\n<ul style=\"list-style-type: circle;\">\n<li>T\u00f6lvuland ehf<\/li>\n<li>Kennitala: 620509-0860<\/li>\n<li>Stofn\u00e1r: 2009<\/li>\n<li>VSK n\u00famer: 101461<\/li>\n<li>Skeljagrandi 1<\/li>\n<li>107 Reykjav\u00edk<\/li>\n<\/ul>\n<p>[\/et_pb_text][\/et_pb_column][\/et_pb_row][\/et_pb_section]<\/p>\n","protected":false},"excerpt":{"rendered":"<p>Um okkur Hver erum vi\u00f0?T\u00f6lvuvi\u00f0ger\u00f0ir og \u00fej\u00f3nusta fr\u00e1 2009Allar almennar t\u00f6lvuvi\u00f0ger\u00f0ir. T\u00f6lvuland s\u00e9rh\u00e6fir sig \u00ed vi\u00f0ger\u00f0um \u00e1 PC fart\u00f6lvum og bor\u00f0t\u00f6lvum. Verkst\u00e6\u00f0i\u00f0 er fullkomi\u00f0 og vel t\u00e6kjum b\u00fai\u00f0 \u00fear sem \u00f6llum almennum t\u00f6lvuvi\u00f0ger\u00f0um er sinnt. Vi\u00f0 skiptum um v\u00e9lb\u00fana\u00f0 \u00ed t\u00f6lvum, setjum upp hugb\u00fana\u00f0 og hreinsum \u00fat v\u00edrusa svo f\u00e1tt eitt s\u00e9 tali\u00f0 upp. Frj\u00e1lst [&hellip;]<\/p>\n","protected":false},"author":1,"featured_media":0,"parent":0,"menu_order":0,"comment_status":"closed","ping_status":"closed","template":"","meta":{"_et_pb_use_builder":"on","_et_pb_old_content":"","_et_gb_content_width":"","footnotes":""},"class_list":["post-218","page","type-page","status-publish","hentry"],"yoast_head":"<!-- This site is optimized with the Yoast SEO plugin v27.4 - https:\/\/yoast.com\/product\/yoast-seo-wordpress\/ -->\n<title>Um okkur - Tolvuland.is<\/title>\n<meta name=\"robots\" content=\"index, follow, max-snippet:-1, max-image-preview:large, max-video-preview:-1\" \/>\n<link rel=\"canonical\" href=\"https:\/\/tolvuland.is\/en\/um-okkur\/\" \/>\n<meta property=\"og:locale\" content=\"en_US\" \/>\n<meta property=\"og:type\" content=\"article\" \/>\n<meta property=\"og:title\" content=\"Um okkur - Tolvuland.is\" \/>\n<meta property=\"og:description\" content=\"Um okkur Hver erum vi\u00f0?T\u00f6lvuvi\u00f0ger\u00f0ir og \u00fej\u00f3nusta fr\u00e1 2009Allar almennar t\u00f6lvuvi\u00f0ger\u00f0ir. T\u00f6lvuland s\u00e9rh\u00e6fir sig \u00ed vi\u00f0ger\u00f0um \u00e1 PC fart\u00f6lvum og bor\u00f0t\u00f6lvum. Verkst\u00e6\u00f0i\u00f0 er fullkomi\u00f0 og vel t\u00e6kjum b\u00fai\u00f0 \u00fear sem \u00f6llum almennum t\u00f6lvuvi\u00f0ger\u00f0um er sinnt. Vi\u00f0 skiptum um v\u00e9lb\u00fana\u00f0 \u00ed t\u00f6lvum, setjum upp hugb\u00fana\u00f0 og hreinsum \u00fat v\u00edrusa svo f\u00e1tt eitt s\u00e9 tali\u00f0 upp. Frj\u00e1lst [&hellip;]\" \/>\n<meta property=\"og:url\" content=\"https:\/\/tolvuland.is\/en\/um-okkur\/\" \/>\n<meta property=\"og:site_name\" content=\"Tolvuland.is\" \/>\n<meta property=\"article:publisher\" content=\"https:\/\/www.facebook.com\/TolvulandEhf\/\" \/>\n<meta property=\"article:modified_time\" content=\"2025-08-14T20:24:28+00:00\" \/>\n<meta name=\"twitter:card\" content=\"summary_large_image\" \/>\n<meta name=\"twitter:label1\" content=\"Est. reading time\" \/>\n\t<meta name=\"twitter:data1\" content=\"7 minutes\" \/>\n<script type=\"application\/ld+json\" class=\"yoast-schema-graph\">{\"@context\":\"https:\\\/\\\/schema.org\",\"@graph\":[{\"@type\":\"WebPage\",\"@id\":\"https:\\\/\\\/tolvuland.is\\\/um-okkur\\\/\",\"url\":\"https:\\\/\\\/tolvuland.is\\\/um-okkur\\\/\",\"name\":\"Um okkur - Tolvuland.is\",\"isPartOf\":{\"@id\":\"https:\\\/\\\/tolvuland.is\\\/#website\"},\"datePublished\":\"2020-02-15T10:22:59+00:00\",\"dateModified\":\"2025-08-14T20:24:28+00:00\",\"breadcrumb\":{\"@id\":\"https:\\\/\\\/tolvuland.is\\\/um-okkur\\\/#breadcrumb\"},\"inLanguage\":\"en-US\",\"potentialAction\":[{\"@type\":\"ReadAction\",\"target\":[\"https:\\\/\\\/tolvuland.is\\\/um-okkur\\\/\"]}]},{\"@type\":\"BreadcrumbList\",\"@id\":\"https:\\\/\\\/tolvuland.is\\\/um-okkur\\\/#breadcrumb\",\"itemListElement\":[{\"@type\":\"ListItem\",\"position\":1,\"name\":\"Home\",\"item\":\"https:\\\/\\\/tolvuland.is\\\/\"},{\"@type\":\"ListItem\",\"position\":2,\"name\":\"Um okkur\"}]},{\"@type\":\"WebSite\",\"@id\":\"https:\\\/\\\/tolvuland.is\\\/#website\",\"url\":\"https:\\\/\\\/tolvuland.is\\\/\",\"name\":\"Tolvuland.is\",\"description\":\"Apple og PC t\u00f6lvuvi\u00f0ger\u00f0ir\",\"publisher\":{\"@id\":\"https:\\\/\\\/tolvuland.is\\\/#organization\"},\"potentialAction\":[{\"@type\":\"SearchAction\",\"target\":{\"@type\":\"EntryPoint\",\"urlTemplate\":\"https:\\\/\\\/tolvuland.is\\\/?s={search_term_string}\"},\"query-input\":{\"@type\":\"PropertyValueSpecification\",\"valueRequired\":true,\"valueName\":\"search_term_string\"}}],\"inLanguage\":\"en-US\"},{\"@type\":\"Organization\",\"@id\":\"https:\\\/\\\/tolvuland.is\\\/#organization\",\"name\":\"Tolvuland ehf\",\"url\":\"https:\\\/\\\/tolvuland.is\\\/\",\"logo\":{\"@type\":\"ImageObject\",\"inLanguage\":\"en-US\",\"@id\":\"https:\\\/\\\/tolvuland.is\\\/#\\\/schema\\\/logo\\\/image\\\/\",\"url\":\"https:\\\/\\\/tolvuland.is\\\/wp-content\\\/uploads\\\/2020\\\/02\\\/tl-logo-png-1.png\",\"contentUrl\":\"https:\\\/\\\/tolvuland.is\\\/wp-content\\\/uploads\\\/2020\\\/02\\\/tl-logo-png-1.png\",\"width\":240,\"height\":43,\"caption\":\"Tolvuland ehf\"},\"image\":{\"@id\":\"https:\\\/\\\/tolvuland.is\\\/#\\\/schema\\\/logo\\\/image\\\/\"},\"sameAs\":[\"https:\\\/\\\/www.facebook.com\\\/TolvulandEhf\\\/\"]}]}<\/script>\n<!-- \/ Yoast SEO plugin. -->","yoast_head_json":{"title":"Um okkur - Tolvuland.is","robots":{"index":"index","follow":"follow","max-snippet":"max-snippet:-1","max-image-preview":"max-image-preview:large","max-video-preview":"max-video-preview:-1"},"canonical":"https:\/\/tolvuland.is\/en\/um-okkur\/","og_locale":"en_US","og_type":"article","og_title":"Um okkur - Tolvuland.is","og_description":"Um okkur Hver erum vi\u00f0?T\u00f6lvuvi\u00f0ger\u00f0ir og \u00fej\u00f3nusta fr\u00e1 2009Allar almennar t\u00f6lvuvi\u00f0ger\u00f0ir. T\u00f6lvuland s\u00e9rh\u00e6fir sig \u00ed vi\u00f0ger\u00f0um \u00e1 PC fart\u00f6lvum og bor\u00f0t\u00f6lvum. Verkst\u00e6\u00f0i\u00f0 er fullkomi\u00f0 og vel t\u00e6kjum b\u00fai\u00f0 \u00fear sem \u00f6llum almennum t\u00f6lvuvi\u00f0ger\u00f0um er sinnt. Vi\u00f0 skiptum um v\u00e9lb\u00fana\u00f0 \u00ed t\u00f6lvum, setjum upp hugb\u00fana\u00f0 og hreinsum \u00fat v\u00edrusa svo f\u00e1tt eitt s\u00e9 tali\u00f0 upp. Frj\u00e1lst [&hellip;]","og_url":"https:\/\/tolvuland.is\/en\/um-okkur\/","og_site_name":"Tolvuland.is","article_publisher":"https:\/\/www.facebook.com\/TolvulandEhf\/","article_modified_time":"2025-08-14T20:24:28+00:00","twitter_card":"summary_large_image","twitter_misc":{"Est. reading time":"7 minutes"},"schema":{"@context":"https:\/\/schema.org","@graph":[{"@type":"WebPage","@id":"https:\/\/tolvuland.is\/um-okkur\/","url":"https:\/\/tolvuland.is\/um-okkur\/","name":"Um okkur - Tolvuland.is","isPartOf":{"@id":"https:\/\/tolvuland.is\/#website"},"datePublished":"2020-02-15T10:22:59+00:00","dateModified":"2025-08-14T20:24:28+00:00","breadcrumb":{"@id":"https:\/\/tolvuland.is\/um-okkur\/#breadcrumb"},"inLanguage":"en-US","potentialAction":[{"@type":"ReadAction","target":["https:\/\/tolvuland.is\/um-okkur\/"]}]},{"@type":"BreadcrumbList","@id":"https:\/\/tolvuland.is\/um-okkur\/#breadcrumb","itemListElement":[{"@type":"ListItem","position":1,"name":"Home","item":"https:\/\/tolvuland.is\/"},{"@type":"ListItem","position":2,"name":"Um okkur"}]},{"@type":"WebSite","@id":"https:\/\/tolvuland.is\/#website","url":"https:\/\/tolvuland.is\/","name":"Tolvuland.is","description":"Apple og PC t\u00f6lvuvi\u00f0ger\u00f0ir","publisher":{"@id":"https:\/\/tolvuland.is\/#organization"},"potentialAction":[{"@type":"SearchAction","target":{"@type":"EntryPoint","urlTemplate":"https:\/\/tolvuland.is\/?s={search_term_string}"},"query-input":{"@type":"PropertyValueSpecification","valueRequired":true,"valueName":"search_term_string"}}],"inLanguage":"en-US"},{"@type":"Organization","@id":"https:\/\/tolvuland.is\/#organization","name":"Tolvuland ehf","url":"https:\/\/tolvuland.is\/","logo":{"@type":"ImageObject","inLanguage":"en-US","@id":"https:\/\/tolvuland.is\/#\/schema\/logo\/image\/","url":"https:\/\/tolvuland.is\/wp-content\/uploads\/2020\/02\/tl-logo-png-1.png","contentUrl":"https:\/\/tolvuland.is\/wp-content\/uploads\/2020\/02\/tl-logo-png-1.png","width":240,"height":43,"caption":"Tolvuland ehf"},"image":{"@id":"https:\/\/tolvuland.is\/#\/schema\/logo\/image\/"},"sameAs":["https:\/\/www.facebook.com\/TolvulandEhf\/"]}]}},"_links":{"self":[{"href":"https:\/\/tolvuland.is\/en\/wp-json\/wp\/v2\/pages\/218","targetHints":{"allow":["GET"]}}],"collection":[{"href":"https:\/\/tolvuland.is\/en\/wp-json\/wp\/v2\/pages"}],"about":[{"href":"https:\/\/tolvuland.is\/en\/wp-json\/wp\/v2\/types\/page"}],"author":[{"embeddable":true,"href":"https:\/\/tolvuland.is\/en\/wp-json\/wp\/v2\/users\/1"}],"replies":[{"embeddable":true,"href":"https:\/\/tolvuland.is\/en\/wp-json\/wp\/v2\/comments?post=218"}],"version-history":[{"count":45,"href":"https:\/\/tolvuland.is\/en\/wp-json\/wp\/v2\/pages\/218\/revisions"}],"predecessor-version":[{"id":4647,"href":"https:\/\/tolvuland.is\/en\/wp-json\/wp\/v2\/pages\/218\/revisions\/4647"}],"wp:attachment":[{"href":"https:\/\/tolvuland.is\/en\/wp-json\/wp\/v2\/media?parent=218"}],"curies":[{"name":"wp","href":"https:\/\/api.w.org\/{rel}","templated":true}]}}