{"id":1866,"date":"2020-07-12T16:28:38","date_gmt":"2020-07-12T16:28:38","guid":{"rendered":"https:\/\/tolvuland.is\/?page_id=1866"},"modified":"2026-02-19T21:01:48","modified_gmt":"2026-02-19T21:01:48","slug":"tolvuvidgerdir-fyrir-einstaklinga-og-fyrirtaeki-2","status":"publish","type":"page","link":"https:\/\/tolvuland.is\/en\/tolvuvidgerdir-fyrir-einstaklinga-og-fyrirtaeki-2\/","title":{"rendered":"T\u00f6lvuvi\u00f0ger\u00f0ir fyrir einstaklinga og fyrirt\u00e6ki"},"content":{"rendered":"<p>[et_pb_section fb_built=&#8220;1&#8243; admin_label=&#8220;Header&#8220; _builder_version=&#8220;4.24.0&#8243; background_color=&#8220;#2f365f&#8220; background_enable_image=&#8220;off&#8220; custom_margin=&#8220;||||false&#8220; custom_padding=&#8220;||||true|false&#8220; global_colors_info=&#8220;{}&#8220;][et_pb_row _builder_version=&#8220;4.16&#8243; max_width=&#8220;700px&#8220; use_custom_width=&#8220;on&#8220; custom_width_px=&#8220;700px&#8220; global_colors_info=&#8220;{}&#8220;][et_pb_column type=&#8220;4_4&#8243; _builder_version=&#8220;4.16&#8243; custom_padding=&#8220;|||&#8220; global_colors_info=&#8220;{}&#8220; custom_padding__hover=&#8220;|||&#8220;][et_pb_text _builder_version=&#8220;4.27.5&#8243; _module_preset=&#8220;default&#8220; text_text_color=&#8220;#FFFFFF&#8220; header_font=&#8220;Lato|700|||||||&#8220; header_text_align=&#8220;center&#8220; header_text_color=&#8220;#EDF000&#8243; header_font_size=&#8220;62px&#8220; header_line_height=&#8220;1.2em&#8220; text_orientation=&#8220;center&#8220; header_font_size_tablet=&#8220;62px&#8220; header_font_size_phone=&#8220;32px&#8220; header_font_size_last_edited=&#8220;on|phone&#8220; global_colors_info=&#8220;{}&#8220;]<\/p>\n<h1>T\u00d6LVUVI\u00d0GER\u00d0IR<\/h1>\n<p>[\/et_pb_text][et_pb_button button_url=&#8220;@ET-DC@eyJkeW5hbWljIjp0cnVlLCJjb250ZW50IjoicG9zdF9saW5rX3VybF9wYWdlIiwic2V0dGluZ3MiOnsicG9zdF9pZCI6IjI1MTgifX0=@&#8220; button_text=&#8220;B\u00f3ka t\u00edma \u00e1 t\u00f6lvuverkst\u00e6\u00f0i&#8220; button_alignment=&#8220;center&#8220; _builder_version=&#8220;4.27.5&#8243; _dynamic_attributes=&#8220;button_url&#8220; custom_button=&#8220;on&#8220; button_text_size=&#8220;20px&#8220; button_text_color=&#8220;#EDF000&#8243; button_border_width=&#8220;2px&#8220; button_border_color=&#8220;#FFFFFF&#8220; button_border_radius=&#8220;3px&#8220; button_letter_spacing=&#8220;0px&#8220; button_font=&#8220;|500||on|||||&#8220; button_use_icon=&#8220;off&#8220; custom_padding=&#8220;16px|32px|16px|32px|true|true&#8220; hover_enabled=&#8220;0&#8243; button_text_size_tablet=&#8220;20px&#8220; button_text_size_phone=&#8220;15px&#8220; button_text_size_last_edited=&#8220;on|desktop&#8220; button_text_color_tablet=&#8220;#EDF000&#8243; button_text_color_phone=&#8220;#EDF000&#8243; button_text_color_last_edited=&#8220;on|desktop&#8220; button_border_width_tablet=&#8220;1px&#8220; button_border_width_phone=&#8220;2px&#8220; button_border_width_last_edited=&#8220;on|phone&#8220; box_shadow_style=&#8220;preset1&#8243; box_shadow_color=&#8220;rgba(239,59,36,0.24)&#8220; button_letter_spacing_hover=&#8220;2px&#8220; global_colors_info=&#8220;{}&#8220; button_text_size__hover_enabled=&#8220;off&#8220; button_one_text_size__hover_enabled=&#8220;off&#8220; button_two_text_size__hover_enabled=&#8220;off&#8220; button_text_color__hover_enabled=&#8220;off&#8220; button_one_text_color__hover_enabled=&#8220;off&#8220; button_two_text_color__hover_enabled=&#8220;off&#8220; button_border_width__hover_enabled=&#8220;off&#8220; button_one_border_width__hover_enabled=&#8220;off&#8220; button_two_border_width__hover_enabled=&#8220;off&#8220; button_border_color__hover_enabled=&#8220;off&#8220; button_one_border_color__hover_enabled=&#8220;off&#8220; button_two_border_color__hover_enabled=&#8220;off&#8220; button_border_radius__hover_enabled=&#8220;off&#8220; button_one_border_radius__hover_enabled=&#8220;off&#8220; button_two_border_radius__hover_enabled=&#8220;off&#8220; button_letter_spacing__hover_enabled=&#8220;on|desktop&#8220; button_letter_spacing__hover=&#8220;1px&#8220; button_one_letter_spacing__hover_enabled=&#8220;off&#8220; button_two_letter_spacing__hover_enabled=&#8220;off&#8220; button_bg_color__hover_enabled=&#8220;off&#8220; button_one_bg_color__hover_enabled=&#8220;off&#8220; button_two_bg_color__hover_enabled=&#8220;off&#8220; sticky_enabled=&#8220;0&#8243;][\/et_pb_button][\/et_pb_column][\/et_pb_row][\/et_pb_section][et_pb_section fb_built=&#8220;1&#8243; admin_label=&#8220;Why choose us&#8220; _builder_version=&#8220;4.16&#8243; global_colors_info=&#8220;{}&#8220;][et_pb_row _builder_version=&#8220;4.27.4&#8243; _module_preset=&#8220;default&#8220; global_colors_info=&#8220;{}&#8220;][et_pb_column type=&#8220;4_4&#8243; _builder_version=&#8220;4.27.4&#8243; _module_preset=&#8220;default&#8220; global_colors_info=&#8220;{}&#8220;][et_pb_text _builder_version=&#8220;4.27.4&#8243; _module_preset=&#8220;default&#8220; text_font_size=&#8220;16px&#8220; header_3_font=&#8220;Lato|700|||||||&#8220; header_3_text_align=&#8220;center&#8220; header_3_font_size=&#8220;26px&#8220; header_3_line_height=&#8220;1.1em&#8220; header_3_font_size_tablet=&#8220;26px&#8220; header_3_font_size_phone=&#8220;20px&#8220; header_3_font_size_last_edited=&#8220;on|phone&#8220; global_colors_info=&#8220;{}&#8220;]<\/p>\n<h3>\u00dea\u00f0 er betra a\u00f0 vita n\u00e1kv\u00e6mlega hva\u00f0 er a\u00f0.<\/h3>\n<p>Vi\u00f0 sko\u00f0um t\u00f6lvuna \u00fe\u00edna og finnum \u00fat hva\u00f0 er a\u00f0 henni. \u00de\u00fa f\u00e6r\u00f0 a\u00f0 vita hva\u00f0 vi\u00f0ger\u00f0in kostar og hva\u00f0 h\u00fan tekur langan t\u00edma. Ef \u00fe\u00fa \u00e1kve\u00f0ur a\u00f0 l\u00e1ta gera vi\u00f0 t\u00f6lvuna grei\u00f0ir \u00fe\u00fa vi\u00f0ger\u00f0arkostna\u00f0inn en kostna\u00f0ur vegna bilanagreiningarinnar fellur ni\u00f0ur. \u00dea\u00f0 skiptir ekki m\u00e1li hvernig PC t\u00f6lvu \u00fe\u00fa \u00e1tt en h\u00fan \u00fearf a\u00f0 vera me\u00f0 Windows st\u00fdrikerfi. Vi\u00f0 sko\u00f0um og gerum vi\u00f0 allar tegundir og ger\u00f0ir.<\/p>\n<p>[\/et_pb_text][\/et_pb_column][\/et_pb_row][et_pb_row _builder_version=&#8220;4.24.0&#8243; _module_preset=&#8220;default&#8220; global_colors_info=&#8220;{}&#8220;][et_pb_column type=&#8220;4_4&#8243; _builder_version=&#8220;4.24.0&#8243; _module_preset=&#8220;default&#8220; global_colors_info=&#8220;{}&#8220;][et_pb_text _builder_version=&#8220;4.24.0&#8243; _module_preset=&#8220;default&#8220; header_3_font=&#8220;Lato|700|||||||&#8220; header_3_text_align=&#8220;center&#8220; header_3_line_height=&#8220;1.2em&#8220; header_3_font_size_tablet=&#8220;&#8220; header_3_font_size_phone=&#8220;20px&#8220; header_3_font_size_last_edited=&#8220;on|desktop&#8220; global_colors_info=&#8220;{}&#8220;]<\/p>\n<h3>T\u00f6lvuverkst\u00e6\u00f0i<\/h3>\n<p>Vi\u00f0 skiptum um v\u00e9lb\u00fana\u00f0 \u00ed PC t\u00f6lvum eins og t.d. m\u00f3\u00f0urbor\u00f0, fart\u00f6lvuskj\u00e1i, raftengi, har\u00f0diska, skj\u00e1kort, spennugjafa og fleira.<br \/>\u00dea\u00f0 eina sem \u00fe\u00fa \u00fearft a\u00f0 gera er a\u00f0 panta t\u00edma og koma me\u00f0 t\u00f6lvuna \u00fe\u00edna til okkar \u00e1 verkst\u00e6\u00f0i\u00f0. Vi\u00f0 bilanagreinum hana og segjum \u00fe\u00e9r hva\u00f0 \u00fearf a\u00f0 gera til a\u00f0 koma henni \u00ed lag, hva\u00f0 \u00fea\u00f0 kostar og hva\u00f0 \u00fea\u00f0 tekur langan t\u00edma. Ef \u00fe\u00fa \u00e1kve\u00f0ur a\u00f0 l\u00e1ta okkur ekki gera vi\u00f0 t\u00f6lvuna \u00fearftu a\u00f0 grei\u00f0a okkur <a href=\"https:\/\/tolvuland.is\/verdlisti\/\">sko\u00f0unargjald<\/a> fyrir \u00fej\u00f3nustuna. Ef \u00fe\u00fa \u00e1kve\u00f0ur a\u00f0 l\u00e1ta okkur gera vi\u00f0 t\u00f6lvuna fellur sko\u00f0unargjaldi\u00f0 ni\u00f0ur.<\/p>\n<h3>St\u00fdrikerfi<\/h3>\n<p>Vi\u00f0 setjum upp Windows st\u00fdrikerfi \u00e1 PC t\u00f6lvur, hvort sem um grunnuppsetningu e\u00f0a enduruppsetningu er a\u00f0 r\u00e6\u00f0a. \u00deegar um enduruppsetningu er a\u00f0 r\u00e6\u00f0a er har\u00f0diskur t\u00f6lvunnar formatta\u00f0ur (\u00f6llu eytt \u00fat af honum) og st\u00fdrikerfi sett upp fr\u00e1 grunni. Allir reklar (driverar) eru settir upp \u00e1 t\u00f6lvuna og uppf\u00e6r\u00f0ir ef \u00fe\u00f6rf er \u00e1. A\u00f0 lokum er st\u00fdrikerfi\u00f0 uppf\u00e6rt og pr\u00f3fa\u00f0.<\/p>\n<h3>Rykhreinsun<\/h3>\n<p>Vi\u00f0 rykhreinsum v\u00e9lb\u00fana\u00f0 t\u00f6lvunnar \u00feinnar. \u00dea\u00f0 er l\u00f6gm\u00e1l a\u00f0 allar t\u00f6lvur safna ryki \u00ed k\u00e6lib\u00fana\u00f0 sinn. Me\u00f0 t\u00edmanum myndar ryki\u00f0 teppi sem st\u00edflar loftfl\u00e6\u00f0i\u00f0 \u00fat \u00far t\u00f6lvunni og lokar \u00feannig heitt loft inni \u00ed henni.<\/p>\n<h3>Afritun \u00e1 g\u00f6gnum<\/h3>\n<p>Vi\u00f0 getum teki\u00f0 afrit af g\u00f6gnum t\u00f6lvunnar \u00e1\u00f0ur en st\u00fdrikerfi hennar er enduruppsett. Vi\u00f0 afritat\u00f6ku eru g\u00f6gn v\u00edrussk\u00f6nnu\u00f0 til a\u00f0 koma \u00ed veg fyrir a\u00f0 v\u00edrusar fylgi me\u00f0 afritunum. A\u00f0 lokinni enduruppsetningu \u00e1 st\u00fdrikerfi er afritum skila\u00f0 til baka \u00e1 sinn sta\u00f0 \u00e1 t\u00f6lvunni. Athugi\u00f0 a\u00f0 ekki er h\u00e6gt a\u00f0 taka afrit af forritum. \u00deau \u00fearf a\u00f0 setja upp aftur<\/p>\n<h3>Uppsetning \u00e1 Office<\/h3>\n<p>Vi\u00f0 setjum upp office \u00e1 PC t\u00f6lvum. Athugi\u00f0 a\u00f0 innskr\u00e1ningaruppl\u00fdsingar \u00feurfa a\u00f0 fylgja me\u00f0<\/p>\n<h3>V\u00edrusvarnir<\/h3>\n<p>Vi\u00f0 setjum upp v\u00edrusvarnir \u00e1 t\u00f6lvum. Eigendur geta komi\u00f0 me\u00f0 eigin v\u00edrusv\u00f6rn til uppsetningar en einnig er h\u00e6gt a\u00f0 kaupa v\u00edrusvarnir hj\u00e1 okkur.<\/p>\n<h3>T\u00edmap\u00f6ntun er nau\u00f0synleg<\/h3>\n<p>Ef \u00fe\u00fa \u00e6tlar a\u00f0 koma me\u00f0 t\u00f6lvuna \u00fe\u00edna \u00e1 verkst\u00e6\u00f0i\u00f0 til okkar \u00fe\u00e1 \u00fearftu a\u00f0 panta t\u00edma.\u00a0 \u00de\u00fa getur panta\u00f0 t\u00edma fyrir t\u00f6lvuna \u00fe\u00edna <a href=\"https:\/\/tolvuland.is\/timabokun\/\">h\u00e9r<\/a>.<\/p>\n<h3>Vi\u00f0 \u00e1byrgjumst okkar vinnu<\/h3>\n<p>Vi\u00f0 t\u00f6kum a\u00f0 sj\u00e1lfs\u00f6g\u00f0u \u00e1byrg\u00f0 \u00e1 okkar vinnu \u00ed samr\u00e6mi vi\u00f0 l\u00f6g um \u00fej\u00f3nustukaup.<\/p>\n<p>[\/et_pb_text][\/et_pb_column][\/et_pb_row][\/et_pb_section]<\/p>\n","protected":false},"excerpt":{"rendered":"<p>T\u00d6LVUVI\u00d0GER\u00d0IR\u00dea\u00f0 er betra a\u00f0 vita n\u00e1kv\u00e6mlega hva\u00f0 er a\u00f0. Vi\u00f0 sko\u00f0um t\u00f6lvuna \u00fe\u00edna og finnum \u00fat hva\u00f0 er a\u00f0 henni. \u00de\u00fa f\u00e6r\u00f0 a\u00f0 vita hva\u00f0 vi\u00f0ger\u00f0in kostar og hva\u00f0 h\u00fan tekur langan t\u00edma. Ef \u00fe\u00fa \u00e1kve\u00f0ur a\u00f0 l\u00e1ta gera vi\u00f0 t\u00f6lvuna grei\u00f0ir \u00fe\u00fa vi\u00f0ger\u00f0arkostna\u00f0inn en kostna\u00f0ur vegna bilanagreiningarinnar fellur ni\u00f0ur. \u00dea\u00f0 skiptir ekki m\u00e1li hvernig [&hellip;]<\/p>\n","protected":false},"author":1,"featured_media":0,"parent":0,"menu_order":0,"comment_status":"closed","ping_status":"closed","template":"","meta":{"_et_pb_use_builder":"on","_et_pb_old_content":"","_et_gb_content_width":"","footnotes":""},"class_list":["post-1866","page","type-page","status-publish","hentry"],"yoast_head":"<!-- This site is optimized with the Yoast SEO plugin v27.4 - https:\/\/yoast.com\/product\/yoast-seo-wordpress\/ -->\n<title>T\u00f6lvuvi\u00f0ger\u00f0ir fyrir einstaklinga og fyrirt\u00e6ki - Tolvuland.is<\/title>\n<meta name=\"description\" content=\"T\u00f6lvuvi\u00f0ger\u00f0ir fyrir einstaklinga og fyrirt\u00e6ki. Margra \u00e1ra reynsla og \u00feekking \u00ed t\u00f6lvuvi\u00f0ger\u00f0um. Gerum vi\u00f0 allar tegundir og ger\u00f0ir af PC t\u00f6lvum.\" \/>\n<meta name=\"robots\" content=\"index, follow, max-snippet:-1, max-image-preview:large, max-video-preview:-1\" \/>\n<link rel=\"canonical\" href=\"https:\/\/tolvuland.is\/en\/tolvuvidgerdir-fyrir-einstaklinga-og-fyrirtaeki-2\/\" \/>\n<meta property=\"og:locale\" content=\"en_US\" \/>\n<meta property=\"og:type\" content=\"article\" \/>\n<meta property=\"og:title\" content=\"T\u00f6lvuvi\u00f0ger\u00f0ir fyrir einstaklinga og fyrirt\u00e6ki - Tolvuland.is\" \/>\n<meta property=\"og:description\" content=\"T\u00f6lvuvi\u00f0ger\u00f0ir fyrir einstaklinga og fyrirt\u00e6ki. Margra \u00e1ra reynsla og \u00feekking \u00ed t\u00f6lvuvi\u00f0ger\u00f0um. Gerum vi\u00f0 allar tegundir og ger\u00f0ir af PC t\u00f6lvum.\" \/>\n<meta property=\"og:url\" content=\"https:\/\/tolvuland.is\/en\/tolvuvidgerdir-fyrir-einstaklinga-og-fyrirtaeki-2\/\" \/>\n<meta property=\"og:site_name\" content=\"Tolvuland.is\" \/>\n<meta property=\"article:publisher\" content=\"https:\/\/www.facebook.com\/TolvulandEhf\/\" \/>\n<meta property=\"article:modified_time\" content=\"2026-02-19T21:01:48+00:00\" \/>\n<meta name=\"twitter:card\" content=\"summary_large_image\" \/>\n<meta name=\"twitter:label1\" content=\"Est. reading time\" \/>\n\t<meta name=\"twitter:data1\" content=\"4 minutes\" \/>\n<script type=\"application\/ld+json\" class=\"yoast-schema-graph\">{\"@context\":\"https:\\\/\\\/schema.org\",\"@graph\":[{\"@type\":\"WebPage\",\"@id\":\"https:\\\/\\\/tolvuland.is\\\/tolvuvidgerdir-fyrir-einstaklinga-og-fyrirtaeki-2\\\/\",\"url\":\"https:\\\/\\\/tolvuland.is\\\/tolvuvidgerdir-fyrir-einstaklinga-og-fyrirtaeki-2\\\/\",\"name\":\"T\u00f6lvuvi\u00f0ger\u00f0ir fyrir einstaklinga og fyrirt\u00e6ki - Tolvuland.is\",\"isPartOf\":{\"@id\":\"https:\\\/\\\/tolvuland.is\\\/#website\"},\"datePublished\":\"2020-07-12T16:28:38+00:00\",\"dateModified\":\"2026-02-19T21:01:48+00:00\",\"description\":\"T\u00f6lvuvi\u00f0ger\u00f0ir fyrir einstaklinga og fyrirt\u00e6ki. Margra \u00e1ra reynsla og \u00feekking \u00ed t\u00f6lvuvi\u00f0ger\u00f0um. Gerum vi\u00f0 allar tegundir og ger\u00f0ir af PC t\u00f6lvum.\",\"breadcrumb\":{\"@id\":\"https:\\\/\\\/tolvuland.is\\\/tolvuvidgerdir-fyrir-einstaklinga-og-fyrirtaeki-2\\\/#breadcrumb\"},\"inLanguage\":\"en-US\",\"potentialAction\":[{\"@type\":\"ReadAction\",\"target\":[\"https:\\\/\\\/tolvuland.is\\\/tolvuvidgerdir-fyrir-einstaklinga-og-fyrirtaeki-2\\\/\"]}]},{\"@type\":\"BreadcrumbList\",\"@id\":\"https:\\\/\\\/tolvuland.is\\\/tolvuvidgerdir-fyrir-einstaklinga-og-fyrirtaeki-2\\\/#breadcrumb\",\"itemListElement\":[{\"@type\":\"ListItem\",\"position\":1,\"name\":\"Home\",\"item\":\"https:\\\/\\\/tolvuland.is\\\/\"},{\"@type\":\"ListItem\",\"position\":2,\"name\":\"T\u00f6lvuvi\u00f0ger\u00f0ir fyrir einstaklinga og fyrirt\u00e6ki\"}]},{\"@type\":\"WebSite\",\"@id\":\"https:\\\/\\\/tolvuland.is\\\/#website\",\"url\":\"https:\\\/\\\/tolvuland.is\\\/\",\"name\":\"Tolvuland.is\",\"description\":\"Apple og PC t\u00f6lvuvi\u00f0ger\u00f0ir\",\"publisher\":{\"@id\":\"https:\\\/\\\/tolvuland.is\\\/#organization\"},\"potentialAction\":[{\"@type\":\"SearchAction\",\"target\":{\"@type\":\"EntryPoint\",\"urlTemplate\":\"https:\\\/\\\/tolvuland.is\\\/?s={search_term_string}\"},\"query-input\":{\"@type\":\"PropertyValueSpecification\",\"valueRequired\":true,\"valueName\":\"search_term_string\"}}],\"inLanguage\":\"en-US\"},{\"@type\":\"Organization\",\"@id\":\"https:\\\/\\\/tolvuland.is\\\/#organization\",\"name\":\"Tolvuland ehf\",\"url\":\"https:\\\/\\\/tolvuland.is\\\/\",\"logo\":{\"@type\":\"ImageObject\",\"inLanguage\":\"en-US\",\"@id\":\"https:\\\/\\\/tolvuland.is\\\/#\\\/schema\\\/logo\\\/image\\\/\",\"url\":\"https:\\\/\\\/tolvuland.is\\\/wp-content\\\/uploads\\\/2020\\\/02\\\/tl-logo-png-1.png\",\"contentUrl\":\"https:\\\/\\\/tolvuland.is\\\/wp-content\\\/uploads\\\/2020\\\/02\\\/tl-logo-png-1.png\",\"width\":240,\"height\":43,\"caption\":\"Tolvuland ehf\"},\"image\":{\"@id\":\"https:\\\/\\\/tolvuland.is\\\/#\\\/schema\\\/logo\\\/image\\\/\"},\"sameAs\":[\"https:\\\/\\\/www.facebook.com\\\/TolvulandEhf\\\/\"]}]}<\/script>\n<!-- \/ Yoast SEO plugin. -->","yoast_head_json":{"title":"T\u00f6lvuvi\u00f0ger\u00f0ir fyrir einstaklinga og fyrirt\u00e6ki - Tolvuland.is","description":"T\u00f6lvuvi\u00f0ger\u00f0ir fyrir einstaklinga og fyrirt\u00e6ki. Margra \u00e1ra reynsla og \u00feekking \u00ed t\u00f6lvuvi\u00f0ger\u00f0um. Gerum vi\u00f0 allar tegundir og ger\u00f0ir af PC t\u00f6lvum.","robots":{"index":"index","follow":"follow","max-snippet":"max-snippet:-1","max-image-preview":"max-image-preview:large","max-video-preview":"max-video-preview:-1"},"canonical":"https:\/\/tolvuland.is\/en\/tolvuvidgerdir-fyrir-einstaklinga-og-fyrirtaeki-2\/","og_locale":"en_US","og_type":"article","og_title":"T\u00f6lvuvi\u00f0ger\u00f0ir fyrir einstaklinga og fyrirt\u00e6ki - Tolvuland.is","og_description":"T\u00f6lvuvi\u00f0ger\u00f0ir fyrir einstaklinga og fyrirt\u00e6ki. Margra \u00e1ra reynsla og \u00feekking \u00ed t\u00f6lvuvi\u00f0ger\u00f0um. Gerum vi\u00f0 allar tegundir og ger\u00f0ir af PC t\u00f6lvum.","og_url":"https:\/\/tolvuland.is\/en\/tolvuvidgerdir-fyrir-einstaklinga-og-fyrirtaeki-2\/","og_site_name":"Tolvuland.is","article_publisher":"https:\/\/www.facebook.com\/TolvulandEhf\/","article_modified_time":"2026-02-19T21:01:48+00:00","twitter_card":"summary_large_image","twitter_misc":{"Est. reading time":"4 minutes"},"schema":{"@context":"https:\/\/schema.org","@graph":[{"@type":"WebPage","@id":"https:\/\/tolvuland.is\/tolvuvidgerdir-fyrir-einstaklinga-og-fyrirtaeki-2\/","url":"https:\/\/tolvuland.is\/tolvuvidgerdir-fyrir-einstaklinga-og-fyrirtaeki-2\/","name":"T\u00f6lvuvi\u00f0ger\u00f0ir fyrir einstaklinga og fyrirt\u00e6ki - Tolvuland.is","isPartOf":{"@id":"https:\/\/tolvuland.is\/#website"},"datePublished":"2020-07-12T16:28:38+00:00","dateModified":"2026-02-19T21:01:48+00:00","description":"T\u00f6lvuvi\u00f0ger\u00f0ir fyrir einstaklinga og fyrirt\u00e6ki. Margra \u00e1ra reynsla og \u00feekking \u00ed t\u00f6lvuvi\u00f0ger\u00f0um. Gerum vi\u00f0 allar tegundir og ger\u00f0ir af PC t\u00f6lvum.","breadcrumb":{"@id":"https:\/\/tolvuland.is\/tolvuvidgerdir-fyrir-einstaklinga-og-fyrirtaeki-2\/#breadcrumb"},"inLanguage":"en-US","potentialAction":[{"@type":"ReadAction","target":["https:\/\/tolvuland.is\/tolvuvidgerdir-fyrir-einstaklinga-og-fyrirtaeki-2\/"]}]},{"@type":"BreadcrumbList","@id":"https:\/\/tolvuland.is\/tolvuvidgerdir-fyrir-einstaklinga-og-fyrirtaeki-2\/#breadcrumb","itemListElement":[{"@type":"ListItem","position":1,"name":"Home","item":"https:\/\/tolvuland.is\/"},{"@type":"ListItem","position":2,"name":"T\u00f6lvuvi\u00f0ger\u00f0ir fyrir einstaklinga og fyrirt\u00e6ki"}]},{"@type":"WebSite","@id":"https:\/\/tolvuland.is\/#website","url":"https:\/\/tolvuland.is\/","name":"Tolvuland.is","description":"Apple og PC t\u00f6lvuvi\u00f0ger\u00f0ir","publisher":{"@id":"https:\/\/tolvuland.is\/#organization"},"potentialAction":[{"@type":"SearchAction","target":{"@type":"EntryPoint","urlTemplate":"https:\/\/tolvuland.is\/?s={search_term_string}"},"query-input":{"@type":"PropertyValueSpecification","valueRequired":true,"valueName":"search_term_string"}}],"inLanguage":"en-US"},{"@type":"Organization","@id":"https:\/\/tolvuland.is\/#organization","name":"Tolvuland ehf","url":"https:\/\/tolvuland.is\/","logo":{"@type":"ImageObject","inLanguage":"en-US","@id":"https:\/\/tolvuland.is\/#\/schema\/logo\/image\/","url":"https:\/\/tolvuland.is\/wp-content\/uploads\/2020\/02\/tl-logo-png-1.png","contentUrl":"https:\/\/tolvuland.is\/wp-content\/uploads\/2020\/02\/tl-logo-png-1.png","width":240,"height":43,"caption":"Tolvuland ehf"},"image":{"@id":"https:\/\/tolvuland.is\/#\/schema\/logo\/image\/"},"sameAs":["https:\/\/www.facebook.com\/TolvulandEhf\/"]}]}},"_links":{"self":[{"href":"https:\/\/tolvuland.is\/en\/wp-json\/wp\/v2\/pages\/1866","targetHints":{"allow":["GET"]}}],"collection":[{"href":"https:\/\/tolvuland.is\/en\/wp-json\/wp\/v2\/pages"}],"about":[{"href":"https:\/\/tolvuland.is\/en\/wp-json\/wp\/v2\/types\/page"}],"author":[{"embeddable":true,"href":"https:\/\/tolvuland.is\/en\/wp-json\/wp\/v2\/users\/1"}],"replies":[{"embeddable":true,"href":"https:\/\/tolvuland.is\/en\/wp-json\/wp\/v2\/comments?post=1866"}],"version-history":[{"count":96,"href":"https:\/\/tolvuland.is\/en\/wp-json\/wp\/v2\/pages\/1866\/revisions"}],"predecessor-version":[{"id":4682,"href":"https:\/\/tolvuland.is\/en\/wp-json\/wp\/v2\/pages\/1866\/revisions\/4682"}],"wp:attachment":[{"href":"https:\/\/tolvuland.is\/en\/wp-json\/wp\/v2\/media?parent=1866"}],"curies":[{"name":"wp","href":"https:\/\/api.w.org\/{rel}","templated":true}]}}