{"id":1437,"date":"2020-05-03T18:41:20","date_gmt":"2020-05-03T18:41:20","guid":{"rendered":"https:\/\/tolvuland.is\/?page_id=1437"},"modified":"2024-06-23T17:45:35","modified_gmt":"2024-06-23T17:45:35","slug":"vafrakokur","status":"publish","type":"page","link":"https:\/\/tolvuland.is\/en\/vafrakokur\/","title":{"rendered":"Vafrak\u00f6kur"},"content":{"rendered":"<p>[et_pb_section fb_built=&#8220;1&#8243; admin_label=&#8220;Header&#8220; _builder_version=&#8220;4.24.0&#8243; background_color=&#8220;#2f365f&#8220; background_enable_image=&#8220;off&#8220; custom_margin=&#8220;||||false&#8220; custom_padding=&#8220;||||true|false&#8220; global_colors_info=&#8220;{}&#8220;][et_pb_row _builder_version=&#8220;4.16&#8243; max_width=&#8220;700px&#8220; use_custom_width=&#8220;on&#8220; custom_width_px=&#8220;700px&#8220; global_colors_info=&#8220;{}&#8220;][et_pb_column type=&#8220;4_4&#8243; _builder_version=&#8220;4.16&#8243; custom_padding=&#8220;|||&#8220; global_colors_info=&#8220;{}&#8220; custom_padding__hover=&#8220;|||&#8220;][et_pb_text _builder_version=&#8220;4.25.2&#8243; _module_preset=&#8220;default&#8220; text_text_color=&#8220;#FFFFFF&#8220; header_font=&#8220;Lato|700|||||||&#8220; header_text_align=&#8220;center&#8220; header_text_color=&#8220;#EDF000&#8243; header_font_size=&#8220;62px&#8220; header_line_height=&#8220;1.2em&#8220; text_orientation=&#8220;center&#8220; header_font_size_tablet=&#8220;62px&#8220; header_font_size_phone=&#8220;36px&#8220; header_font_size_last_edited=&#8220;on|desktop&#8220; global_colors_info=&#8220;{}&#8220;]<\/p>\n<h1>VAFRAK\u00d6KUR<\/h1>\n<p>[\/et_pb_text][\/et_pb_column][\/et_pb_row][\/et_pb_section][et_pb_section fb_built=&#8220;1&#8243; admin_label=&#8220;History&#8220; _builder_version=&#8220;4.16&#8243; global_colors_info=&#8220;{}&#8220;][et_pb_row _builder_version=&#8220;4.16&#8243; custom_margin=&#8220;|||&#8220; custom_padding=&#8220;27px|0px|27px|0px|false|false&#8220; global_colors_info=&#8220;{}&#8220;][et_pb_column type=&#8220;4_4&#8243; _builder_version=&#8220;4.16&#8243; custom_padding=&#8220;|||&#8220; global_colors_info=&#8220;{}&#8220; custom_padding__hover=&#8220;|||&#8220;][et_pb_text _builder_version=&#8220;4.25.2&#8243; text_font=&#8220;Open Sans||||||||&#8220; text_font_size=&#8220;16px&#8220; text_line_height=&#8220;1.8em&#8220; max_width=&#8220;700px&#8220; max_width_tablet=&#8220;&#8220; max_width_phone=&#8220;&#8220; max_width_last_edited=&#8220;on|phone&#8220; module_alignment=&#8220;center&#8220; hover_enabled=&#8220;0&#8243; locked=&#8220;off&#8220; global_colors_info=&#8220;{}&#8220; sticky_enabled=&#8220;0&#8243;]<\/p>\n<p><strong>Hva\u00f0 eru vafrak\u00f6kur?<\/strong><br \/>Vafrak\u00f6kur eru litlar textaskr\u00e1r sem vefs\u00ed\u00f0an sendir \u00ed t\u00f6lvuna \u00fe\u00edna e\u00f0a snjallt\u00e6ki \u00feegar \u00fe\u00fa heims\u00e6kir hana en me\u00f0 notkun \u00e1 \u00feeim sj\u00e1um vi\u00f0 t.d. hva\u00f0a t\u00e6ki \u00fe\u00fa notar \u00feegar \u00fe\u00fa heims\u00e6kir vefs\u00ed\u00f0una.<br \/>Vafrak\u00f6kur geyma uppl\u00fdsingar eins og n\u00famer, texta, dagsetningar, t\u00edma og fl. \u00de\u00e6r geyma ekki pers\u00f3nugreinanleg g\u00f6gn um notendur.<\/p>\n<p><strong>Notkun \u00e1 vafrak\u00f6kum:<\/strong><br \/>Me\u00f0 \u00fev\u00ed a\u00f0 sam\u00feykkja skilm\u00e1la T\u00f6lvulands um notkun \u00e1 vafrak\u00f6kum veitir \u00fe\u00fa T\u00f6lvulandi heimild til notkunar \u00feeirra. Vi\u00f0 notum vafrak\u00f6kur til \u00feess a\u00f0 vefs\u00ed\u00f0ur okkar virki vel, starfi e\u00f0lilega, s\u00e9u skilvirkar og til a\u00f0 notkun \u00fe\u00edn \u00e1 \u00feeim s\u00e9 \u00fe\u00e6gilegri.<br \/>\u00c1kve\u00f0in ger\u00f0 af vafrak\u00f6kum er nau\u00f0synleg til a\u00f0 vefs\u00ed\u00f0ur okkar virki e\u00f0lilega. \u00deessar vafrak\u00f6kur fara sj\u00e1lfkrafa inn \u00ed t\u00f6lvuna \u00fe\u00edna \u00feegar \u00fe\u00fa heims\u00e6kir vefs\u00ed\u00f0ur okkar, nema \u00fe\u00fa hafir loka\u00f0 fyrir notkun \u00feeirra \u00ed netvafranum \u00fe\u00ednum.<br \/>A\u00f0rar ger\u00f0ir af vafrak\u00f6kum eru ekki nau\u00f0synlegar til a\u00f0 tryggja virkni vefs\u00ed\u00f0na okkar en \u00fe\u00e6r gegna samt mikilv\u00e6gu hlutverki. Me\u00f0 \u00feeim getum vi\u00f0 safna\u00f0 uppl\u00fdsingum um frammist\u00f6\u00f0u vefs\u00ed\u00f0nanna til a\u00f0 gera \u00fe\u00e6r betri fyrir notendur og einnig safna \u00fe\u00e6r uppl\u00fdsingum til a\u00f0 au\u00f0velda \u00fe\u00e9r a\u00f0 sko\u00f0a og nota vefs\u00ed\u00f0una.<br \/>Vafrak\u00f6kur sem tilheyra \u00feri\u00f0ja a\u00f0ila eru nota\u00f0ar \u00e1 vefs\u00ed\u00f0um okkar. \u00dear er um a\u00f0 r\u00e6\u00f0a a\u00f0ila eins og t.d. Google (Google Analytics) og Facebook (Facebook Pixel). \u00deessar vafrak\u00f6kur eru nota\u00f0ar til \u00feess a\u00f0 f\u00e1 uppl\u00fdsingar um notkun \u00e1 vefs\u00ed\u00f0unum sem gerir okkur \u00e1 m\u00f3ti kleift a\u00f0 a\u00f0laga \u00fe\u00e6r betur a\u00f0 \u00fe\u00ednum \u00fe\u00f6rfum. Facebook og Google nota s\u00ednar eigin vafrak\u00f6kur til a\u00f0 fylgjast me\u00f0 samskiptum notenda vi\u00f0 vefsv\u00e6\u00f0i. \u00c1 grundvelli \u00feess \u00e1skilur T\u00f6lvuland s\u00e9r r\u00e9tt til a\u00f0 birta notendum augl\u00fdsingar \u00ed gegnum endurmarka\u00f0ssetningarkerfi \u00feessara \u00feri\u00f0ju a\u00f0ila.<\/p>\n<p><strong>Geymslut\u00edmi:<\/strong><br \/>Vafrak\u00f6kur fr\u00e1 T\u00f6lvulandi eru geymdar \u00ed allt a\u00f0 24 m\u00e1nu\u00f0i fr\u00e1 \u00fev\u00ed a\u00f0 notandi heims\u00e6kir vefs\u00ed\u00f0ur T\u00f6lvulands.<\/p>\n<p><strong>Loka \u00e1 notkun \u00e1 vafrak\u00f6kum:<\/strong><br \/>Notendur geta og er \u00e1vallt heimilt a\u00f0 stilla netvafrann sinn \u00feannig a\u00f0 notkun \u00e1 vafrak\u00f6kum s\u00e9 h\u00e6tt. Sl\u00edkar breytingar geta dregi\u00f0 \u00far a\u00f0gengi a\u00f0 tilteknum s\u00ed\u00f0um \u00e1 vefsv\u00e6\u00f0inu e\u00f0a vefsv\u00e6\u00f0inu \u00ed heild sinni og getur haft neikv\u00e6\u00f0 \u00e1hrif \u00e1 heildarvirkni.<br \/>Lei\u00f0beiningar um hvernig megi sl\u00f6kkva \u00e1 vafrak\u00f6kum e\u00f0a breyta stillingum um vafrak\u00f6kur m\u00e1 finna \u00e1 vefs\u00ed\u00f0u \u00fe\u00edns netvafra. Notendur geta einnig stillt og st\u00fdrt vafrak\u00f6kum s\u00ednum \u00e1 tolvuland.is me\u00f0 \u00fev\u00ed a\u00f0 smella \u00e1 \u201estillingar \u00e1 vafrak\u00f6kum\u201c ne\u00f0st \u00ed h\u00e6gra horni \u00e1 vefs\u00ed\u00f0u\u00f0unni.<\/p>\n<p><strong>Me\u00f0fer\u00f0 \u00e1 pers\u00f3nuuppl\u00fdsingum:<\/strong><br \/>\u00deegar \u00fe\u00fa heims\u00e6kir vefs\u00ed\u00f0ur og netverslanir okkar \u00fe\u00e1 er \u00e1kve\u00f0num g\u00f6gnum safna\u00f0 sj\u00e1lfkrafa me\u00f0 vafrak\u00f6kum (e. cookies). \u00deessi g\u00f6gn innihalda uppl\u00fdsingar eins og t.d. uppl\u00fdsingar um IP t\u00f6lu, netvafra, t\u00f6lvukerfi og fl. Sj\u00e1 n\u00e1nar \u00ed <a href=\"https:\/\/tolvuland.is\/personuverndarstefna\/\">Pers\u00f3nuverndaryfirl\u00fdsingu T\u00f6lvulands.<\/a><\/p>\n<p>[\/et_pb_text][\/et_pb_column][\/et_pb_row][\/et_pb_section]<\/p>\n","protected":false},"excerpt":{"rendered":"<p>VAFRAK\u00d6KURHva\u00f0 eru vafrak\u00f6kur?Vafrak\u00f6kur eru litlar textaskr\u00e1r sem vefs\u00ed\u00f0an sendir \u00ed t\u00f6lvuna \u00fe\u00edna e\u00f0a snjallt\u00e6ki \u00feegar \u00fe\u00fa heims\u00e6kir hana en me\u00f0 notkun \u00e1 \u00feeim sj\u00e1um vi\u00f0 t.d. hva\u00f0a t\u00e6ki \u00fe\u00fa notar \u00feegar \u00fe\u00fa heims\u00e6kir vefs\u00ed\u00f0una.Vafrak\u00f6kur geyma uppl\u00fdsingar eins og n\u00famer, texta, dagsetningar, t\u00edma og fl. \u00de\u00e6r geyma ekki pers\u00f3nugreinanleg g\u00f6gn um notendur. Notkun \u00e1 vafrak\u00f6kum:Me\u00f0 \u00fev\u00ed [&hellip;]<\/p>\n","protected":false},"author":1,"featured_media":0,"parent":0,"menu_order":0,"comment_status":"closed","ping_status":"closed","template":"","meta":{"_et_pb_use_builder":"on","_et_pb_old_content":"","_et_gb_content_width":"","footnotes":""},"class_list":["post-1437","page","type-page","status-publish","hentry"],"yoast_head":"<!-- This site is optimized with the Yoast SEO plugin v27.3 - https:\/\/yoast.com\/product\/yoast-seo-wordpress\/ -->\n<title>Vafrak\u00f6kur - Tolvuland.is<\/title>\n<meta name=\"robots\" content=\"index, follow, max-snippet:-1, max-image-preview:large, max-video-preview:-1\" \/>\n<link rel=\"canonical\" href=\"https:\/\/tolvuland.is\/en\/vafrakokur\/\" \/>\n<meta property=\"og:locale\" content=\"en_US\" \/>\n<meta property=\"og:type\" content=\"article\" \/>\n<meta property=\"og:title\" content=\"Vafrak\u00f6kur - Tolvuland.is\" \/>\n<meta property=\"og:description\" content=\"VAFRAK\u00d6KURHva\u00f0 eru vafrak\u00f6kur?Vafrak\u00f6kur eru litlar textaskr\u00e1r sem vefs\u00ed\u00f0an sendir \u00ed t\u00f6lvuna \u00fe\u00edna e\u00f0a snjallt\u00e6ki \u00feegar \u00fe\u00fa heims\u00e6kir hana en me\u00f0 notkun \u00e1 \u00feeim sj\u00e1um vi\u00f0 t.d. hva\u00f0a t\u00e6ki \u00fe\u00fa notar \u00feegar \u00fe\u00fa heims\u00e6kir vefs\u00ed\u00f0una.Vafrak\u00f6kur geyma uppl\u00fdsingar eins og n\u00famer, texta, dagsetningar, t\u00edma og fl. \u00de\u00e6r geyma ekki pers\u00f3nugreinanleg g\u00f6gn um notendur. Notkun \u00e1 vafrak\u00f6kum:Me\u00f0 \u00fev\u00ed [&hellip;]\" \/>\n<meta property=\"og:url\" content=\"https:\/\/tolvuland.is\/en\/vafrakokur\/\" \/>\n<meta property=\"og:site_name\" content=\"Tolvuland.is\" \/>\n<meta property=\"article:publisher\" content=\"https:\/\/www.facebook.com\/TolvulandEhf\/\" \/>\n<meta property=\"article:modified_time\" content=\"2024-06-23T17:45:35+00:00\" \/>\n<meta name=\"twitter:card\" content=\"summary_large_image\" \/>\n<meta name=\"twitter:label1\" content=\"Est. reading time\" \/>\n\t<meta name=\"twitter:data1\" content=\"2 minutes\" \/>\n<script type=\"application\/ld+json\" class=\"yoast-schema-graph\">{\"@context\":\"https:\\\/\\\/schema.org\",\"@graph\":[{\"@type\":\"WebPage\",\"@id\":\"https:\\\/\\\/tolvuland.is\\\/vafrakokur\\\/\",\"url\":\"https:\\\/\\\/tolvuland.is\\\/vafrakokur\\\/\",\"name\":\"Vafrak\u00f6kur - Tolvuland.is\",\"isPartOf\":{\"@id\":\"https:\\\/\\\/tolvuland.is\\\/#website\"},\"datePublished\":\"2020-05-03T18:41:20+00:00\",\"dateModified\":\"2024-06-23T17:45:35+00:00\",\"breadcrumb\":{\"@id\":\"https:\\\/\\\/tolvuland.is\\\/vafrakokur\\\/#breadcrumb\"},\"inLanguage\":\"en-US\",\"potentialAction\":[{\"@type\":\"ReadAction\",\"target\":[\"https:\\\/\\\/tolvuland.is\\\/vafrakokur\\\/\"]}]},{\"@type\":\"BreadcrumbList\",\"@id\":\"https:\\\/\\\/tolvuland.is\\\/vafrakokur\\\/#breadcrumb\",\"itemListElement\":[{\"@type\":\"ListItem\",\"position\":1,\"name\":\"Home\",\"item\":\"https:\\\/\\\/tolvuland.is\\\/\"},{\"@type\":\"ListItem\",\"position\":2,\"name\":\"Vafrak\u00f6kur\"}]},{\"@type\":\"WebSite\",\"@id\":\"https:\\\/\\\/tolvuland.is\\\/#website\",\"url\":\"https:\\\/\\\/tolvuland.is\\\/\",\"name\":\"Tolvuland.is\",\"description\":\"Apple og PC t\u00f6lvuvi\u00f0ger\u00f0ir\",\"publisher\":{\"@id\":\"https:\\\/\\\/tolvuland.is\\\/#organization\"},\"potentialAction\":[{\"@type\":\"SearchAction\",\"target\":{\"@type\":\"EntryPoint\",\"urlTemplate\":\"https:\\\/\\\/tolvuland.is\\\/?s={search_term_string}\"},\"query-input\":{\"@type\":\"PropertyValueSpecification\",\"valueRequired\":true,\"valueName\":\"search_term_string\"}}],\"inLanguage\":\"en-US\"},{\"@type\":\"Organization\",\"@id\":\"https:\\\/\\\/tolvuland.is\\\/#organization\",\"name\":\"Tolvuland ehf\",\"url\":\"https:\\\/\\\/tolvuland.is\\\/\",\"logo\":{\"@type\":\"ImageObject\",\"inLanguage\":\"en-US\",\"@id\":\"https:\\\/\\\/tolvuland.is\\\/#\\\/schema\\\/logo\\\/image\\\/\",\"url\":\"https:\\\/\\\/tolvuland.is\\\/wp-content\\\/uploads\\\/2020\\\/02\\\/tl-logo-png-1.png\",\"contentUrl\":\"https:\\\/\\\/tolvuland.is\\\/wp-content\\\/uploads\\\/2020\\\/02\\\/tl-logo-png-1.png\",\"width\":240,\"height\":43,\"caption\":\"Tolvuland ehf\"},\"image\":{\"@id\":\"https:\\\/\\\/tolvuland.is\\\/#\\\/schema\\\/logo\\\/image\\\/\"},\"sameAs\":[\"https:\\\/\\\/www.facebook.com\\\/TolvulandEhf\\\/\"]}]}<\/script>\n<!-- \/ Yoast SEO plugin. -->","yoast_head_json":{"title":"Vafrak\u00f6kur - Tolvuland.is","robots":{"index":"index","follow":"follow","max-snippet":"max-snippet:-1","max-image-preview":"max-image-preview:large","max-video-preview":"max-video-preview:-1"},"canonical":"https:\/\/tolvuland.is\/en\/vafrakokur\/","og_locale":"en_US","og_type":"article","og_title":"Vafrak\u00f6kur - Tolvuland.is","og_description":"VAFRAK\u00d6KURHva\u00f0 eru vafrak\u00f6kur?Vafrak\u00f6kur eru litlar textaskr\u00e1r sem vefs\u00ed\u00f0an sendir \u00ed t\u00f6lvuna \u00fe\u00edna e\u00f0a snjallt\u00e6ki \u00feegar \u00fe\u00fa heims\u00e6kir hana en me\u00f0 notkun \u00e1 \u00feeim sj\u00e1um vi\u00f0 t.d. hva\u00f0a t\u00e6ki \u00fe\u00fa notar \u00feegar \u00fe\u00fa heims\u00e6kir vefs\u00ed\u00f0una.Vafrak\u00f6kur geyma uppl\u00fdsingar eins og n\u00famer, texta, dagsetningar, t\u00edma og fl. \u00de\u00e6r geyma ekki pers\u00f3nugreinanleg g\u00f6gn um notendur. Notkun \u00e1 vafrak\u00f6kum:Me\u00f0 \u00fev\u00ed [&hellip;]","og_url":"https:\/\/tolvuland.is\/en\/vafrakokur\/","og_site_name":"Tolvuland.is","article_publisher":"https:\/\/www.facebook.com\/TolvulandEhf\/","article_modified_time":"2024-06-23T17:45:35+00:00","twitter_card":"summary_large_image","twitter_misc":{"Est. reading time":"2 minutes"},"schema":{"@context":"https:\/\/schema.org","@graph":[{"@type":"WebPage","@id":"https:\/\/tolvuland.is\/vafrakokur\/","url":"https:\/\/tolvuland.is\/vafrakokur\/","name":"Vafrak\u00f6kur - Tolvuland.is","isPartOf":{"@id":"https:\/\/tolvuland.is\/#website"},"datePublished":"2020-05-03T18:41:20+00:00","dateModified":"2024-06-23T17:45:35+00:00","breadcrumb":{"@id":"https:\/\/tolvuland.is\/vafrakokur\/#breadcrumb"},"inLanguage":"en-US","potentialAction":[{"@type":"ReadAction","target":["https:\/\/tolvuland.is\/vafrakokur\/"]}]},{"@type":"BreadcrumbList","@id":"https:\/\/tolvuland.is\/vafrakokur\/#breadcrumb","itemListElement":[{"@type":"ListItem","position":1,"name":"Home","item":"https:\/\/tolvuland.is\/"},{"@type":"ListItem","position":2,"name":"Vafrak\u00f6kur"}]},{"@type":"WebSite","@id":"https:\/\/tolvuland.is\/#website","url":"https:\/\/tolvuland.is\/","name":"Tolvuland.is","description":"Apple og PC t\u00f6lvuvi\u00f0ger\u00f0ir","publisher":{"@id":"https:\/\/tolvuland.is\/#organization"},"potentialAction":[{"@type":"SearchAction","target":{"@type":"EntryPoint","urlTemplate":"https:\/\/tolvuland.is\/?s={search_term_string}"},"query-input":{"@type":"PropertyValueSpecification","valueRequired":true,"valueName":"search_term_string"}}],"inLanguage":"en-US"},{"@type":"Organization","@id":"https:\/\/tolvuland.is\/#organization","name":"Tolvuland ehf","url":"https:\/\/tolvuland.is\/","logo":{"@type":"ImageObject","inLanguage":"en-US","@id":"https:\/\/tolvuland.is\/#\/schema\/logo\/image\/","url":"https:\/\/tolvuland.is\/wp-content\/uploads\/2020\/02\/tl-logo-png-1.png","contentUrl":"https:\/\/tolvuland.is\/wp-content\/uploads\/2020\/02\/tl-logo-png-1.png","width":240,"height":43,"caption":"Tolvuland ehf"},"image":{"@id":"https:\/\/tolvuland.is\/#\/schema\/logo\/image\/"},"sameAs":["https:\/\/www.facebook.com\/TolvulandEhf\/"]}]}},"_links":{"self":[{"href":"https:\/\/tolvuland.is\/en\/wp-json\/wp\/v2\/pages\/1437","targetHints":{"allow":["GET"]}}],"collection":[{"href":"https:\/\/tolvuland.is\/en\/wp-json\/wp\/v2\/pages"}],"about":[{"href":"https:\/\/tolvuland.is\/en\/wp-json\/wp\/v2\/types\/page"}],"author":[{"embeddable":true,"href":"https:\/\/tolvuland.is\/en\/wp-json\/wp\/v2\/users\/1"}],"replies":[{"embeddable":true,"href":"https:\/\/tolvuland.is\/en\/wp-json\/wp\/v2\/comments?post=1437"}],"version-history":[{"count":21,"href":"https:\/\/tolvuland.is\/en\/wp-json\/wp\/v2\/pages\/1437\/revisions"}],"predecessor-version":[{"id":4387,"href":"https:\/\/tolvuland.is\/en\/wp-json\/wp\/v2\/pages\/1437\/revisions\/4387"}],"wp:attachment":[{"href":"https:\/\/tolvuland.is\/en\/wp-json\/wp\/v2\/media?parent=1437"}],"curies":[{"name":"wp","href":"https:\/\/api.w.org\/{rel}","templated":true}]}}