{"id":1037,"date":"2020-02-21T18:30:00","date_gmt":"2020-02-21T18:30:00","guid":{"rendered":"https:\/\/tolvuland.is\/?page_id=1037"},"modified":"2025-04-25T12:47:08","modified_gmt":"2025-04-25T12:47:08","slug":"ofhitnun-tolvunnar","status":"publish","type":"page","link":"https:\/\/tolvuland.is\/en\/ofhitnun-tolvunnar\/","title":{"rendered":"Ofhitnun t\u00f6lvunnar"},"content":{"rendered":"<p>[et_pb_section fb_built=&#8220;1&#8243; admin_label=&#8220;Header&#8220; _builder_version=&#8220;4.24.0&#8243; background_color=&#8220;#2f365f&#8220; background_enable_image=&#8220;off&#8220; custom_margin=&#8220;||||false&#8220; custom_padding=&#8220;||||true|false&#8220; global_colors_info=&#8220;{}&#8220;][et_pb_row _builder_version=&#8220;4.16&#8243; max_width=&#8220;700px&#8220; use_custom_width=&#8220;on&#8220; custom_width_px=&#8220;700px&#8220; global_colors_info=&#8220;{}&#8220;][et_pb_column type=&#8220;4_4&#8243; _builder_version=&#8220;4.16&#8243; custom_padding=&#8220;|||&#8220; global_colors_info=&#8220;{}&#8220; custom_padding__hover=&#8220;|||&#8220;][et_pb_text _builder_version=&#8220;4.24.0&#8243; _module_preset=&#8220;default&#8220; text_text_color=&#8220;#FFFFFF&#8220; header_font=&#8220;Lato|700|||||||&#8220; header_text_align=&#8220;center&#8220; header_text_color=&#8220;#EDF000&#8243; header_font_size=&#8220;62px&#8220; header_line_height=&#8220;1.2em&#8220; header_3_text_color=&#8220;#FFFFFF&#8220; text_orientation=&#8220;center&#8220; header_font_size_tablet=&#8220;62px&#8220; header_font_size_phone=&#8220;36px&#8220; header_font_size_last_edited=&#8220;on|phone&#8220; header_3_font_size_tablet=&#8220;&#8220; header_3_font_size_phone=&#8220;20px&#8220; header_3_font_size_last_edited=&#8220;on|phone&#8220; global_colors_info=&#8220;{}&#8220;]<\/p>\n<h1>Ofhitnun t\u00f6lvunnar<\/h1>\n<h3>Hitinn ey\u00f0ileggur<\/h3>\n<p>[\/et_pb_text][et_pb_button button_url=&#8220;@ET-DC@eyJkeW5hbWljIjp0cnVlLCJjb250ZW50IjoicG9zdF9saW5rX3VybF9wYWdlIiwic2V0dGluZ3MiOnsicG9zdF9pZCI6IjI1MTgifX0=@&#8220; button_text=&#8220;Panta t\u00edma \u00e1 t\u00f6lvuverkst\u00e6\u00f0i&#8220; button_alignment=&#8220;center&#8220; _builder_version=&#8220;4.24.0&#8243; _dynamic_attributes=&#8220;button_url&#8220; custom_button=&#8220;on&#8220; button_text_size=&#8220;12px&#8220; button_text_color=&#8220;#FFFFFF&#8220; button_border_color=&#8220;#EDF000&#8243; button_border_radius=&#8220;0px&#8220; button_letter_spacing=&#8220;2px&#8220; button_font=&#8220;Lato|500||on|||||&#8220; button_use_icon=&#8220;off&#8220; custom_padding=&#8220;16px|32px|16px|32px|true|true&#8220; button_text_size_tablet=&#8220;12px&#8220; button_text_size_phone=&#8220;12px&#8220; button_text_size_last_edited=&#8220;on|desktop&#8220; box_shadow_style=&#8220;preset1&#8243; box_shadow_color=&#8220;rgba(239,59,36,0.24)&#8220; button_letter_spacing_hover=&#8220;2px&#8220; global_colors_info=&#8220;{}&#8220; button_text_size__hover_enabled=&#8220;off&#8220; button_one_text_size__hover_enabled=&#8220;off&#8220; button_two_text_size__hover_enabled=&#8220;off&#8220; button_text_color__hover_enabled=&#8220;off&#8220; button_one_text_color__hover_enabled=&#8220;off&#8220; button_two_text_color__hover_enabled=&#8220;off&#8220; button_border_width__hover_enabled=&#8220;off&#8220; button_one_border_width__hover_enabled=&#8220;off&#8220; button_two_border_width__hover_enabled=&#8220;off&#8220; button_border_color__hover_enabled=&#8220;off&#8220; button_one_border_color__hover_enabled=&#8220;off&#8220; button_two_border_color__hover_enabled=&#8220;off&#8220; button_border_radius__hover_enabled=&#8220;off&#8220; button_one_border_radius__hover_enabled=&#8220;off&#8220; button_two_border_radius__hover_enabled=&#8220;off&#8220; button_letter_spacing__hover_enabled=&#8220;on&#8220; button_letter_spacing__hover=&#8220;2px&#8220; button_one_letter_spacing__hover_enabled=&#8220;off&#8220; button_two_letter_spacing__hover_enabled=&#8220;off&#8220; button_bg_color__hover_enabled=&#8220;off&#8220; button_one_bg_color__hover_enabled=&#8220;off&#8220; button_two_bg_color__hover_enabled=&#8220;off&#8220;][\/et_pb_button][\/et_pb_column][\/et_pb_row][\/et_pb_section][et_pb_section fb_built=&#8220;1&#8243; admin_label=&#8220;Why choose us&#8220; _builder_version=&#8220;4.16&#8243; global_colors_info=&#8220;{}&#8220;][et_pb_row _builder_version=&#8220;4.27.4&#8243; _module_preset=&#8220;default&#8220;][et_pb_column _builder_version=&#8220;4.27.4&#8243; _module_preset=&#8220;default&#8220; type=&#8220;4_4&#8243;][et_pb_text _builder_version=&#8220;4.27.4&#8243; _module_preset=&#8220;default&#8220; text_font_size=&#8220;16px&#8220; header_3_font=&#8220;Lato|700|||||||&#8220; header_3_text_align=&#8220;center&#8220; header_3_font_size=&#8220;26px&#8220; global_colors_info=&#8220;{}&#8220; theme_builder_area=&#8220;post_content&#8220;]<\/p>\n<h3>K\u00e6lingin<\/h3>\n<p>Ef t\u00f6lvan \u00fe\u00edn hitnar miki\u00f0 \u00fe\u00e1 getur veri\u00f0 a\u00f0 k\u00e6liviftan s\u00e9 full af ryki e\u00f0a a\u00f0 lei\u00f0ni \u00e1 milli \u00f6rgj\u00f6rva og k\u00e6lingar s\u00e9 upp\u00feornu\u00f0 og \u00f3virk.<br \/>\u00d6rgj\u00f6rvinn \u00ed t\u00f6lvunni \u00feinni myndar hita sem er leiddur me\u00f0 m\u00e1lmp\u00edpum og pl\u00f6tum a\u00f0 k\u00e6liviftunni \u00fear sem m\u00e1lmurinn ver\u00f0ur a\u00f0 rifflu\u00f0um m\u00e1lm\u00feinnum sem k\u00e6liviftan bl\u00e6s lofti \u00ed gegnum. \u00deessar rifflu\u00f0u m\u00e1lm\u00feinnur eru ekki \u00f3svipa\u00f0ar vatnskassa \u00ed \u00fatliti.<\/p>\n<h3>Hitalei\u00f0nin<\/h3>\n<p>Ef lei\u00f0ni \u00e1 milli \u00f6rgj\u00f6rva og m\u00e1lmp\u00edpanna er \u00ed \u00f3lagi situr hitinn eftir \u00ed \u00f6rgj\u00f6rvanum me\u00f0 \u00feeim aflei\u00f0ingum a\u00f0 t\u00f6lvan getur ofhitna\u00f0 og m\u00f3\u00f0urbor\u00f0 hennar og \u00f6rgj\u00f6rvi ey\u00f0ilagst. \u00deetta \u00e1 vi\u00f0 um \u00f6rgj\u00f6rva t\u00f6lvunar, skj\u00e1kortsins og einnig kubbasett t\u00f6lvunnar.<\/p>\n<h3>K\u00e6likremi\u00f0<\/h3>\n<p>Lei\u00f0ni \u00e1 milli \u00f6rgj\u00f6rva og m\u00e1lmp\u00edpanna er oftast myndu\u00f0 me\u00f0 kremi sem \u00e1 ensku kallast \u201eThermal compound\u201c en vi\u00f0 k\u00f6llum yfirleitt bara \u201ek\u00e6likrem\u201c. Me\u00f0 t\u00edmanum \u00feornar kremi\u00f0 og tapar lei\u00f0ni sinni. \u00deegar \u00feannig er komi\u00f0 \u00fe\u00e1 \u00fearf a\u00f0 skipta um k\u00e6likremi\u00f0.<br \/>Mundu a\u00f0 hitinn ey\u00f0ileggur. Me\u00f0 k\u00e6lingu t\u00f6lvunnar \u00ed lagi er \u00f6ruggt a\u00f0 \u00fe\u00fa eykur l\u00edft\u00edma hennar.<\/p>\n<p>[\/et_pb_text][\/et_pb_column][\/et_pb_row][\/et_pb_section]<\/p>\n","protected":false},"excerpt":{"rendered":"<p>Ofhitnun t\u00f6lvunnar Hitinn ey\u00f0ileggurK\u00e6lingin Ef t\u00f6lvan \u00fe\u00edn hitnar miki\u00f0 \u00fe\u00e1 getur veri\u00f0 a\u00f0 k\u00e6liviftan s\u00e9 full af ryki e\u00f0a a\u00f0 lei\u00f0ni \u00e1 milli \u00f6rgj\u00f6rva og k\u00e6lingar s\u00e9 upp\u00feornu\u00f0 og \u00f3virk.\u00d6rgj\u00f6rvinn \u00ed t\u00f6lvunni \u00feinni myndar hita sem er leiddur me\u00f0 m\u00e1lmp\u00edpum og pl\u00f6tum a\u00f0 k\u00e6liviftunni \u00fear sem m\u00e1lmurinn ver\u00f0ur a\u00f0 rifflu\u00f0um m\u00e1lm\u00feinnum sem k\u00e6liviftan bl\u00e6s lofti [&hellip;]<\/p>\n","protected":false},"author":1,"featured_media":0,"parent":0,"menu_order":0,"comment_status":"closed","ping_status":"closed","template":"","meta":{"_et_pb_use_builder":"on","_et_pb_old_content":"","_et_gb_content_width":"","footnotes":""},"class_list":["post-1037","page","type-page","status-publish","hentry"],"yoast_head":"<!-- This site is optimized with the Yoast SEO plugin v27.5 - https:\/\/yoast.com\/product\/yoast-seo-wordpress\/ -->\n<title>Ofhitnun t\u00f6lvunnar - Tolvuland.is<\/title>\n<meta name=\"robots\" content=\"index, follow, max-snippet:-1, max-image-preview:large, max-video-preview:-1\" \/>\n<link rel=\"canonical\" href=\"https:\/\/tolvuland.is\/en\/ofhitnun-tolvunnar\/\" \/>\n<meta property=\"og:locale\" content=\"en_US\" \/>\n<meta property=\"og:type\" content=\"article\" \/>\n<meta property=\"og:title\" content=\"Ofhitnun t\u00f6lvunnar - Tolvuland.is\" \/>\n<meta property=\"og:description\" content=\"Ofhitnun t\u00f6lvunnar Hitinn ey\u00f0ileggurK\u00e6lingin Ef t\u00f6lvan \u00fe\u00edn hitnar miki\u00f0 \u00fe\u00e1 getur veri\u00f0 a\u00f0 k\u00e6liviftan s\u00e9 full af ryki e\u00f0a a\u00f0 lei\u00f0ni \u00e1 milli \u00f6rgj\u00f6rva og k\u00e6lingar s\u00e9 upp\u00feornu\u00f0 og \u00f3virk.\u00d6rgj\u00f6rvinn \u00ed t\u00f6lvunni \u00feinni myndar hita sem er leiddur me\u00f0 m\u00e1lmp\u00edpum og pl\u00f6tum a\u00f0 k\u00e6liviftunni \u00fear sem m\u00e1lmurinn ver\u00f0ur a\u00f0 rifflu\u00f0um m\u00e1lm\u00feinnum sem k\u00e6liviftan bl\u00e6s lofti [&hellip;]\" \/>\n<meta property=\"og:url\" content=\"https:\/\/tolvuland.is\/en\/ofhitnun-tolvunnar\/\" \/>\n<meta property=\"og:site_name\" content=\"Tolvuland.is\" \/>\n<meta property=\"article:publisher\" content=\"https:\/\/www.facebook.com\/TolvulandEhf\/\" \/>\n<meta property=\"article:modified_time\" content=\"2025-04-25T12:47:08+00:00\" \/>\n<meta name=\"twitter:card\" content=\"summary_large_image\" \/>\n<meta name=\"twitter:label1\" content=\"Est. reading time\" \/>\n\t<meta name=\"twitter:data1\" content=\"3 minutes\" \/>\n<script type=\"application\/ld+json\" class=\"yoast-schema-graph\">{\"@context\":\"https:\\\/\\\/schema.org\",\"@graph\":[{\"@type\":\"WebPage\",\"@id\":\"https:\\\/\\\/tolvuland.is\\\/ofhitnun-tolvunnar\\\/\",\"url\":\"https:\\\/\\\/tolvuland.is\\\/ofhitnun-tolvunnar\\\/\",\"name\":\"Ofhitnun t\u00f6lvunnar - Tolvuland.is\",\"isPartOf\":{\"@id\":\"https:\\\/\\\/tolvuland.is\\\/#website\"},\"datePublished\":\"2020-02-21T18:30:00+00:00\",\"dateModified\":\"2025-04-25T12:47:08+00:00\",\"breadcrumb\":{\"@id\":\"https:\\\/\\\/tolvuland.is\\\/ofhitnun-tolvunnar\\\/#breadcrumb\"},\"inLanguage\":\"en-US\",\"potentialAction\":[{\"@type\":\"ReadAction\",\"target\":[\"https:\\\/\\\/tolvuland.is\\\/ofhitnun-tolvunnar\\\/\"]}]},{\"@type\":\"BreadcrumbList\",\"@id\":\"https:\\\/\\\/tolvuland.is\\\/ofhitnun-tolvunnar\\\/#breadcrumb\",\"itemListElement\":[{\"@type\":\"ListItem\",\"position\":1,\"name\":\"Home\",\"item\":\"https:\\\/\\\/tolvuland.is\\\/\"},{\"@type\":\"ListItem\",\"position\":2,\"name\":\"Ofhitnun t\u00f6lvunnar\"}]},{\"@type\":\"WebSite\",\"@id\":\"https:\\\/\\\/tolvuland.is\\\/#website\",\"url\":\"https:\\\/\\\/tolvuland.is\\\/\",\"name\":\"Tolvuland.is\",\"description\":\"Apple og PC t\u00f6lvuvi\u00f0ger\u00f0ir\",\"publisher\":{\"@id\":\"https:\\\/\\\/tolvuland.is\\\/#organization\"},\"potentialAction\":[{\"@type\":\"SearchAction\",\"target\":{\"@type\":\"EntryPoint\",\"urlTemplate\":\"https:\\\/\\\/tolvuland.is\\\/?s={search_term_string}\"},\"query-input\":{\"@type\":\"PropertyValueSpecification\",\"valueRequired\":true,\"valueName\":\"search_term_string\"}}],\"inLanguage\":\"en-US\"},{\"@type\":\"Organization\",\"@id\":\"https:\\\/\\\/tolvuland.is\\\/#organization\",\"name\":\"Tolvuland ehf\",\"url\":\"https:\\\/\\\/tolvuland.is\\\/\",\"logo\":{\"@type\":\"ImageObject\",\"inLanguage\":\"en-US\",\"@id\":\"https:\\\/\\\/tolvuland.is\\\/#\\\/schema\\\/logo\\\/image\\\/\",\"url\":\"https:\\\/\\\/tolvuland.is\\\/wp-content\\\/uploads\\\/2020\\\/02\\\/tl-logo-png-1.png\",\"contentUrl\":\"https:\\\/\\\/tolvuland.is\\\/wp-content\\\/uploads\\\/2020\\\/02\\\/tl-logo-png-1.png\",\"width\":240,\"height\":43,\"caption\":\"Tolvuland ehf\"},\"image\":{\"@id\":\"https:\\\/\\\/tolvuland.is\\\/#\\\/schema\\\/logo\\\/image\\\/\"},\"sameAs\":[\"https:\\\/\\\/www.facebook.com\\\/TolvulandEhf\\\/\"]}]}<\/script>\n<!-- \/ Yoast SEO plugin. -->","yoast_head_json":{"title":"Ofhitnun t\u00f6lvunnar - Tolvuland.is","robots":{"index":"index","follow":"follow","max-snippet":"max-snippet:-1","max-image-preview":"max-image-preview:large","max-video-preview":"max-video-preview:-1"},"canonical":"https:\/\/tolvuland.is\/en\/ofhitnun-tolvunnar\/","og_locale":"en_US","og_type":"article","og_title":"Ofhitnun t\u00f6lvunnar - Tolvuland.is","og_description":"Ofhitnun t\u00f6lvunnar Hitinn ey\u00f0ileggurK\u00e6lingin Ef t\u00f6lvan \u00fe\u00edn hitnar miki\u00f0 \u00fe\u00e1 getur veri\u00f0 a\u00f0 k\u00e6liviftan s\u00e9 full af ryki e\u00f0a a\u00f0 lei\u00f0ni \u00e1 milli \u00f6rgj\u00f6rva og k\u00e6lingar s\u00e9 upp\u00feornu\u00f0 og \u00f3virk.\u00d6rgj\u00f6rvinn \u00ed t\u00f6lvunni \u00feinni myndar hita sem er leiddur me\u00f0 m\u00e1lmp\u00edpum og pl\u00f6tum a\u00f0 k\u00e6liviftunni \u00fear sem m\u00e1lmurinn ver\u00f0ur a\u00f0 rifflu\u00f0um m\u00e1lm\u00feinnum sem k\u00e6liviftan bl\u00e6s lofti [&hellip;]","og_url":"https:\/\/tolvuland.is\/en\/ofhitnun-tolvunnar\/","og_site_name":"Tolvuland.is","article_publisher":"https:\/\/www.facebook.com\/TolvulandEhf\/","article_modified_time":"2025-04-25T12:47:08+00:00","twitter_card":"summary_large_image","twitter_misc":{"Est. reading time":"3 minutes"},"schema":{"@context":"https:\/\/schema.org","@graph":[{"@type":"WebPage","@id":"https:\/\/tolvuland.is\/ofhitnun-tolvunnar\/","url":"https:\/\/tolvuland.is\/ofhitnun-tolvunnar\/","name":"Ofhitnun t\u00f6lvunnar - Tolvuland.is","isPartOf":{"@id":"https:\/\/tolvuland.is\/#website"},"datePublished":"2020-02-21T18:30:00+00:00","dateModified":"2025-04-25T12:47:08+00:00","breadcrumb":{"@id":"https:\/\/tolvuland.is\/ofhitnun-tolvunnar\/#breadcrumb"},"inLanguage":"en-US","potentialAction":[{"@type":"ReadAction","target":["https:\/\/tolvuland.is\/ofhitnun-tolvunnar\/"]}]},{"@type":"BreadcrumbList","@id":"https:\/\/tolvuland.is\/ofhitnun-tolvunnar\/#breadcrumb","itemListElement":[{"@type":"ListItem","position":1,"name":"Home","item":"https:\/\/tolvuland.is\/"},{"@type":"ListItem","position":2,"name":"Ofhitnun t\u00f6lvunnar"}]},{"@type":"WebSite","@id":"https:\/\/tolvuland.is\/#website","url":"https:\/\/tolvuland.is\/","name":"Tolvuland.is","description":"Apple og PC t\u00f6lvuvi\u00f0ger\u00f0ir","publisher":{"@id":"https:\/\/tolvuland.is\/#organization"},"potentialAction":[{"@type":"SearchAction","target":{"@type":"EntryPoint","urlTemplate":"https:\/\/tolvuland.is\/?s={search_term_string}"},"query-input":{"@type":"PropertyValueSpecification","valueRequired":true,"valueName":"search_term_string"}}],"inLanguage":"en-US"},{"@type":"Organization","@id":"https:\/\/tolvuland.is\/#organization","name":"Tolvuland ehf","url":"https:\/\/tolvuland.is\/","logo":{"@type":"ImageObject","inLanguage":"en-US","@id":"https:\/\/tolvuland.is\/#\/schema\/logo\/image\/","url":"https:\/\/tolvuland.is\/wp-content\/uploads\/2020\/02\/tl-logo-png-1.png","contentUrl":"https:\/\/tolvuland.is\/wp-content\/uploads\/2020\/02\/tl-logo-png-1.png","width":240,"height":43,"caption":"Tolvuland ehf"},"image":{"@id":"https:\/\/tolvuland.is\/#\/schema\/logo\/image\/"},"sameAs":["https:\/\/www.facebook.com\/TolvulandEhf\/"]}]}},"_links":{"self":[{"href":"https:\/\/tolvuland.is\/en\/wp-json\/wp\/v2\/pages\/1037","targetHints":{"allow":["GET"]}}],"collection":[{"href":"https:\/\/tolvuland.is\/en\/wp-json\/wp\/v2\/pages"}],"about":[{"href":"https:\/\/tolvuland.is\/en\/wp-json\/wp\/v2\/types\/page"}],"author":[{"embeddable":true,"href":"https:\/\/tolvuland.is\/en\/wp-json\/wp\/v2\/users\/1"}],"replies":[{"embeddable":true,"href":"https:\/\/tolvuland.is\/en\/wp-json\/wp\/v2\/comments?post=1037"}],"version-history":[{"count":17,"href":"https:\/\/tolvuland.is\/en\/wp-json\/wp\/v2\/pages\/1037\/revisions"}],"predecessor-version":[{"id":4616,"href":"https:\/\/tolvuland.is\/en\/wp-json\/wp\/v2\/pages\/1037\/revisions\/4616"}],"wp:attachment":[{"href":"https:\/\/tolvuland.is\/en\/wp-json\/wp\/v2\/media?parent=1037"}],"curies":[{"name":"wp","href":"https:\/\/api.w.org\/{rel}","templated":true}]}}