{"id":1024,"date":"2020-02-21T18:23:55","date_gmt":"2020-02-21T18:23:55","guid":{"rendered":"https:\/\/tolvuland.is\/?page_id=1024"},"modified":"2025-04-25T12:48:18","modified_gmt":"2025-04-25T12:48:18","slug":"rykid-er-daudans-alvara","status":"publish","type":"page","link":"https:\/\/tolvuland.is\/en\/rykid-er-daudans-alvara\/","title":{"rendered":"Ryki\u00f0 er dau\u00f0ans alvara"},"content":{"rendered":"<p>[et_pb_section fb_built=&#8220;1&#8243; admin_label=&#8220;Header&#8220; _builder_version=&#8220;4.24.0&#8243; background_color=&#8220;#2f365f&#8220; background_enable_image=&#8220;off&#8220; custom_margin=&#8220;||||false&#8220; custom_padding=&#8220;||||true|false&#8220; global_colors_info=&#8220;{}&#8220;][et_pb_row _builder_version=&#8220;4.16&#8243; max_width=&#8220;700px&#8220; use_custom_width=&#8220;on&#8220; custom_width_px=&#8220;700px&#8220; global_colors_info=&#8220;{}&#8220;][et_pb_column type=&#8220;4_4&#8243; _builder_version=&#8220;4.16&#8243; custom_padding=&#8220;|||&#8220; global_colors_info=&#8220;{}&#8220; custom_padding__hover=&#8220;|||&#8220;][et_pb_text _builder_version=&#8220;4.24.0&#8243; _module_preset=&#8220;default&#8220; text_text_color=&#8220;#FFFFFF&#8220; header_font=&#8220;Lato|700||on|||||&#8220; header_text_align=&#8220;center&#8220; header_text_color=&#8220;#EDF000&#8243; header_font_size=&#8220;62px&#8220; header_line_height=&#8220;1.2em&#8220; header_3_text_color=&#8220;#FFFFFF&#8220; text_orientation=&#8220;center&#8220; header_font_size_tablet=&#8220;62px&#8220; header_font_size_phone=&#8220;36px&#8220; header_font_size_last_edited=&#8220;on|desktop&#8220; header_3_font_size_tablet=&#8220;&#8220; header_3_font_size_phone=&#8220;20px&#8220; header_3_font_size_last_edited=&#8220;on|phone&#8220; global_colors_info=&#8220;{}&#8220;]<\/p>\n<h1><span style=\"color: #ffffff;\">Ryki\u00f0 er dau\u00f0ans<\/span> alvara<\/h1>\n<h3>Rykhreinsun er nau\u00f0synleg<\/h3>\n<p>[\/et_pb_text][et_pb_button button_url=&#8220;@ET-DC@eyJkeW5hbWljIjp0cnVlLCJjb250ZW50IjoicG9zdF9saW5rX3VybF9wYWdlIiwic2V0dGluZ3MiOnsicG9zdF9pZCI6IjI1MTgifX0=@&#8220; button_text=&#8220;Panta t\u00edma \u00e1 t\u00f6lvuverkst\u00e6\u00f0i&#8220; button_alignment=&#8220;center&#8220; _builder_version=&#8220;4.24.0&#8243; _dynamic_attributes=&#8220;button_url&#8220; custom_button=&#8220;on&#8220; button_text_size=&#8220;12px&#8220; button_text_color=&#8220;#FFFFFF&#8220; button_border_color=&#8220;#EDF000&#8243; button_border_radius=&#8220;0px&#8220; button_letter_spacing=&#8220;2px&#8220; button_font=&#8220;Lato|500||on|||||&#8220; button_use_icon=&#8220;off&#8220; custom_padding=&#8220;16px|32px|16px|32px|true|true&#8220; box_shadow_style=&#8220;preset1&#8243; box_shadow_color=&#8220;rgba(239,59,36,0.24)&#8220; button_letter_spacing_hover=&#8220;2px&#8220; global_colors_info=&#8220;{}&#8220; button_text_size__hover_enabled=&#8220;off&#8220; button_one_text_size__hover_enabled=&#8220;off&#8220; button_two_text_size__hover_enabled=&#8220;off&#8220; button_text_color__hover_enabled=&#8220;off&#8220; button_one_text_color__hover_enabled=&#8220;off&#8220; button_two_text_color__hover_enabled=&#8220;off&#8220; button_border_width__hover_enabled=&#8220;off&#8220; button_one_border_width__hover_enabled=&#8220;off&#8220; button_two_border_width__hover_enabled=&#8220;off&#8220; button_border_color__hover_enabled=&#8220;off&#8220; button_one_border_color__hover_enabled=&#8220;off&#8220; button_two_border_color__hover_enabled=&#8220;off&#8220; button_border_radius__hover_enabled=&#8220;off&#8220; button_one_border_radius__hover_enabled=&#8220;off&#8220; button_two_border_radius__hover_enabled=&#8220;off&#8220; button_letter_spacing__hover_enabled=&#8220;on&#8220; button_letter_spacing__hover=&#8220;2px&#8220; button_one_letter_spacing__hover_enabled=&#8220;off&#8220; button_two_letter_spacing__hover_enabled=&#8220;off&#8220; button_bg_color__hover_enabled=&#8220;off&#8220; button_one_bg_color__hover_enabled=&#8220;off&#8220; button_two_bg_color__hover_enabled=&#8220;off&#8220;][\/et_pb_button][\/et_pb_column][\/et_pb_row][\/et_pb_section][et_pb_section fb_built=&#8220;1&#8243; admin_label=&#8220;Why choose us&#8220; _builder_version=&#8220;4.16&#8243; global_colors_info=&#8220;{}&#8220;][et_pb_row _builder_version=&#8220;4.27.4&#8243; _module_preset=&#8220;default&#8220;][et_pb_column _builder_version=&#8220;4.27.4&#8243; _module_preset=&#8220;default&#8220; type=&#8220;4_4&#8243;][et_pb_text _builder_version=&#8220;4.24.0&#8243; _module_preset=&#8220;default&#8220; text_font_size=&#8220;16px&#8220; header_3_font=&#8220;Lato|700|||||||&#8220; header_3_text_align=&#8220;center&#8220; header_3_font_size=&#8220;26px&#8220; text_font_size_tablet=&#8220;16px&#8220; text_font_size_phone=&#8220;14px&#8220; text_font_size_last_edited=&#8220;on|phone&#8220; header_3_font_size_tablet=&#8220;26px&#8220; header_3_font_size_phone=&#8220;20px&#8220; header_3_font_size_last_edited=&#8220;on|desktop&#8220; global_colors_info=&#8220;{}&#8220; theme_builder_area=&#8220;post_content&#8220;]<\/p>\n<h3>K\u00e6lib\u00fana\u00f0ur t\u00f6lvunnar<\/h3>\n<p>\u00dea\u00f0 er l\u00f6gm\u00e1l a\u00f0 allar fart\u00f6lvur safna ryki \u00ed k\u00e6lib\u00fana\u00f0 sinn.<br \/>Me\u00f0 t\u00edmanum myndar ryki\u00f0 teppi sem st\u00edflar loftfl\u00e6\u00f0i\u00f0 \u00fat \u00far t\u00f6lvunni og lokar \u00feannig heitt loft inni \u00ed henni.<br \/>Ryki\u00f0 safnast saman \u00e1 milli k\u00e6liviftu og k\u00e6lipl\u00f6tu \u00fear sem \u00fea\u00f0 myndar sm\u00e1m saman teppi sem st\u00edflar loftfl\u00e6\u00f0i\u00f0 \u00fat \u00far t\u00f6lvunni og kemur \u00feannig \u00ed veg fyrir k\u00e6lingu \u00e1 vi\u00f0kv\u00e6mum v\u00e9lb\u00fana\u00f0i hennar. Ni\u00f0ursta\u00f0an er yfirleitt s\u00fa a\u00f0 m\u00f3\u00f0urbor\u00f0i\u00f0 bilar \u00e1 endanum en \u00fea\u00f0 \u00fe\u00fd\u00f0ir einfaldlega a\u00f0 fart\u00f6lvan er \u00f3n\u00fdt \u00ed flestum tilvikum. Tegund e\u00f0a ger\u00f0 fart\u00f6lvunnar skiptir engu m\u00e1li. \u00dea\u00f0 \u00fearf a\u00f0 rykhreinsa allar fart\u00f6lvur \u00e1 a\u00f0 l\u00e1gmarki 3 m\u00e1na\u00f0a fresti og jafnvel oftar. Myndin h\u00e9r fyrir ne\u00f0an er af m\u00f3\u00f0urbor\u00f0i \u00ed 3ja \u00e1ra gamalli MacBook fart\u00f6lvu. M\u00f3\u00f0urbor\u00f0i\u00f0 og annar v\u00e9lb\u00fana\u00f0ur er fullur af ryki sem virkar sem einangrun \u00e1 v\u00e9lb\u00fana\u00f0inn og heldur \u00feannig \u201ehita\u201c \u00e1 honum. \u00dea\u00f0 \u00fearf vart a\u00f0 taka fram a\u00f0 t\u00f6lvan \u00e1 myndinni er \u00f3n\u00fdt.<\/p>\n<h3>Rykhreinsun<\/h3>\n<p>Vi\u00f0 bj\u00f3\u00f0um upp \u00e1 margar lausnir var\u00f0andi rykhreinsun \u00e1 fart\u00f6lvum. S\u00fa einfaldasta og \u00f3d\u00fdrasta er rykhreinsun me\u00f0 bl\u00e6stri, en \u00fe\u00e1 er h\u00e1\u00fer\u00fdstilofti bl\u00e1si\u00f0 \u00ed gegnum k\u00e6liviftu fart\u00f6lvunnar. S\u00fa a\u00f0fer\u00f0 virkar \u00e1g\u00e6tlega ef h\u00fan er framkv\u00e6md reglulega. Einnig bj\u00f3\u00f0um vi\u00f0 upp \u00e1 rykhreinsun \u00fear sem t\u00f6lvan er opnu\u00f0 og allur v\u00e9lb\u00fana\u00f0ur hennar rykhreinsa\u00f0ur \u00e1samt \u00fev\u00ed a\u00f0 gengi\u00f0 er \u00far skugga um a\u00f0 allar skr\u00fafur s\u00e9u fastar og k\u00e6ling \u00ed lagi.<\/p>\n<p>[\/et_pb_text][\/et_pb_column][\/et_pb_row][\/et_pb_section]<\/p>\n","protected":false},"excerpt":{"rendered":"<p>Ryki\u00f0 er dau\u00f0ans alvara Rykhreinsun er nau\u00f0synlegK\u00e6lib\u00fana\u00f0ur t\u00f6lvunnar \u00dea\u00f0 er l\u00f6gm\u00e1l a\u00f0 allar fart\u00f6lvur safna ryki \u00ed k\u00e6lib\u00fana\u00f0 sinn.Me\u00f0 t\u00edmanum myndar ryki\u00f0 teppi sem st\u00edflar loftfl\u00e6\u00f0i\u00f0 \u00fat \u00far t\u00f6lvunni og lokar \u00feannig heitt loft inni \u00ed henni.Ryki\u00f0 safnast saman \u00e1 milli k\u00e6liviftu og k\u00e6lipl\u00f6tu \u00fear sem \u00fea\u00f0 myndar sm\u00e1m saman teppi sem st\u00edflar loftfl\u00e6\u00f0i\u00f0 \u00fat [&hellip;]<\/p>\n","protected":false},"author":1,"featured_media":0,"parent":0,"menu_order":0,"comment_status":"closed","ping_status":"closed","template":"","meta":{"_et_pb_use_builder":"on","_et_pb_old_content":"","_et_gb_content_width":"","footnotes":""},"class_list":["post-1024","page","type-page","status-publish","hentry"],"yoast_head":"<!-- This site is optimized with the Yoast SEO plugin v27.4 - https:\/\/yoast.com\/product\/yoast-seo-wordpress\/ -->\n<title>Ryki\u00f0 er dau\u00f0ans alvara - Tolvuland.is<\/title>\n<meta name=\"robots\" content=\"index, follow, max-snippet:-1, max-image-preview:large, max-video-preview:-1\" \/>\n<link rel=\"canonical\" href=\"https:\/\/tolvuland.is\/en\/rykid-er-daudans-alvara\/\" \/>\n<meta property=\"og:locale\" content=\"en_US\" \/>\n<meta property=\"og:type\" content=\"article\" \/>\n<meta property=\"og:title\" content=\"Ryki\u00f0 er dau\u00f0ans alvara - Tolvuland.is\" \/>\n<meta property=\"og:description\" content=\"Ryki\u00f0 er dau\u00f0ans alvara Rykhreinsun er nau\u00f0synlegK\u00e6lib\u00fana\u00f0ur t\u00f6lvunnar \u00dea\u00f0 er l\u00f6gm\u00e1l a\u00f0 allar fart\u00f6lvur safna ryki \u00ed k\u00e6lib\u00fana\u00f0 sinn.Me\u00f0 t\u00edmanum myndar ryki\u00f0 teppi sem st\u00edflar loftfl\u00e6\u00f0i\u00f0 \u00fat \u00far t\u00f6lvunni og lokar \u00feannig heitt loft inni \u00ed henni.Ryki\u00f0 safnast saman \u00e1 milli k\u00e6liviftu og k\u00e6lipl\u00f6tu \u00fear sem \u00fea\u00f0 myndar sm\u00e1m saman teppi sem st\u00edflar loftfl\u00e6\u00f0i\u00f0 \u00fat [&hellip;]\" \/>\n<meta property=\"og:url\" content=\"https:\/\/tolvuland.is\/en\/rykid-er-daudans-alvara\/\" \/>\n<meta property=\"og:site_name\" content=\"Tolvuland.is\" \/>\n<meta property=\"article:publisher\" content=\"https:\/\/www.facebook.com\/TolvulandEhf\/\" \/>\n<meta property=\"article:modified_time\" content=\"2025-04-25T12:48:18+00:00\" \/>\n<meta name=\"twitter:card\" content=\"summary_large_image\" \/>\n<meta name=\"twitter:label1\" content=\"Est. reading time\" \/>\n\t<meta name=\"twitter:data1\" content=\"2 minutes\" \/>\n<script type=\"application\/ld+json\" class=\"yoast-schema-graph\">{\"@context\":\"https:\\\/\\\/schema.org\",\"@graph\":[{\"@type\":\"WebPage\",\"@id\":\"https:\\\/\\\/tolvuland.is\\\/rykid-er-daudans-alvara\\\/\",\"url\":\"https:\\\/\\\/tolvuland.is\\\/rykid-er-daudans-alvara\\\/\",\"name\":\"Ryki\u00f0 er dau\u00f0ans alvara - Tolvuland.is\",\"isPartOf\":{\"@id\":\"https:\\\/\\\/tolvuland.is\\\/#website\"},\"datePublished\":\"2020-02-21T18:23:55+00:00\",\"dateModified\":\"2025-04-25T12:48:18+00:00\",\"breadcrumb\":{\"@id\":\"https:\\\/\\\/tolvuland.is\\\/rykid-er-daudans-alvara\\\/#breadcrumb\"},\"inLanguage\":\"en-US\",\"potentialAction\":[{\"@type\":\"ReadAction\",\"target\":[\"https:\\\/\\\/tolvuland.is\\\/rykid-er-daudans-alvara\\\/\"]}]},{\"@type\":\"BreadcrumbList\",\"@id\":\"https:\\\/\\\/tolvuland.is\\\/rykid-er-daudans-alvara\\\/#breadcrumb\",\"itemListElement\":[{\"@type\":\"ListItem\",\"position\":1,\"name\":\"Home\",\"item\":\"https:\\\/\\\/tolvuland.is\\\/\"},{\"@type\":\"ListItem\",\"position\":2,\"name\":\"Ryki\u00f0 er dau\u00f0ans alvara\"}]},{\"@type\":\"WebSite\",\"@id\":\"https:\\\/\\\/tolvuland.is\\\/#website\",\"url\":\"https:\\\/\\\/tolvuland.is\\\/\",\"name\":\"Tolvuland.is\",\"description\":\"Apple og PC t\u00f6lvuvi\u00f0ger\u00f0ir\",\"publisher\":{\"@id\":\"https:\\\/\\\/tolvuland.is\\\/#organization\"},\"potentialAction\":[{\"@type\":\"SearchAction\",\"target\":{\"@type\":\"EntryPoint\",\"urlTemplate\":\"https:\\\/\\\/tolvuland.is\\\/?s={search_term_string}\"},\"query-input\":{\"@type\":\"PropertyValueSpecification\",\"valueRequired\":true,\"valueName\":\"search_term_string\"}}],\"inLanguage\":\"en-US\"},{\"@type\":\"Organization\",\"@id\":\"https:\\\/\\\/tolvuland.is\\\/#organization\",\"name\":\"Tolvuland ehf\",\"url\":\"https:\\\/\\\/tolvuland.is\\\/\",\"logo\":{\"@type\":\"ImageObject\",\"inLanguage\":\"en-US\",\"@id\":\"https:\\\/\\\/tolvuland.is\\\/#\\\/schema\\\/logo\\\/image\\\/\",\"url\":\"https:\\\/\\\/tolvuland.is\\\/wp-content\\\/uploads\\\/2020\\\/02\\\/tl-logo-png-1.png\",\"contentUrl\":\"https:\\\/\\\/tolvuland.is\\\/wp-content\\\/uploads\\\/2020\\\/02\\\/tl-logo-png-1.png\",\"width\":240,\"height\":43,\"caption\":\"Tolvuland ehf\"},\"image\":{\"@id\":\"https:\\\/\\\/tolvuland.is\\\/#\\\/schema\\\/logo\\\/image\\\/\"},\"sameAs\":[\"https:\\\/\\\/www.facebook.com\\\/TolvulandEhf\\\/\"]}]}<\/script>\n<!-- \/ Yoast SEO plugin. -->","yoast_head_json":{"title":"Ryki\u00f0 er dau\u00f0ans alvara - Tolvuland.is","robots":{"index":"index","follow":"follow","max-snippet":"max-snippet:-1","max-image-preview":"max-image-preview:large","max-video-preview":"max-video-preview:-1"},"canonical":"https:\/\/tolvuland.is\/en\/rykid-er-daudans-alvara\/","og_locale":"en_US","og_type":"article","og_title":"Ryki\u00f0 er dau\u00f0ans alvara - Tolvuland.is","og_description":"Ryki\u00f0 er dau\u00f0ans alvara Rykhreinsun er nau\u00f0synlegK\u00e6lib\u00fana\u00f0ur t\u00f6lvunnar \u00dea\u00f0 er l\u00f6gm\u00e1l a\u00f0 allar fart\u00f6lvur safna ryki \u00ed k\u00e6lib\u00fana\u00f0 sinn.Me\u00f0 t\u00edmanum myndar ryki\u00f0 teppi sem st\u00edflar loftfl\u00e6\u00f0i\u00f0 \u00fat \u00far t\u00f6lvunni og lokar \u00feannig heitt loft inni \u00ed henni.Ryki\u00f0 safnast saman \u00e1 milli k\u00e6liviftu og k\u00e6lipl\u00f6tu \u00fear sem \u00fea\u00f0 myndar sm\u00e1m saman teppi sem st\u00edflar loftfl\u00e6\u00f0i\u00f0 \u00fat [&hellip;]","og_url":"https:\/\/tolvuland.is\/en\/rykid-er-daudans-alvara\/","og_site_name":"Tolvuland.is","article_publisher":"https:\/\/www.facebook.com\/TolvulandEhf\/","article_modified_time":"2025-04-25T12:48:18+00:00","twitter_card":"summary_large_image","twitter_misc":{"Est. reading time":"2 minutes"},"schema":{"@context":"https:\/\/schema.org","@graph":[{"@type":"WebPage","@id":"https:\/\/tolvuland.is\/rykid-er-daudans-alvara\/","url":"https:\/\/tolvuland.is\/rykid-er-daudans-alvara\/","name":"Ryki\u00f0 er dau\u00f0ans alvara - Tolvuland.is","isPartOf":{"@id":"https:\/\/tolvuland.is\/#website"},"datePublished":"2020-02-21T18:23:55+00:00","dateModified":"2025-04-25T12:48:18+00:00","breadcrumb":{"@id":"https:\/\/tolvuland.is\/rykid-er-daudans-alvara\/#breadcrumb"},"inLanguage":"en-US","potentialAction":[{"@type":"ReadAction","target":["https:\/\/tolvuland.is\/rykid-er-daudans-alvara\/"]}]},{"@type":"BreadcrumbList","@id":"https:\/\/tolvuland.is\/rykid-er-daudans-alvara\/#breadcrumb","itemListElement":[{"@type":"ListItem","position":1,"name":"Home","item":"https:\/\/tolvuland.is\/"},{"@type":"ListItem","position":2,"name":"Ryki\u00f0 er dau\u00f0ans alvara"}]},{"@type":"WebSite","@id":"https:\/\/tolvuland.is\/#website","url":"https:\/\/tolvuland.is\/","name":"Tolvuland.is","description":"Apple og PC t\u00f6lvuvi\u00f0ger\u00f0ir","publisher":{"@id":"https:\/\/tolvuland.is\/#organization"},"potentialAction":[{"@type":"SearchAction","target":{"@type":"EntryPoint","urlTemplate":"https:\/\/tolvuland.is\/?s={search_term_string}"},"query-input":{"@type":"PropertyValueSpecification","valueRequired":true,"valueName":"search_term_string"}}],"inLanguage":"en-US"},{"@type":"Organization","@id":"https:\/\/tolvuland.is\/#organization","name":"Tolvuland ehf","url":"https:\/\/tolvuland.is\/","logo":{"@type":"ImageObject","inLanguage":"en-US","@id":"https:\/\/tolvuland.is\/#\/schema\/logo\/image\/","url":"https:\/\/tolvuland.is\/wp-content\/uploads\/2020\/02\/tl-logo-png-1.png","contentUrl":"https:\/\/tolvuland.is\/wp-content\/uploads\/2020\/02\/tl-logo-png-1.png","width":240,"height":43,"caption":"Tolvuland ehf"},"image":{"@id":"https:\/\/tolvuland.is\/#\/schema\/logo\/image\/"},"sameAs":["https:\/\/www.facebook.com\/TolvulandEhf\/"]}]}},"_links":{"self":[{"href":"https:\/\/tolvuland.is\/en\/wp-json\/wp\/v2\/pages\/1024","targetHints":{"allow":["GET"]}}],"collection":[{"href":"https:\/\/tolvuland.is\/en\/wp-json\/wp\/v2\/pages"}],"about":[{"href":"https:\/\/tolvuland.is\/en\/wp-json\/wp\/v2\/types\/page"}],"author":[{"embeddable":true,"href":"https:\/\/tolvuland.is\/en\/wp-json\/wp\/v2\/users\/1"}],"replies":[{"embeddable":true,"href":"https:\/\/tolvuland.is\/en\/wp-json\/wp\/v2\/comments?post=1024"}],"version-history":[{"count":18,"href":"https:\/\/tolvuland.is\/en\/wp-json\/wp\/v2\/pages\/1024\/revisions"}],"predecessor-version":[{"id":4618,"href":"https:\/\/tolvuland.is\/en\/wp-json\/wp\/v2\/pages\/1024\/revisions\/4618"}],"wp:attachment":[{"href":"https:\/\/tolvuland.is\/en\/wp-json\/wp\/v2\/media?parent=1024"}],"curies":[{"name":"wp","href":"https:\/\/api.w.org\/{rel}","templated":true}]}}