{"id":1017,"date":"2020-02-21T18:20:34","date_gmt":"2020-02-21T18:20:34","guid":{"rendered":"https:\/\/tolvuland.is\/?page_id=1017"},"modified":"2025-04-25T12:49:48","modified_gmt":"2025-04-25T12:49:48","slug":"er-thin-tolva-orugg","status":"publish","type":"page","link":"https:\/\/tolvuland.is\/en\/er-thin-tolva-orugg\/","title":{"rendered":"Er \u00fe\u00edn t\u00f6lva \u00f6rugg"},"content":{"rendered":"<p>[et_pb_section fb_built=&#8220;1&#8243; admin_label=&#8220;Header&#8220; _builder_version=&#8220;4.24.0&#8243; background_color=&#8220;#2f365f&#8220; background_enable_image=&#8220;off&#8220; custom_margin=&#8220;||||false&#8220; custom_padding=&#8220;||||true|false&#8220; global_colors_info=&#8220;{}&#8220;][et_pb_row _builder_version=&#8220;4.16&#8243; max_width=&#8220;700px&#8220; use_custom_width=&#8220;on&#8220; custom_width_px=&#8220;700px&#8220; global_colors_info=&#8220;{}&#8220;][et_pb_column type=&#8220;4_4&#8243; _builder_version=&#8220;4.16&#8243; custom_padding=&#8220;|||&#8220; global_colors_info=&#8220;{}&#8220; custom_padding__hover=&#8220;|||&#8220;][et_pb_text _builder_version=&#8220;4.27.3&#8243; _module_preset=&#8220;default&#8220; text_text_color=&#8220;#FFFFFF&#8220; header_font=&#8220;Lato|700||on|||||&#8220; header_text_align=&#8220;center&#8220; header_text_color=&#8220;#EDF000&#8243; header_font_size=&#8220;62px&#8220; header_line_height=&#8220;1.2em&#8220; header_3_text_color=&#8220;#FFFFFF&#8220; text_orientation=&#8220;center&#8220; header_font_size_tablet=&#8220;62px&#8220; header_font_size_phone=&#8220;36px&#8220; header_font_size_last_edited=&#8220;on|desktop&#8220; header_3_font_size_tablet=&#8220;&#8220; header_3_font_size_phone=&#8220;20px&#8220; header_3_font_size_last_edited=&#8220;on|phone&#8220; global_colors_info=&#8220;{}&#8220;]<\/p>\n<h1><span style=\"color: #ffffff;\">Er \u00fe\u00edn t\u00f6lva<\/span> \u00f6rugg<\/h1>\n<h3>Skiptir v\u00edrusv\u00f6rn m\u00e1li ?<\/h3>\n<p>[\/et_pb_text][et_pb_button button_url=&#8220;@ET-DC@eyJkeW5hbWljIjp0cnVlLCJjb250ZW50IjoicG9zdF9saW5rX3VybF9wYWdlIiwic2V0dGluZ3MiOnsicG9zdF9pZCI6IjI1MTgifX0=@&#8220; button_text=&#8220;Panta t\u00edma \u00e1 t\u00f6lvuverkst\u00e6\u00f0i&#8220; button_alignment=&#8220;center&#8220; _builder_version=&#8220;4.24.0&#8243; _dynamic_attributes=&#8220;button_url&#8220; custom_button=&#8220;on&#8220; button_text_size=&#8220;12px&#8220; button_text_color=&#8220;#FFFFFF&#8220; button_border_color=&#8220;#EDF000&#8243; button_border_radius=&#8220;0px&#8220; button_letter_spacing=&#8220;2px&#8220; button_font=&#8220;Lato|500||on|||||&#8220; button_use_icon=&#8220;off&#8220; custom_padding=&#8220;16px|32px|16px|32px|true|true&#8220; box_shadow_style=&#8220;preset1&#8243; box_shadow_color=&#8220;rgba(239,59,36,0.24)&#8220; button_letter_spacing_hover=&#8220;2px&#8220; global_colors_info=&#8220;{}&#8220; button_text_size__hover_enabled=&#8220;off&#8220; button_one_text_size__hover_enabled=&#8220;off&#8220; button_two_text_size__hover_enabled=&#8220;off&#8220; button_text_color__hover_enabled=&#8220;off&#8220; button_one_text_color__hover_enabled=&#8220;off&#8220; button_two_text_color__hover_enabled=&#8220;off&#8220; button_border_width__hover_enabled=&#8220;off&#8220; button_one_border_width__hover_enabled=&#8220;off&#8220; button_two_border_width__hover_enabled=&#8220;off&#8220; button_border_color__hover_enabled=&#8220;off&#8220; button_one_border_color__hover_enabled=&#8220;off&#8220; button_two_border_color__hover_enabled=&#8220;off&#8220; button_border_radius__hover_enabled=&#8220;off&#8220; button_one_border_radius__hover_enabled=&#8220;off&#8220; button_two_border_radius__hover_enabled=&#8220;off&#8220; button_letter_spacing__hover_enabled=&#8220;on&#8220; button_letter_spacing__hover=&#8220;2px&#8220; button_one_letter_spacing__hover_enabled=&#8220;off&#8220; button_two_letter_spacing__hover_enabled=&#8220;off&#8220; button_bg_color__hover_enabled=&#8220;off&#8220; button_one_bg_color__hover_enabled=&#8220;off&#8220; button_two_bg_color__hover_enabled=&#8220;off&#8220;][\/et_pb_button][\/et_pb_column][\/et_pb_row][\/et_pb_section][et_pb_section fb_built=&#8220;1&#8243; admin_label=&#8220;Why choose us&#8220; _builder_version=&#8220;4.16&#8243; global_colors_info=&#8220;{}&#8220;][et_pb_row _builder_version=&#8220;4.27.4&#8243; _module_preset=&#8220;default&#8220;][et_pb_column _builder_version=&#8220;4.27.4&#8243; _module_preset=&#8220;default&#8220; type=&#8220;4_4&#8243;][et_pb_text _builder_version=&#8220;4.27.3&#8243; _module_preset=&#8220;default&#8220; text_font_size=&#8220;16px&#8220; header_2_font=&#8220;Lato|700|||||||&#8220; header_2_text_align=&#8220;center&#8220; header_3_font=&#8220;Lato|700|||||||&#8220; header_3_text_align=&#8220;center&#8220; header_3_font_size=&#8220;26px&#8220; header_3_line_height=&#8220;1.2em&#8220; header_4_font=&#8220;Lato|700|||||||&#8220; header_5_font=&#8220;Lato|700|||||||&#8220; text_font_size_tablet=&#8220;16px&#8220; text_font_size_phone=&#8220;14px&#8220; text_font_size_last_edited=&#8220;on|phone&#8220; header_2_font_size_tablet=&#8220;&#8220; header_2_font_size_phone=&#8220;16px&#8220; header_2_font_size_last_edited=&#8220;on|phone&#8220; header_3_font_size_tablet=&#8220;26px&#8220; header_3_font_size_phone=&#8220;20px&#8220; header_3_font_size_last_edited=&#8220;on|desktop&#8220; header_4_font_size_tablet=&#8220;&#8220; header_4_font_size_phone=&#8220;14px&#8220; header_4_font_size_last_edited=&#8220;on|desktop&#8220; header_5_font_size_tablet=&#8220;&#8220; header_5_font_size_phone=&#8220;14px&#8220; header_5_font_size_last_edited=&#8220;on|desktop&#8220; global_colors_info=&#8220;{}&#8220; theme_builder_area=&#8220;post_content&#8220;]<\/p>\n<h2>Eru v\u00edrusar mesta \u00f6ryggis\u00f3gnin \u00ed dag?<\/h2>\n<p>\u201e\u00cd gamla daga\u201c herju\u00f0u v\u00edrusar, oft \u00ed formi l\u00e9legra forrita, \u00e1 t\u00f6lvurnar okkar. Aflei\u00f0ingin var oftast s\u00fa a\u00f0 st\u00fdrikerfi t\u00f6lvunnar hrundi. Me\u00f0 \u00f6flug v\u00edrusvarnarforrit \u00e1 t\u00f6lvunni var \u00fe\u00e1 oftast h\u00e6gt a\u00f0 verjast v\u00edrusunum e\u00f0a hreinsa \u00fe\u00e1 \u00fat af t\u00f6lvunni. T\u00edmarnir breytast og mennirnir me\u00f0 segir einhversta\u00f0ar og \u00fea\u00f0 sama \u00e1 vi\u00f0 um v\u00edrusa og \u00f6ryggis\u00f3gnir. Hakkarar n\u00fat\u00edmans s\u00e6kjast \u00ed auknum m\u00e6li eftir \u00fev\u00ed a\u00f0 n\u00e1 valdi \u00e1 innskr\u00e1ningaruppl\u00fdsingunum okkar inn \u00e1 samf\u00e9lagsmi\u00f0la, t\u00f6lvup\u00f3st a\u00f0ganga og bankareikninga. \u00deetta kallast <strong>\u201ephising\u201c<\/strong> e\u00f0a <strong>\u201evefvei\u00f0ar\u201c<\/strong> en flest v\u00edrusvarnarforrit geta ekki vari\u00f0 \u00feig fyrir \u00feeirri \u00f3gn.<br \/>\u00dearna er oft um a\u00f0 r\u00e6\u00f0a forrit sem setjast \u00ed netvafrann \u00feinn til a\u00f0 reyna a\u00f0 f\u00e1 \u00feig til a\u00f0 kaupa sig e\u00f0a eitthva\u00f0 anna\u00f0 forrit. Einnig er oft um a\u00f0 r\u00e6\u00f0a \u201ef\u00f6lsk \u00f6ryggis forrit\u201c \u00fe.e. forrit sem segir \u00fe\u00e9r a\u00f0 \u00fea\u00f0 s\u00e9 v\u00edrus \u00e1 t\u00f6lunni \u00feinni og b\u00fd\u00f0ur \u00fe\u00e9r a\u00f0 smella \u00e1 hnapp til a\u00f0 ey\u00f0a honum \u00fat. \u00deessi forrit birtast okkur \u00ed gegnum \u00fea\u00f0 sem kallast \u201enotification\u201c \u00ed netvafranum okkar.<br \/>\u00de\u00e1 er oft reynt a\u00f0 f\u00e1 okkur til a\u00f0 gefa upp kortan\u00famerin okkar en einnig eru forrit \u00ed gangi \u00e1 vefnum sem leita uppi \u00f6ryggisholur \u00ed t\u00f6lvunum okkar sem getur s\u00ed\u00f0an leitt til \u00feess a\u00f0 t\u00f6lvan ver\u00f0ur tekin yfir og g\u00f6gn hennar dulk\u00f3\u00f0u\u00f0.<\/p>\n<h4>Hvernig getum vi\u00f0 l\u00e1gmarka\u00f0 h\u00e6ttuna \u00e1 \u00fev\u00ed a\u00f0 f\u00e1 v\u00edrus e\u00f0a lenda \u00ed \u00fev\u00ed a\u00f0 einhver dulk\u00f3\u00f0i g\u00f6gnin okkar og krefjist lausnargjalds?<\/h4>\n<ol>\n<li>Notum alltaf <strong>\u00f6flug<\/strong> lykilor\u00f0 sem geta t.d. veri\u00f0 m\u00f6rg or\u00f0 saman frekar en talnaruna e\u00f0a sambland af t\u00f6lum og t\u00e1knum. Notum <strong>tveggja \u00fe\u00e1tta<\/strong> au\u00f0kenningu.<\/li>\n<li>Notum lykilor\u00f0a banka. \u00deannig \u00feurfum vi\u00f0 a\u00f0eins a\u00f0 muna eitt lykilor\u00f0. Lykilor\u00f0abankar eru gr\u00ed\u00f0arlega \u00f6ruggir og kosta ekki miki\u00f0. D\u00e6mi um \u00f6flugan en \u00f3d\u00fdran lykilor\u00f0a banka er t.d. \u201eBitwarden.\u201c<\/li>\n<li>Smellum ekki \u00e1 tengla sem koma \u00ed t\u00f6lvup\u00f3sti og vi\u00f0 k\u00f6nnumst ekki vi\u00f0. Ef vi\u00f0 f\u00e1um t.d. tilkynningu um a\u00f0 sending til okkar s\u00e9 tilb\u00fain til afhendingar hj\u00e1 einhverjum flutningsa\u00f0ila og vi\u00f0 k\u00f6nnumst ekki vi\u00f0 hana, \u00fe\u00e1 er einfalt a\u00f0 hringja \u00ed flutningsa\u00f0ilann til a\u00f0 kanna m\u00e1li\u00f0 \u00e1\u00f0ur en vi\u00f0 smellum \u00e1 tengilinn.<\/li>\n<li>\u00dea\u00f0 er enginn a\u00f0 gefa okkur eitt e\u00f0a neitt \u00e1 netinu. L\u00e1tum ekki glepjast af lygilegum gyllibo\u00f0um \u00ed t\u00f6lvup\u00f3sti e\u00f0a \u00e1 heimas\u00ed\u00f0um.<\/li>\n<li>P\u00f6ssum upp \u00e1 a\u00f0 st\u00fdrikerfi t\u00f6lvunnar s\u00e9 alltaf uppf\u00e6rt me\u00f0 n\u00fdjustu \u00f6ryggisuppf\u00e6rslum. (Gerist sj\u00e1lfkrafa \u00ed Windows 10 og 11)<\/li>\n<li>P\u00f6ssum upp \u00e1 a\u00f0 innbygg\u00f0 v\u00edrusv\u00f6rn s\u00e9 alltaf uppf\u00e6r\u00f0. ( \u00c1 vi\u00f0 um Windows Defender \u00ed Windows 10 og 11)<\/li>\n<li>Sam\u00feykkjum aldrei a\u00f0 leyfa vefs\u00ed\u00f0u a\u00f0 senda okkur tilkynningar (notification).<\/li>\n<li>T\u00f6kum afrit af g\u00f6gnunum okkar.<\/li>\n<li>Kaupum \u00f6fluga v\u00edrusv\u00f6rn fr\u00e1 \u00feri\u00f0ja a\u00f0ila. ( Ef \u00fea\u00f0 er nau\u00f0synlegt).<\/li>\n<\/ol>\n<h2>Er nau\u00f0synlegt a\u00f0 kaupa \u00e1skrift a\u00f0 v\u00edrusv\u00f6rn?<\/h2>\n<p>\u00dea\u00f0 getur veri\u00f0 a\u00f0 \u00fea\u00f0 s\u00e9 nau\u00f0synlegt a\u00f0 gera \u00fea\u00f0 en \u00fea\u00f0 fer svol\u00edti\u00f0 eftir \u00fev\u00ed hva\u00f0 vi\u00f0 erum a\u00f0 gera \u00ed t\u00f6lvunni.<br \/>\u00cd dag eru PC t\u00f6lvur sem keyra \u00e1 Windows 10 og 11 b\u00fanar innbygg\u00f0ri v\u00edrusv\u00f6rn (Windows Defender). Einnig bj\u00f3\u00f0a netwarar eins og Google Chrome upp \u00e1 \u00e1g\u00e6tis \u00f6ryggisstillingar. \u00cd pr\u00f3funum kemur Windows Defender \u00e1g\u00e6tlega \u00fat og \u00ed sumum tilvikum gefur hann \u00f6flugustu v\u00edrusv\u00f6rnum fr\u00e1 \u00feri\u00f0ja a\u00f0ila l\u00edti\u00f0 eftir.<\/p>\n<h4>Vi\u00f0 \u00feurfum l\u00edklega ekki a\u00f0 kaupa v\u00edrusv\u00f6rn fr\u00e1 \u00feri\u00f0ja a\u00f0ila ef vi\u00f0:<\/h4>\n<ul>\n<li>F\u00f6rum a\u00f0allega \u00e1 neti\u00f0 til a\u00f0 sko\u00f0a Facebook og heimas\u00ed\u00f0ur.<\/li>\n<li>F\u00f6rum \u00e1 neti\u00f0 til a\u00f0 lesa t\u00f6lvup\u00f3stinn<\/li>\n<li>Notum t\u00f6lvuna a\u00f0allega til a\u00f0 skrifa og horfa \u00e1 Netflix<\/li>\n<\/ul>\n<h4>Vi\u00f0 \u00feurfum l\u00edklega a\u00f0 kaupa v\u00edrusv\u00f6rn fr\u00e1 \u00feri\u00f0ja a\u00f0ila ef vi\u00f0:<\/h4>\n<ul>\n<li>Erum a\u00f0 s\u00e6kja efni \u00e1 torrent<\/li>\n<li>Erum a\u00f0 sko\u00f0a xxx s\u00ed\u00f0ur \u00e1 netinu<\/li>\n<li>Erum me\u00f0 ver\u00f0m\u00e6t g\u00f6gn \u00e1 t\u00f6lvunni<\/li>\n<li>Erum me\u00f0 vinnut\u00f6lvuna heima<\/li>\n<li>Fer\u00f0umst um heiminn me\u00f0 vinnut\u00f6lvuna me\u00f0fer\u00f0is<\/li>\n<li>Samn\u00fdtum t\u00f6lvuna me\u00f0 m\u00f6rgum einstaklingum<\/li>\n<\/ul>\n<p>Einnig m\u00e1 hafa \u00ed huga a\u00f0 til eru \u00f6flug \u201e\u00f3keypis\u201c v\u00edrusvarnarforrit eins og \u201eMalwarebytes\u201c sem h\u00e6gt er a\u00f0 nota samhli\u00f0a innbygg\u00f0um v\u00edrusvarnarforritum til a\u00f0 skanna t\u00f6lvuna.<\/p>\n<p>\u00d6flug lykilor\u00f0, uppf\u00e6r\u00f0 st\u00fdrikerfi, uppf\u00e6r\u00f0 v\u00edrusv\u00f6rn og almenn skynsemi er besta lei\u00f0in til a\u00f0 koma \u00ed veg fyrir a\u00f0 g\u00f6gnin okkar falli \u00ed hendur hakkara sem heimta s\u00ed\u00f0an grei\u00f0slu af okkur. \u00dear sem \u00feessar a\u00f0fer\u00f0ir eru au\u00f0vita\u00f0 ekki 100% \u00f6ruggar \u00fe\u00e1 \u00feurfum vi\u00f0 a\u00f0 eiga afrit af g\u00f6gnunum okkar.<\/p>\n<p>&nbsp;<\/p>\n<h2>Afritun og geymsla \u00e1 g\u00f6gnunum okkar.<\/h2>\n<p>&nbsp;<\/p>\n<h4>Sk\u00fdjageymslur.<\/h4>\n<p>Einstaklingar og fyrirt\u00e6ki nota sk\u00fdjageymslur \u00ed auknum m\u00e6li til a\u00f0 geyma g\u00f6gn. OneDrive fr\u00e1 Microsoft og iCloud fr\u00e1 Apple eru miki\u00f0 notu\u00f0 af einstaklingum til geymslu \u00e1 g\u00f6gnum og fyrirt\u00e6ki nota OneDrive \u00ed s\u00edauknum m\u00e6li til geymslu og samn\u00fdtingar \u00e1 g\u00f6gnum. Hafa ber \u00ed huga a\u00f0 \u00fe\u00f3 a\u00f0 sk\u00fdjageymslur s\u00e9u \u00f6flug og tilt\u00f6lulega \u00f6rugg lei\u00f0 til geymslu \u00e1 g\u00f6gnum \u00fe\u00e1 er \u00ed raun ekki um afritun a\u00f0 r\u00e6\u00f0a \u00ed flestum tilvikum. H\u00e6gt er a\u00f0 stilla sk\u00fdjageymslur \u00e1 \u00feann h\u00e1tt a\u00f0 g\u00f6gnin s\u00e9u einungis geymd \u00fear \u00feanga\u00f0 til \u00fe\u00fa \u00fearft a\u00f0 nota \u00feau og \u00fe\u00e1 er ekki v\u00edst a\u00f0 vi\u00f0 s\u00e9um me\u00f0 afrit \u00e1 t\u00f6lvunni.<\/p>\n<h5>Kostir:<\/h5>\n<ul>\n<li>Einf\u00f6ld lei\u00f0 til a\u00f0 geyma g\u00f6gn.<\/li>\n<li>Engin \u00fe\u00f6rf \u00e1 a\u00f0 endurn\u00fdja v\u00e9lb\u00fana\u00f0 reglulega.<\/li>\n<\/ul>\n<h5>Gallar:<\/h5>\n<ul>\n<li>G\u00f6gnin eru oftast a\u00f0eins \u00e1 einum sta\u00f0.<\/li>\n<li>N\u00e1i hakkari t\u00f6kum \u00e1 t\u00f6lvunni \u00feinni n\u00e6r hann l\u00edka t\u00f6kum \u00e1 sk\u00fdinu og g\u00f6gnunum sem eru \u00fear.<\/li>\n<li>Getur o\u00f0i\u00f0 kostna\u00f0arsamt ef magn gagna er miki\u00f0.<\/li>\n<\/ul>\n<h4>Hybrid afritun.<\/h4>\n<p>Hybrid afritun samanstendur af NAS og sk\u00fdjageymslu. Nas (Network attached storage) er \u201ediskast\u00f6\u00f0\u201c sem inniheldur 2 e\u00f0a fleiri gagnadiska sem eru uppsettir me\u00f0 RAID st\u00fdringum. (Raid tryggir gagna\u00f6ryggi fyrir bilunum \u00ed v\u00e9lb\u00fana\u00f0i me\u00f0 \u00e1kve\u00f0num skilyr\u00f0um). G\u00f6gnin eru \u00ed \u00feessu tilviki geymd \u00e1 NAS st\u00f6\u00f0inni og notu\u00f0 og\/e\u00f0a samn\u00fdtt \u00fea\u00f0an yfir innranet \u00e1 heimili e\u00f0a \u00ed fyrirt\u00e6ki. Nas diskast\u00f6\u00f0in er s\u00ed\u00f0an tengd vi\u00f0 sk\u00fdjageymslu \u00feanga\u00f0 sem h\u00fan sendir s\u00edfellt afrit af \u00feeim g\u00f6gnum sem eru \u00e1 NAS diskast\u00f6\u00f0inni.<\/p>\n<h5>Kostir:<\/h5>\n<ul>\n<li>Miki\u00f0 gagna\u00f6ryggi. (Ef 1 gagnadiskur bilar haldast g\u00f6gnin \u00f6rugg). G\u00f6gnin \u00e1 tveimur st\u00f6\u00f0um.<\/li>\n<li>\u00d6flugar a\u00f0gangsst\u00fdringar.<\/li>\n<li>Einfalt \u00ed notkun.<\/li>\n<\/ul>\n<h5>Gallar:<\/h5>\n<ul>\n<li>N\u00e1i hakkari t\u00f6kum \u00e1 t\u00f6lvunni \u00feinni n\u00e6r hann l\u00edka t\u00f6kum \u00e1 sk\u00fdinu.<\/li>\n<li>Endurn\u00fdja \u00fearf v\u00e9lb\u00fa\u00f0an (NAS-diska) \u00e1 nokkurra \u00e1ra fresti en \u00fea\u00f0 hefur \u00e1kve\u00f0inn kostna\u00f0 \u00ed f\u00f6r me\u00f0 s\u00e9r.<\/li>\n<\/ul>\n<h4>Hybrid afritun me\u00f0 afritun yfir \u00e1 flakkara.<\/h4>\n<p>Allt sem gildir um hybrid afritun a\u00f0 vi\u00f0b\u00e6ttri afritun yfir \u00e1 flakkara sem s\u00ed\u00f0an er geymdur \u00e1 \u00f6ruggum sta\u00f0.<\/p>\n<h5>Kostir:<\/h5>\n<ul>\n<li>\u00dearna erum vi\u00f0 me\u00f0 belti og axlarb\u00f6nd. Besta gagna\u00f6ryggi\u00f0.<\/li>\n<li>G\u00f6gnin eru geymd \u00e1 3 st\u00f6\u00f0um \u00fear sem einn sta\u00f0urinn er utan netsambands og \u00feannig ekki \u00e1 f\u00e6ri hakkara a\u00f0 komast yfir hann eftir venjulegum lei\u00f0um.<\/li>\n<\/ul>\n<h5>Gallar:<\/h5>\n<ul>\n<li>Kostna\u00f0arsamt \u00fear sem nau\u00f0synlegt a\u00f0 nota a.m.k. 2 flakkara til afritunar.<\/li>\n<li>Endurn\u00fdja \u00fearf v\u00e9lb\u00fana\u00f0i \u00e1 3-5 \u00e1ra fresti sem hefur aukinn kostna\u00f0 \u00ed f\u00f6r me\u00f0 s\u00e9r.<\/li>\n<\/ul>\n<p>Ni\u00f0ursta\u00f0an er s\u00fa a\u00f0 ef um ver\u00f0m\u00e6t g\u00f6gn er a\u00f0 r\u00e6\u00f0a \u00fe\u00e1 er nau\u00f0synlegt a\u00f0 taka afrit af \u00feeim \u00e1 flakkara og geyma \u00e1 \u00f6ruggum \u00f3nettengdum sta\u00f0. Hvort sem flakkaralei\u00f0in er valin \u00ed samtengingu vi\u00f0 Nas, sk\u00fdjageymslu e\u00f0a hvoru tveggja fer s\u00ed\u00f0an eftir umfangi og kr\u00f6fum um notkun. Hafa ber \u00ed huga a\u00f0 bilanir gera ekki bo\u00f0 \u00e1 undan s\u00e9r og hakkarar geta banka\u00f0 upp \u00e1 \u00feegar s\u00edst skyldi. Hi\u00f0 gamla g\u00f3\u00f0a m\u00e1lt\u00e6ki \u201eekki geyma \u00f6ll eggin \u00ed s\u00f6mu k\u00f6rfunni\u201c \u00e1 vel vi\u00f0 \u00ed \u00feessu sambandi.<\/p>\n<p>[\/et_pb_text][\/et_pb_column][\/et_pb_row][\/et_pb_section]<\/p>\n","protected":false},"excerpt":{"rendered":"<p>Er \u00fe\u00edn t\u00f6lva \u00f6rugg Skiptir v\u00edrusv\u00f6rn m\u00e1li ?Eru v\u00edrusar mesta \u00f6ryggis\u00f3gnin \u00ed dag? \u201e\u00cd gamla daga\u201c herju\u00f0u v\u00edrusar, oft \u00ed formi l\u00e9legra forrita, \u00e1 t\u00f6lvurnar okkar. Aflei\u00f0ingin var oftast s\u00fa a\u00f0 st\u00fdrikerfi t\u00f6lvunnar hrundi. Me\u00f0 \u00f6flug v\u00edrusvarnarforrit \u00e1 t\u00f6lvunni var \u00fe\u00e1 oftast h\u00e6gt a\u00f0 verjast v\u00edrusunum e\u00f0a hreinsa \u00fe\u00e1 \u00fat af t\u00f6lvunni. T\u00edmarnir breytast og [&hellip;]<\/p>\n","protected":false},"author":1,"featured_media":0,"parent":0,"menu_order":0,"comment_status":"closed","ping_status":"closed","template":"","meta":{"_et_pb_use_builder":"on","_et_pb_old_content":"","_et_gb_content_width":"","footnotes":""},"class_list":["post-1017","page","type-page","status-publish","hentry"],"yoast_head":"<!-- This site is optimized with the Yoast SEO plugin v27.4 - https:\/\/yoast.com\/product\/yoast-seo-wordpress\/ -->\n<title>Er \u00fe\u00edn t\u00f6lva \u00f6rugg - Tolvuland.is<\/title>\n<meta name=\"robots\" content=\"index, follow, max-snippet:-1, max-image-preview:large, max-video-preview:-1\" \/>\n<link rel=\"canonical\" href=\"https:\/\/tolvuland.is\/en\/er-thin-tolva-orugg\/\" \/>\n<meta property=\"og:locale\" content=\"en_US\" \/>\n<meta property=\"og:type\" content=\"article\" \/>\n<meta property=\"og:title\" content=\"Er \u00fe\u00edn t\u00f6lva \u00f6rugg - Tolvuland.is\" \/>\n<meta property=\"og:description\" content=\"Er \u00fe\u00edn t\u00f6lva \u00f6rugg Skiptir v\u00edrusv\u00f6rn m\u00e1li ?Eru v\u00edrusar mesta \u00f6ryggis\u00f3gnin \u00ed dag? \u201e\u00cd gamla daga\u201c herju\u00f0u v\u00edrusar, oft \u00ed formi l\u00e9legra forrita, \u00e1 t\u00f6lvurnar okkar. Aflei\u00f0ingin var oftast s\u00fa a\u00f0 st\u00fdrikerfi t\u00f6lvunnar hrundi. Me\u00f0 \u00f6flug v\u00edrusvarnarforrit \u00e1 t\u00f6lvunni var \u00fe\u00e1 oftast h\u00e6gt a\u00f0 verjast v\u00edrusunum e\u00f0a hreinsa \u00fe\u00e1 \u00fat af t\u00f6lvunni. T\u00edmarnir breytast og [&hellip;]\" \/>\n<meta property=\"og:url\" content=\"https:\/\/tolvuland.is\/en\/er-thin-tolva-orugg\/\" \/>\n<meta property=\"og:site_name\" content=\"Tolvuland.is\" \/>\n<meta property=\"article:publisher\" content=\"https:\/\/www.facebook.com\/TolvulandEhf\/\" \/>\n<meta property=\"article:modified_time\" content=\"2025-04-25T12:49:48+00:00\" \/>\n<meta name=\"twitter:card\" content=\"summary_large_image\" \/>\n<meta name=\"twitter:label1\" content=\"Est. reading time\" \/>\n\t<meta name=\"twitter:data1\" content=\"4 minutes\" \/>\n<script type=\"application\/ld+json\" class=\"yoast-schema-graph\">{\"@context\":\"https:\\\/\\\/schema.org\",\"@graph\":[{\"@type\":\"WebPage\",\"@id\":\"https:\\\/\\\/tolvuland.is\\\/er-thin-tolva-orugg\\\/\",\"url\":\"https:\\\/\\\/tolvuland.is\\\/er-thin-tolva-orugg\\\/\",\"name\":\"Er \u00fe\u00edn t\u00f6lva \u00f6rugg - Tolvuland.is\",\"isPartOf\":{\"@id\":\"https:\\\/\\\/tolvuland.is\\\/#website\"},\"datePublished\":\"2020-02-21T18:20:34+00:00\",\"dateModified\":\"2025-04-25T12:49:48+00:00\",\"breadcrumb\":{\"@id\":\"https:\\\/\\\/tolvuland.is\\\/er-thin-tolva-orugg\\\/#breadcrumb\"},\"inLanguage\":\"en-US\",\"potentialAction\":[{\"@type\":\"ReadAction\",\"target\":[\"https:\\\/\\\/tolvuland.is\\\/er-thin-tolva-orugg\\\/\"]}]},{\"@type\":\"BreadcrumbList\",\"@id\":\"https:\\\/\\\/tolvuland.is\\\/er-thin-tolva-orugg\\\/#breadcrumb\",\"itemListElement\":[{\"@type\":\"ListItem\",\"position\":1,\"name\":\"Home\",\"item\":\"https:\\\/\\\/tolvuland.is\\\/\"},{\"@type\":\"ListItem\",\"position\":2,\"name\":\"Er \u00fe\u00edn t\u00f6lva \u00f6rugg\"}]},{\"@type\":\"WebSite\",\"@id\":\"https:\\\/\\\/tolvuland.is\\\/#website\",\"url\":\"https:\\\/\\\/tolvuland.is\\\/\",\"name\":\"Tolvuland.is\",\"description\":\"Apple og PC t\u00f6lvuvi\u00f0ger\u00f0ir\",\"publisher\":{\"@id\":\"https:\\\/\\\/tolvuland.is\\\/#organization\"},\"potentialAction\":[{\"@type\":\"SearchAction\",\"target\":{\"@type\":\"EntryPoint\",\"urlTemplate\":\"https:\\\/\\\/tolvuland.is\\\/?s={search_term_string}\"},\"query-input\":{\"@type\":\"PropertyValueSpecification\",\"valueRequired\":true,\"valueName\":\"search_term_string\"}}],\"inLanguage\":\"en-US\"},{\"@type\":\"Organization\",\"@id\":\"https:\\\/\\\/tolvuland.is\\\/#organization\",\"name\":\"Tolvuland ehf\",\"url\":\"https:\\\/\\\/tolvuland.is\\\/\",\"logo\":{\"@type\":\"ImageObject\",\"inLanguage\":\"en-US\",\"@id\":\"https:\\\/\\\/tolvuland.is\\\/#\\\/schema\\\/logo\\\/image\\\/\",\"url\":\"https:\\\/\\\/tolvuland.is\\\/wp-content\\\/uploads\\\/2020\\\/02\\\/tl-logo-png-1.png\",\"contentUrl\":\"https:\\\/\\\/tolvuland.is\\\/wp-content\\\/uploads\\\/2020\\\/02\\\/tl-logo-png-1.png\",\"width\":240,\"height\":43,\"caption\":\"Tolvuland ehf\"},\"image\":{\"@id\":\"https:\\\/\\\/tolvuland.is\\\/#\\\/schema\\\/logo\\\/image\\\/\"},\"sameAs\":[\"https:\\\/\\\/www.facebook.com\\\/TolvulandEhf\\\/\"]}]}<\/script>\n<!-- \/ Yoast SEO plugin. -->","yoast_head_json":{"title":"Er \u00fe\u00edn t\u00f6lva \u00f6rugg - Tolvuland.is","robots":{"index":"index","follow":"follow","max-snippet":"max-snippet:-1","max-image-preview":"max-image-preview:large","max-video-preview":"max-video-preview:-1"},"canonical":"https:\/\/tolvuland.is\/en\/er-thin-tolva-orugg\/","og_locale":"en_US","og_type":"article","og_title":"Er \u00fe\u00edn t\u00f6lva \u00f6rugg - Tolvuland.is","og_description":"Er \u00fe\u00edn t\u00f6lva \u00f6rugg Skiptir v\u00edrusv\u00f6rn m\u00e1li ?Eru v\u00edrusar mesta \u00f6ryggis\u00f3gnin \u00ed dag? \u201e\u00cd gamla daga\u201c herju\u00f0u v\u00edrusar, oft \u00ed formi l\u00e9legra forrita, \u00e1 t\u00f6lvurnar okkar. Aflei\u00f0ingin var oftast s\u00fa a\u00f0 st\u00fdrikerfi t\u00f6lvunnar hrundi. Me\u00f0 \u00f6flug v\u00edrusvarnarforrit \u00e1 t\u00f6lvunni var \u00fe\u00e1 oftast h\u00e6gt a\u00f0 verjast v\u00edrusunum e\u00f0a hreinsa \u00fe\u00e1 \u00fat af t\u00f6lvunni. T\u00edmarnir breytast og [&hellip;]","og_url":"https:\/\/tolvuland.is\/en\/er-thin-tolva-orugg\/","og_site_name":"Tolvuland.is","article_publisher":"https:\/\/www.facebook.com\/TolvulandEhf\/","article_modified_time":"2025-04-25T12:49:48+00:00","twitter_card":"summary_large_image","twitter_misc":{"Est. reading time":"4 minutes"},"schema":{"@context":"https:\/\/schema.org","@graph":[{"@type":"WebPage","@id":"https:\/\/tolvuland.is\/er-thin-tolva-orugg\/","url":"https:\/\/tolvuland.is\/er-thin-tolva-orugg\/","name":"Er \u00fe\u00edn t\u00f6lva \u00f6rugg - Tolvuland.is","isPartOf":{"@id":"https:\/\/tolvuland.is\/#website"},"datePublished":"2020-02-21T18:20:34+00:00","dateModified":"2025-04-25T12:49:48+00:00","breadcrumb":{"@id":"https:\/\/tolvuland.is\/er-thin-tolva-orugg\/#breadcrumb"},"inLanguage":"en-US","potentialAction":[{"@type":"ReadAction","target":["https:\/\/tolvuland.is\/er-thin-tolva-orugg\/"]}]},{"@type":"BreadcrumbList","@id":"https:\/\/tolvuland.is\/er-thin-tolva-orugg\/#breadcrumb","itemListElement":[{"@type":"ListItem","position":1,"name":"Home","item":"https:\/\/tolvuland.is\/"},{"@type":"ListItem","position":2,"name":"Er \u00fe\u00edn t\u00f6lva \u00f6rugg"}]},{"@type":"WebSite","@id":"https:\/\/tolvuland.is\/#website","url":"https:\/\/tolvuland.is\/","name":"Tolvuland.is","description":"Apple og PC t\u00f6lvuvi\u00f0ger\u00f0ir","publisher":{"@id":"https:\/\/tolvuland.is\/#organization"},"potentialAction":[{"@type":"SearchAction","target":{"@type":"EntryPoint","urlTemplate":"https:\/\/tolvuland.is\/?s={search_term_string}"},"query-input":{"@type":"PropertyValueSpecification","valueRequired":true,"valueName":"search_term_string"}}],"inLanguage":"en-US"},{"@type":"Organization","@id":"https:\/\/tolvuland.is\/#organization","name":"Tolvuland ehf","url":"https:\/\/tolvuland.is\/","logo":{"@type":"ImageObject","inLanguage":"en-US","@id":"https:\/\/tolvuland.is\/#\/schema\/logo\/image\/","url":"https:\/\/tolvuland.is\/wp-content\/uploads\/2020\/02\/tl-logo-png-1.png","contentUrl":"https:\/\/tolvuland.is\/wp-content\/uploads\/2020\/02\/tl-logo-png-1.png","width":240,"height":43,"caption":"Tolvuland ehf"},"image":{"@id":"https:\/\/tolvuland.is\/#\/schema\/logo\/image\/"},"sameAs":["https:\/\/www.facebook.com\/TolvulandEhf\/"]}]}},"_links":{"self":[{"href":"https:\/\/tolvuland.is\/en\/wp-json\/wp\/v2\/pages\/1017","targetHints":{"allow":["GET"]}}],"collection":[{"href":"https:\/\/tolvuland.is\/en\/wp-json\/wp\/v2\/pages"}],"about":[{"href":"https:\/\/tolvuland.is\/en\/wp-json\/wp\/v2\/types\/page"}],"author":[{"embeddable":true,"href":"https:\/\/tolvuland.is\/en\/wp-json\/wp\/v2\/users\/1"}],"replies":[{"embeddable":true,"href":"https:\/\/tolvuland.is\/en\/wp-json\/wp\/v2\/comments?post=1017"}],"version-history":[{"count":23,"href":"https:\/\/tolvuland.is\/en\/wp-json\/wp\/v2\/pages\/1017\/revisions"}],"predecessor-version":[{"id":4621,"href":"https:\/\/tolvuland.is\/en\/wp-json\/wp\/v2\/pages\/1017\/revisions\/4621"}],"wp:attachment":[{"href":"https:\/\/tolvuland.is\/en\/wp-json\/wp\/v2\/media?parent=1017"}],"curies":[{"name":"wp","href":"https:\/\/api.w.org\/{rel}","templated":true}]}}